{"id":8885,"date":"2023-05-06T21:38:10","date_gmt":"2023-05-07T00:38:10","guid":{"rendered":"https:\/\/abelfigueiredo.pa.gov.br\/site\/\/?page_id=8885"},"modified":"2023-06-23T14:59:36","modified_gmt":"2023-06-23T17:59:36","slug":"pesquisas-de-satisfacao","status":"publish","type":"page","link":"https:\/\/abelfigueiredo.pa.gov.br\/site\/portal-da-transparencia\/pesquisas-de-satisfacao\/","title":{"rendered":"Pesquisas de Satisfa\u00e7\u00e3o dos Servi\u00e7os"},"content":{"rendered":"<h2>Relat\u00f3rios de resultado das pesquisas de satisfa\u00e7\u00e3o<\/h2>\n<ul>\n<li>2022: N\u00e3o foram realizadas pesquisas de satisfa\u00e7\u00e3o dos servi\u00e7os durante o referido ano.<\/li>\n<li>2021: N\u00e3o foram realizadas pesquisas de satisfa\u00e7\u00e3o dos servi\u00e7os durante o referido ano.<\/li>\n<li>2020: N\u00e3o foram realizadas pesquisas de satisfa\u00e7\u00e3o dos servi\u00e7os durante o referido ano.<\/li>\n<\/ul>\n<h2>Pesquisas de satisfa\u00e7\u00e3o 2023<\/h2>\n<div class=\"su-row\"><div class=\"su-column su-column-size-1-3\"><div class=\"su-column-inner su-u-clearfix su-u-trim\"><div id=\"polls-2\" class=\"wp-polls\">\n\t<form id=\"polls_form_2\" class=\"wp-polls-form\" action=\"\/site\/index.php\" method=\"post\">\n\t\t<p style=\"display: none;\"><input type=\"hidden\" id=\"poll_2_nonce\" name=\"wp-polls-nonce\" value=\"c45d5a55e5\" \/><\/p>\n\t\t<p style=\"display: none;\"><input type=\"hidden\" name=\"poll_id\" value=\"2\" \/><\/p>\n\t\t<p style=\"text-align: center;\"><strong>Qual seu n\u00edvel de satisfa\u00e7\u00e3o com o nosso servi\u00e7o de Ouvidoria?<\/strong><\/p><div id=\"polls-2-ans\" class=\"wp-polls-ans\"><ul class=\"wp-polls-ul\">\n\t\t<li><input type=\"radio\" id=\"poll-answer-6\" name=\"poll_2\" value=\"6\" \/> <label for=\"poll-answer-6\">Alto<\/label><\/li>\n\t\t<li><input type=\"radio\" id=\"poll-answer-7\" name=\"poll_2\" value=\"7\" \/> <label for=\"poll-answer-7\">M\u00e9dio<\/label><\/li>\n\t\t<li><input type=\"radio\" id=\"poll-answer-8\" name=\"poll_2\" value=\"8\" \/> <label for=\"poll-answer-8\">Baixo<\/label><\/li>\n\t\t<\/ul><p style=\"text-align: center;\"><input type=\"button\" name=\"vote\" value=\"   Voto   \" class=\"Buttons\" onclick=\"poll_vote(2);\" \/><\/p><p style=\"text-align: center;\"><a href=\"#ViewPollResults\" onclick=\"poll_result(2); return false;\" title=\"Veja resultados desta pesquisa\">Ver resultados<\/a><\/p><\/div>\n\t<\/form>\n<\/div>\n<div id=\"polls-2-loading\" class=\"wp-polls-loading\"><img loading=\"lazy\" decoding=\"async\" src=\"https:\/\/abelfigueiredo.pa.gov.br\/site\/wp-content\/plugins\/wp-polls\/images\/loading.gif\" width=\"16\" height=\"16\" alt=\"Carregando ...\" title=\"Carregando ...\" class=\"wp-polls-image\" \/>&nbsp;Carregando ...<\/div>\n<\/div><\/div> <div class=\"su-column su-column-size-1-3\"><div class=\"su-column-inner su-u-clearfix su-u-trim\"><div id=\"polls-3\" class=\"wp-polls\">\n\t<form id=\"polls_form_3\" class=\"wp-polls-form\" action=\"\/site\/index.php\" method=\"post\">\n\t\t<p style=\"display: none;\"><input type=\"hidden\" id=\"poll_3_nonce\" name=\"wp-polls-nonce\" value=\"41d7677648\" \/><\/p>\n\t\t<p style=\"display: none;\"><input type=\"hidden\" name=\"poll_id\" value=\"3\" \/><\/p>\n\t\t<p style=\"text-align: center;\"><strong>Qual seu n\u00edvel de satisfa\u00e7\u00e3o com os nossos servi\u00e7os de Sa\u00fade?<\/strong><\/p><div id=\"polls-3-ans\" class=\"wp-polls-ans\"><ul class=\"wp-polls-ul\">\n\t\t<li><input type=\"radio\" id=\"poll-answer-9\" name=\"poll_3\" value=\"9\" \/> <label for=\"poll-answer-9\">Alto<\/label><\/li>\n\t\t<li><input type=\"radio\" id=\"poll-answer-10\" name=\"poll_3\" value=\"10\" \/> <label for=\"poll-answer-10\">M\u00e9dio<\/label><\/li>\n\t\t<li><input type=\"radio\" id=\"poll-answer-11\" name=\"poll_3\" value=\"11\" \/> <label for=\"poll-answer-11\">Baixo<\/label><\/li>\n\t\t<\/ul><p style=\"text-align: center;\"><input type=\"button\" name=\"vote\" value=\"   Voto   \" class=\"Buttons\" onclick=\"poll_vote(3);\" \/><\/p><p style=\"text-align: center;\"><a href=\"#ViewPollResults\" onclick=\"poll_result(3); return false;\" title=\"Veja resultados desta pesquisa\">Ver resultados<\/a><\/p><\/div>\n\t<\/form>\n<\/div>\n<div id=\"polls-3-loading\" class=\"wp-polls-loading\"><img loading=\"lazy\" decoding=\"async\" src=\"https:\/\/abelfigueiredo.pa.gov.br\/site\/wp-content\/plugins\/wp-polls\/images\/loading.gif\" width=\"16\" height=\"16\" alt=\"Carregando ...\" title=\"Carregando ...\" class=\"wp-polls-image\" \/>&nbsp;Carregando ...<\/div>\n<\/div><\/div> <div class=\"su-column su-column-size-1-3\"><div class=\"su-column-inner su-u-clearfix su-u-trim\"><div id=\"polls-4\" class=\"wp-polls\">\n\t<form id=\"polls_form_4\" class=\"wp-polls-form\" action=\"\/site\/index.php\" method=\"post\">\n\t\t<p style=\"display: none;\"><input type=\"hidden\" id=\"poll_4_nonce\" name=\"wp-polls-nonce\" value=\"5269b78ceb\" \/><\/p>\n\t\t<p style=\"display: none;\"><input type=\"hidden\" name=\"poll_id\" value=\"4\" \/><\/p>\n\t\t<p style=\"text-align: center;\"><strong>Qual seu n\u00edvel de satisfa\u00e7\u00e3o com os nossos servi\u00e7os de Educa\u00e7\u00e3o?<\/strong><\/p><div id=\"polls-4-ans\" class=\"wp-polls-ans\"><ul class=\"wp-polls-ul\">\n\t\t<li><input type=\"radio\" id=\"poll-answer-12\" name=\"poll_4\" value=\"12\" \/> <label for=\"poll-answer-12\">Alto<\/label><\/li>\n\t\t<li><input type=\"radio\" id=\"poll-answer-13\" name=\"poll_4\" value=\"13\" \/> <label for=\"poll-answer-13\">M\u00e9dio<\/label><\/li>\n\t\t<li><input type=\"radio\" id=\"poll-answer-14\" name=\"poll_4\" value=\"14\" \/> <label for=\"poll-answer-14\">Baixo<\/label><\/li>\n\t\t<\/ul><p style=\"text-align: center;\"><input type=\"button\" name=\"vote\" value=\"   Voto   \" class=\"Buttons\" onclick=\"poll_vote(4);\" \/><\/p><p style=\"text-align: center;\"><a href=\"#ViewPollResults\" onclick=\"poll_result(4); return false;\" title=\"Veja resultados desta pesquisa\">Ver resultados<\/a><\/p><\/div>\n\t<\/form>\n<\/div>\n<div id=\"polls-4-loading\" class=\"wp-polls-loading\"><img loading=\"lazy\" decoding=\"async\" src=\"https:\/\/abelfigueiredo.pa.gov.br\/site\/wp-content\/plugins\/wp-polls\/images\/loading.gif\" width=\"16\" height=\"16\" alt=\"Carregando ...\" title=\"Carregando ...\" class=\"wp-polls-image\" \/>&nbsp;Carregando ...<\/div>\n<\/div><\/div><\/div>\n<div class=\"su-row\"><div class=\"su-column su-column-size-1-3\"><div class=\"su-column-inner su-u-clearfix su-u-trim\"><div id=\"polls-5\" class=\"wp-polls\">\n\t<form id=\"polls_form_5\" class=\"wp-polls-form\" action=\"\/site\/index.php\" method=\"post\">\n\t\t<p style=\"display: none;\"><input type=\"hidden\" id=\"poll_5_nonce\" name=\"wp-polls-nonce\" value=\"442d417c47\" \/><\/p>\n\t\t<p style=\"display: none;\"><input type=\"hidden\" name=\"poll_id\" value=\"5\" \/><\/p>\n\t\t<p style=\"text-align: center;\"><strong>Qual seu n\u00edvel de satisfa\u00e7\u00e3o com os nossos servi\u00e7os de Assist\u00eancia Social?<\/strong><\/p><div id=\"polls-5-ans\" class=\"wp-polls-ans\"><ul class=\"wp-polls-ul\">\n\t\t<li><input type=\"radio\" id=\"poll-answer-15\" name=\"poll_5\" value=\"15\" \/> <label for=\"poll-answer-15\">Alto<\/label><\/li>\n\t\t<li><input type=\"radio\" id=\"poll-answer-16\" name=\"poll_5\" value=\"16\" \/> <label for=\"poll-answer-16\">M\u00e9dio<\/label><\/li>\n\t\t<li><input type=\"radio\" id=\"poll-answer-17\" name=\"poll_5\" value=\"17\" \/> <label for=\"poll-answer-17\">Baixo<\/label><\/li>\n\t\t<\/ul><p style=\"text-align: center;\"><input type=\"button\" name=\"vote\" value=\"   Voto   \" class=\"Buttons\" onclick=\"poll_vote(5);\" \/><\/p><p style=\"text-align: center;\"><a href=\"#ViewPollResults\" onclick=\"poll_result(5); return false;\" title=\"Veja resultados desta pesquisa\">Ver resultados<\/a><\/p><\/div>\n\t<\/form>\n<\/div>\n<div id=\"polls-5-loading\" class=\"wp-polls-loading\"><img loading=\"lazy\" decoding=\"async\" src=\"https:\/\/abelfigueiredo.pa.gov.br\/site\/wp-content\/plugins\/wp-polls\/images\/loading.gif\" width=\"16\" height=\"16\" alt=\"Carregando ...\" title=\"Carregando ...\" class=\"wp-polls-image\" \/>&nbsp;Carregando ...<\/div>\n<\/div><\/div> <div class=\"su-column su-column-size-1-3\"><div class=\"su-column-inner su-u-clearfix su-u-trim\"><div id=\"polls-6\" class=\"wp-polls\">\n\t<form id=\"polls_form_6\" class=\"wp-polls-form\" action=\"\/site\/index.php\" method=\"post\">\n\t\t<p style=\"display: none;\"><input type=\"hidden\" id=\"poll_6_nonce\" name=\"wp-polls-nonce\" value=\"d19da25c39\" \/><\/p>\n\t\t<p style=\"display: none;\"><input type=\"hidden\" name=\"poll_id\" value=\"6\" \/><\/p>\n\t\t<p style=\"text-align: center;\"><strong>Qual seu n\u00edvel de satisfa\u00e7\u00e3o com os nossos servi\u00e7os de Ilumina\u00e7\u00e3o P\u00fablica?<\/strong><\/p><div id=\"polls-6-ans\" class=\"wp-polls-ans\"><ul class=\"wp-polls-ul\">\n\t\t<li><input type=\"radio\" id=\"poll-answer-23\" name=\"poll_6\" value=\"23\" \/> <label for=\"poll-answer-23\">Alto<\/label><\/li>\n\t\t<li><input type=\"radio\" id=\"poll-answer-24\" name=\"poll_6\" value=\"24\" \/> <label for=\"poll-answer-24\">M\u00e9dio<\/label><\/li>\n\t\t<li><input type=\"radio\" id=\"poll-answer-25\" name=\"poll_6\" value=\"25\" \/> <label for=\"poll-answer-25\">Baixo<\/label><\/li>\n\t\t<\/ul><p style=\"text-align: center;\"><input type=\"button\" name=\"vote\" value=\"   Voto   \" class=\"Buttons\" onclick=\"poll_vote(6);\" \/><\/p><p style=\"text-align: center;\"><a href=\"#ViewPollResults\" onclick=\"poll_result(6); return false;\" title=\"Veja resultados desta pesquisa\">Ver resultados<\/a><\/p><\/div>\n\t<\/form>\n<\/div>\n<div id=\"polls-6-loading\" class=\"wp-polls-loading\"><img loading=\"lazy\" decoding=\"async\" src=\"https:\/\/abelfigueiredo.pa.gov.br\/site\/wp-content\/plugins\/wp-polls\/images\/loading.gif\" width=\"16\" height=\"16\" alt=\"Carregando ...\" title=\"Carregando ...\" class=\"wp-polls-image\" \/>&nbsp;Carregando ...<\/div>\n<\/div><\/div> <div class=\"su-column su-column-size-1-3\"><div class=\"su-column-inner su-u-clearfix su-u-trim\"><div id=\"polls-7\" class=\"wp-polls\">\n\t<form id=\"polls_form_7\" class=\"wp-polls-form\" action=\"\/site\/index.php\" method=\"post\">\n\t\t<p style=\"display: none;\"><input type=\"hidden\" id=\"poll_7_nonce\" name=\"wp-polls-nonce\" value=\"6ad5534d7e\" \/><\/p>\n\t\t<p style=\"display: none;\"><input type=\"hidden\" name=\"poll_id\" value=\"7\" \/><\/p>\n\t\t<p style=\"text-align: center;\"><strong>Qual seu n\u00edvel de satisfa\u00e7\u00e3o com os nossos servi\u00e7os de Coleta de Lixo?<\/strong><\/p><div id=\"polls-7-ans\" class=\"wp-polls-ans\"><ul class=\"wp-polls-ul\">\n\t\t<li><input type=\"radio\" id=\"poll-answer-18\" name=\"poll_7\" value=\"18\" \/> <label for=\"poll-answer-18\">Alto<\/label><\/li>\n\t\t<li><input type=\"radio\" id=\"poll-answer-19\" name=\"poll_7\" value=\"19\" \/> <label for=\"poll-answer-19\">M\u00e9dio<\/label><\/li>\n\t\t<li><input type=\"radio\" id=\"poll-answer-20\" name=\"poll_7\" value=\"20\" \/> <label for=\"poll-answer-20\">Baixo<\/label><\/li>\n\t\t<\/ul><p style=\"text-align: center;\"><input type=\"button\" name=\"vote\" value=\"   Voto   \" class=\"Buttons\" onclick=\"poll_vote(7);\" \/><\/p><p style=\"text-align: center;\"><a href=\"#ViewPollResults\" onclick=\"poll_result(7); return false;\" title=\"Veja resultados desta pesquisa\">Ver resultados<\/a><\/p><\/div>\n\t<\/form>\n<\/div>\n<div id=\"polls-7-loading\" class=\"wp-polls-loading\"><img loading=\"lazy\" decoding=\"async\" src=\"https:\/\/abelfigueiredo.pa.gov.br\/site\/wp-content\/plugins\/wp-polls\/images\/loading.gif\" width=\"16\" height=\"16\" alt=\"Carregando ...\" title=\"Carregando ...\" class=\"wp-polls-image\" \/>&nbsp;Carregando ...<\/div>\n<\/div><\/div><\/div>\n","protected":false},"excerpt":{"rendered":"<p>Relat\u00f3rios de resultado das pesquisas de satisfa\u00e7\u00e3o 2022: N\u00e3o foram realizadas pesquisas de satisfa\u00e7\u00e3o dos servi\u00e7os durante o referido ano. 2021: N\u00e3o foram realizadas pesquisas de satisfa\u00e7\u00e3o dos servi\u00e7os durante o referido ano. 2020: N\u00e3o foram realizadas pesquisas de satisfa\u00e7\u00e3o dos servi\u00e7os durante o referido ano. Pesquisas de satisfa\u00e7\u00e3o 2023<\/p>\n","protected":false},"author":1,"featured_media":0,"parent":1862,"menu_order":0,"comment_status":"closed","ping_status":"closed","template":"","meta":{"footnotes":""},"class_list":["post-8885","page","type-page","status-publish"],"yoast_head":"<!-- This site is optimized with the Yoast SEO plugin v26.6 - https:\/\/yoast.com\/wordpress\/plugins\/seo\/ -->\n<title>Pesquisas de Satisfa\u00e7\u00e3o dos Servi\u00e7os - Prefeitura Municipal de Abel Figueiredo | Gest\u00e3o 2025-2028<\/title>\n<meta name=\"robots\" content=\"index, follow, max-snippet:-1, max-image-preview:large, max-video-preview:-1\" \/>\n<link rel=\"canonical\" href=\"https:\/\/abelfigueiredo.pa.gov.br\/site\/portal-da-transparencia\/pesquisas-de-satisfacao\/\" \/>\n<meta property=\"og:locale\" content=\"pt_BR\" \/>\n<meta property=\"og:type\" content=\"article\" \/>\n<meta property=\"og:title\" content=\"Pesquisas de Satisfa\u00e7\u00e3o dos Servi\u00e7os - Prefeitura Municipal de Abel Figueiredo | Gest\u00e3o 2025-2028\" \/>\n<meta property=\"og:description\" content=\"Relat\u00f3rios de resultado das pesquisas de satisfa\u00e7\u00e3o 2022: N\u00e3o foram realizadas pesquisas de satisfa\u00e7\u00e3o dos servi\u00e7os durante o referido ano. 2021: N\u00e3o foram realizadas pesquisas de satisfa\u00e7\u00e3o dos servi\u00e7os durante o referido ano. 2020: N\u00e3o foram realizadas pesquisas de satisfa\u00e7\u00e3o dos servi\u00e7os durante o referido ano. Pesquisas de satisfa\u00e7\u00e3o 2023\" \/>\n<meta property=\"og:url\" content=\"https:\/\/abelfigueiredo.pa.gov.br\/site\/portal-da-transparencia\/pesquisas-de-satisfacao\/\" \/>\n<meta property=\"og:site_name\" content=\"Prefeitura Municipal de Abel Figueiredo | Gest\u00e3o 2025-2028\" \/>\n<meta property=\"article:modified_time\" content=\"2023-06-23T17:59:36+00:00\" \/>\n<meta name=\"twitter:label1\" content=\"Est. tempo de leitura\" \/>\n\t<meta name=\"twitter:data1\" content=\"1 minuto\" \/>\n<script type=\"application\/ld+json\" class=\"yoast-schema-graph\">{\"@context\":\"https:\/\/schema.org\",\"@graph\":[{\"@type\":\"WebPage\",\"@id\":\"https:\/\/abelfigueiredo.pa.gov.br\/site\/portal-da-transparencia\/pesquisas-de-satisfacao\/\",\"url\":\"https:\/\/abelfigueiredo.pa.gov.br\/site\/portal-da-transparencia\/pesquisas-de-satisfacao\/\",\"name\":\"Pesquisas de Satisfa\u00e7\u00e3o dos Servi\u00e7os - Prefeitura Municipal de Abel Figueiredo | Gest\u00e3o 2025-2028\",\"isPartOf\":{\"@id\":\"https:\/\/abelfigueiredo.pa.gov.br\/site\/#website\"},\"datePublished\":\"2023-05-07T00:38:10+00:00\",\"dateModified\":\"2023-06-23T17:59:36+00:00\",\"breadcrumb\":{\"@id\":\"https:\/\/abelfigueiredo.pa.gov.br\/site\/portal-da-transparencia\/pesquisas-de-satisfacao\/#breadcrumb\"},\"inLanguage\":\"pt-BR\",\"potentialAction\":[{\"@type\":\"ReadAction\",\"target\":[\"https:\/\/abelfigueiredo.pa.gov.br\/site\/portal-da-transparencia\/pesquisas-de-satisfacao\/\"]}]},{\"@type\":\"BreadcrumbList\",\"@id\":\"https:\/\/abelfigueiredo.pa.gov.br\/site\/portal-da-transparencia\/pesquisas-de-satisfacao\/#breadcrumb\",\"itemListElement\":[{\"@type\":\"ListItem\",\"position\":1,\"name\":\"Portal da Transpar\u00eancia\",\"item\":\"https:\/\/abelfigueiredo.pa.gov.br\/site\/portal-da-transparencia\/\"},{\"@type\":\"ListItem\",\"position\":2,\"name\":\"Pesquisas de Satisfa\u00e7\u00e3o dos Servi\u00e7os\"}]},{\"@type\":\"WebSite\",\"@id\":\"https:\/\/abelfigueiredo.pa.gov.br\/site\/#website\",\"url\":\"https:\/\/abelfigueiredo.pa.gov.br\/site\/\",\"name\":\"Prefeitura Municipal de Abel Figueiredo | Gest\u00e3o 2025-2028\",\"description\":\"Site oficial da Prefeitura Municipal de Abel Figueiredo\",\"potentialAction\":[{\"@type\":\"SearchAction\",\"target\":{\"@type\":\"EntryPoint\",\"urlTemplate\":\"https:\/\/abelfigueiredo.pa.gov.br\/site\/?s={search_term_string}\"},\"query-input\":{\"@type\":\"PropertyValueSpecification\",\"valueRequired\":true,\"valueName\":\"search_term_string\"}}],\"inLanguage\":\"pt-BR\"}]}<\/script>\n<!-- \/ Yoast SEO plugin. -->","yoast_head_json":{"title":"Pesquisas de Satisfa\u00e7\u00e3o dos Servi\u00e7os - Prefeitura Municipal de Abel Figueiredo | Gest\u00e3o 2025-2028","robots":{"index":"index","follow":"follow","max-snippet":"max-snippet:-1","max-image-preview":"max-image-preview:large","max-video-preview":"max-video-preview:-1"},"canonical":"https:\/\/abelfigueiredo.pa.gov.br\/site\/portal-da-transparencia\/pesquisas-de-satisfacao\/","og_locale":"pt_BR","og_type":"article","og_title":"Pesquisas de Satisfa\u00e7\u00e3o dos Servi\u00e7os - Prefeitura Municipal de Abel Figueiredo | Gest\u00e3o 2025-2028","og_description":"Relat\u00f3rios de resultado das pesquisas de satisfa\u00e7\u00e3o 2022: N\u00e3o foram realizadas pesquisas de satisfa\u00e7\u00e3o dos servi\u00e7os durante o referido ano. 2021: N\u00e3o foram realizadas pesquisas de satisfa\u00e7\u00e3o dos servi\u00e7os durante o referido ano. 2020: N\u00e3o foram realizadas pesquisas de satisfa\u00e7\u00e3o dos servi\u00e7os durante o referido ano. Pesquisas de satisfa\u00e7\u00e3o 2023","og_url":"https:\/\/abelfigueiredo.pa.gov.br\/site\/portal-da-transparencia\/pesquisas-de-satisfacao\/","og_site_name":"Prefeitura Municipal de Abel Figueiredo | Gest\u00e3o 2025-2028","article_modified_time":"2023-06-23T17:59:36+00:00","twitter_misc":{"Est. tempo de leitura":"1 minuto"},"schema":{"@context":"https:\/\/schema.org","@graph":[{"@type":"WebPage","@id":"https:\/\/abelfigueiredo.pa.gov.br\/site\/portal-da-transparencia\/pesquisas-de-satisfacao\/","url":"https:\/\/abelfigueiredo.pa.gov.br\/site\/portal-da-transparencia\/pesquisas-de-satisfacao\/","name":"Pesquisas de Satisfa\u00e7\u00e3o dos Servi\u00e7os - Prefeitura Municipal de Abel Figueiredo | Gest\u00e3o 2025-2028","isPartOf":{"@id":"https:\/\/abelfigueiredo.pa.gov.br\/site\/#website"},"datePublished":"2023-05-07T00:38:10+00:00","dateModified":"2023-06-23T17:59:36+00:00","breadcrumb":{"@id":"https:\/\/abelfigueiredo.pa.gov.br\/site\/portal-da-transparencia\/pesquisas-de-satisfacao\/#breadcrumb"},"inLanguage":"pt-BR","potentialAction":[{"@type":"ReadAction","target":["https:\/\/abelfigueiredo.pa.gov.br\/site\/portal-da-transparencia\/pesquisas-de-satisfacao\/"]}]},{"@type":"BreadcrumbList","@id":"https:\/\/abelfigueiredo.pa.gov.br\/site\/portal-da-transparencia\/pesquisas-de-satisfacao\/#breadcrumb","itemListElement":[{"@type":"ListItem","position":1,"name":"Portal da Transpar\u00eancia","item":"https:\/\/abelfigueiredo.pa.gov.br\/site\/portal-da-transparencia\/"},{"@type":"ListItem","position":2,"name":"Pesquisas de Satisfa\u00e7\u00e3o dos Servi\u00e7os"}]},{"@type":"WebSite","@id":"https:\/\/abelfigueiredo.pa.gov.br\/site\/#website","url":"https:\/\/abelfigueiredo.pa.gov.br\/site\/","name":"Prefeitura Municipal de Abel Figueiredo | Gest\u00e3o 2025-2028","description":"Site oficial da Prefeitura Municipal de Abel Figueiredo","potentialAction":[{"@type":"SearchAction","target":{"@type":"EntryPoint","urlTemplate":"https:\/\/abelfigueiredo.pa.gov.br\/site\/?s={search_term_string}"},"query-input":{"@type":"PropertyValueSpecification","valueRequired":true,"valueName":"search_term_string"}}],"inLanguage":"pt-BR"}]}},"_links":{"self":[{"href":"https:\/\/abelfigueiredo.pa.gov.br\/site\/wp-json\/wp\/v2\/pages\/8885","targetHints":{"allow":["GET"]}}],"collection":[{"href":"https:\/\/abelfigueiredo.pa.gov.br\/site\/wp-json\/wp\/v2\/pages"}],"about":[{"href":"https:\/\/abelfigueiredo.pa.gov.br\/site\/wp-json\/wp\/v2\/types\/page"}],"author":[{"embeddable":true,"href":"https:\/\/abelfigueiredo.pa.gov.br\/site\/wp-json\/wp\/v2\/users\/1"}],"replies":[{"embeddable":true,"href":"https:\/\/abelfigueiredo.pa.gov.br\/site\/wp-json\/wp\/v2\/comments?post=8885"}],"version-history":[{"count":2,"href":"https:\/\/abelfigueiredo.pa.gov.br\/site\/wp-json\/wp\/v2\/pages\/8885\/revisions"}],"predecessor-version":[{"id":8887,"href":"https:\/\/abelfigueiredo.pa.gov.br\/site\/wp-json\/wp\/v2\/pages\/8885\/revisions\/8887"}],"up":[{"embeddable":true,"href":"https:\/\/abelfigueiredo.pa.gov.br\/site\/wp-json\/wp\/v2\/pages\/1862"}],"wp:attachment":[{"href":"https:\/\/abelfigueiredo.pa.gov.br\/site\/wp-json\/wp\/v2\/media?parent=8885"}],"curies":[{"name":"wp","href":"https:\/\/api.w.org\/{rel}","templated":true}]}}