{"id":8700,"date":"2023-05-28T19:52:12","date_gmt":"2023-05-28T22:52:12","guid":{"rendered":"https:\/\/barcarena.pa.gov.br\/?page_id=8700"},"modified":"2025-01-03T16:21:38","modified_gmt":"2025-01-03T19:21:38","slug":"parecer-previo-e-julgamento-de-contas","status":"publish","type":"page","link":"https:\/\/abelfigueiredo.pa.gov.br\/site\/portal-da-transparencia\/parecer-previo-e-julgamento-de-contas\/","title":{"rendered":"Parecer Pr\u00e9vio e Julgamento de Contas"},"content":{"rendered":"<h2>Parecer Pr\u00e9vio do Tribunal de Contas<\/h2>\n<ul>\n<li><a href=\"https:\/\/abelfigueiredo.pa.gov.br\/site\/portal-da-transparencia\/parecer-previo-e-julgamento-de-contas\/parecer-previo-do-tribunal-de-contas\/\">Clique aqui para acessar<\/a><\/li>\n<\/ul>\n<h2>Julgamento das contas do Poder Executivo pelo Poder Legislativo<\/h2>\n<ul>\n<li><a href=\"https:\/\/abelfigueiredo.pa.gov.br\/site\/portal-da-transparencia\/parecer-previo-e-julgamento-de-contas\/julgamento-das-contas-do-poder-executivo-pelo-poder-legislativo\/\">Clique aqui para acessar<\/a><\/li>\n<\/ul>\n","protected":false},"excerpt":{"rendered":"<p>Parecer Pr\u00e9vio do Tribunal de Contas Clique aqui para acessar Julgamento das contas do Poder Executivo pelo Poder Legislativo Clique aqui para acessar<\/p>\n","protected":false},"author":1,"featured_media":0,"parent":1862,"menu_order":0,"comment_status":"closed","ping_status":"closed","template":"","meta":{"footnotes":""},"class_list":["post-8700","page","type-page","status-publish"],"yoast_head":"<!-- This site is optimized with the Yoast SEO plugin v26.6 - https:\/\/yoast.com\/wordpress\/plugins\/seo\/ -->\n<title>Parecer Pr\u00e9vio e Julgamento de Contas - Prefeitura Municipal de Abel Figueiredo | Gest\u00e3o 2025-2028<\/title>\n<meta name=\"robots\" content=\"index, follow, max-snippet:-1, max-image-preview:large, max-video-preview:-1\" \/>\n<link rel=\"canonical\" href=\"https:\/\/abelfigueiredo.pa.gov.br\/site\/portal-da-transparencia\/parecer-previo-e-julgamento-de-contas\/\" \/>\n<meta property=\"og:locale\" content=\"pt_BR\" \/>\n<meta property=\"og:type\" content=\"article\" \/>\n<meta property=\"og:title\" content=\"Parecer Pr\u00e9vio e Julgamento de Contas - Prefeitura Municipal de Abel Figueiredo | Gest\u00e3o 2025-2028\" \/>\n<meta property=\"og:description\" content=\"Parecer Pr\u00e9vio do Tribunal de Contas Clique aqui para acessar Julgamento das contas do Poder Executivo pelo Poder Legislativo Clique aqui para acessar\" \/>\n<meta property=\"og:url\" content=\"https:\/\/abelfigueiredo.pa.gov.br\/site\/portal-da-transparencia\/parecer-previo-e-julgamento-de-contas\/\" \/>\n<meta property=\"og:site_name\" content=\"Prefeitura Municipal de Abel Figueiredo | Gest\u00e3o 2025-2028\" \/>\n<meta property=\"article:modified_time\" content=\"2025-01-03T19:21:38+00:00\" \/>\n<script type=\"application\/ld+json\" class=\"yoast-schema-graph\">{\"@context\":\"https:\/\/schema.org\",\"@graph\":[{\"@type\":\"WebPage\",\"@id\":\"https:\/\/abelfigueiredo.pa.gov.br\/site\/portal-da-transparencia\/parecer-previo-e-julgamento-de-contas\/\",\"url\":\"https:\/\/abelfigueiredo.pa.gov.br\/site\/portal-da-transparencia\/parecer-previo-e-julgamento-de-contas\/\",\"name\":\"Parecer Pr\u00e9vio e Julgamento de Contas - Prefeitura Municipal de Abel Figueiredo | Gest\u00e3o 2025-2028\",\"isPartOf\":{\"@id\":\"https:\/\/abelfigueiredo.pa.gov.br\/site\/#website\"},\"datePublished\":\"2023-05-28T22:52:12+00:00\",\"dateModified\":\"2025-01-03T19:21:38+00:00\",\"breadcrumb\":{\"@id\":\"https:\/\/abelfigueiredo.pa.gov.br\/site\/portal-da-transparencia\/parecer-previo-e-julgamento-de-contas\/#breadcrumb\"},\"inLanguage\":\"pt-BR\",\"potentialAction\":[{\"@type\":\"ReadAction\",\"target\":[\"https:\/\/abelfigueiredo.pa.gov.br\/site\/portal-da-transparencia\/parecer-previo-e-julgamento-de-contas\/\"]}]},{\"@type\":\"BreadcrumbList\",\"@id\":\"https:\/\/abelfigueiredo.pa.gov.br\/site\/portal-da-transparencia\/parecer-previo-e-julgamento-de-contas\/#breadcrumb\",\"itemListElement\":[{\"@type\":\"ListItem\",\"position\":1,\"name\":\"Portal da Transpar\u00eancia\",\"item\":\"https:\/\/abelfigueiredo.pa.gov.br\/site\/portal-da-transparencia\/\"},{\"@type\":\"ListItem\",\"position\":2,\"name\":\"Parecer Pr\u00e9vio e Julgamento de Contas\"}]},{\"@type\":\"WebSite\",\"@id\":\"https:\/\/abelfigueiredo.pa.gov.br\/site\/#website\",\"url\":\"https:\/\/abelfigueiredo.pa.gov.br\/site\/\",\"name\":\"Prefeitura Municipal de Abel Figueiredo | Gest\u00e3o 2025-2028\",\"description\":\"Site oficial da Prefeitura Municipal de Abel Figueiredo\",\"potentialAction\":[{\"@type\":\"SearchAction\",\"target\":{\"@type\":\"EntryPoint\",\"urlTemplate\":\"https:\/\/abelfigueiredo.pa.gov.br\/site\/?s={search_term_string}\"},\"query-input\":{\"@type\":\"PropertyValueSpecification\",\"valueRequired\":true,\"valueName\":\"search_term_string\"}}],\"inLanguage\":\"pt-BR\"}]}<\/script>\n<!-- \/ Yoast SEO plugin. -->","yoast_head_json":{"title":"Parecer Pr\u00e9vio e Julgamento de Contas - Prefeitura Municipal de Abel Figueiredo | Gest\u00e3o 2025-2028","robots":{"index":"index","follow":"follow","max-snippet":"max-snippet:-1","max-image-preview":"max-image-preview:large","max-video-preview":"max-video-preview:-1"},"canonical":"https:\/\/abelfigueiredo.pa.gov.br\/site\/portal-da-transparencia\/parecer-previo-e-julgamento-de-contas\/","og_locale":"pt_BR","og_type":"article","og_title":"Parecer Pr\u00e9vio e Julgamento de Contas - Prefeitura Municipal de Abel Figueiredo | Gest\u00e3o 2025-2028","og_description":"Parecer Pr\u00e9vio do Tribunal de Contas Clique aqui para acessar Julgamento das contas do Poder Executivo pelo Poder Legislativo Clique aqui para acessar","og_url":"https:\/\/abelfigueiredo.pa.gov.br\/site\/portal-da-transparencia\/parecer-previo-e-julgamento-de-contas\/","og_site_name":"Prefeitura Municipal de Abel Figueiredo | Gest\u00e3o 2025-2028","article_modified_time":"2025-01-03T19:21:38+00:00","schema":{"@context":"https:\/\/schema.org","@graph":[{"@type":"WebPage","@id":"https:\/\/abelfigueiredo.pa.gov.br\/site\/portal-da-transparencia\/parecer-previo-e-julgamento-de-contas\/","url":"https:\/\/abelfigueiredo.pa.gov.br\/site\/portal-da-transparencia\/parecer-previo-e-julgamento-de-contas\/","name":"Parecer Pr\u00e9vio e Julgamento de Contas - Prefeitura Municipal de Abel Figueiredo | Gest\u00e3o 2025-2028","isPartOf":{"@id":"https:\/\/abelfigueiredo.pa.gov.br\/site\/#website"},"datePublished":"2023-05-28T22:52:12+00:00","dateModified":"2025-01-03T19:21:38+00:00","breadcrumb":{"@id":"https:\/\/abelfigueiredo.pa.gov.br\/site\/portal-da-transparencia\/parecer-previo-e-julgamento-de-contas\/#breadcrumb"},"inLanguage":"pt-BR","potentialAction":[{"@type":"ReadAction","target":["https:\/\/abelfigueiredo.pa.gov.br\/site\/portal-da-transparencia\/parecer-previo-e-julgamento-de-contas\/"]}]},{"@type":"BreadcrumbList","@id":"https:\/\/abelfigueiredo.pa.gov.br\/site\/portal-da-transparencia\/parecer-previo-e-julgamento-de-contas\/#breadcrumb","itemListElement":[{"@type":"ListItem","position":1,"name":"Portal da Transpar\u00eancia","item":"https:\/\/abelfigueiredo.pa.gov.br\/site\/portal-da-transparencia\/"},{"@type":"ListItem","position":2,"name":"Parecer Pr\u00e9vio e Julgamento de Contas"}]},{"@type":"WebSite","@id":"https:\/\/abelfigueiredo.pa.gov.br\/site\/#website","url":"https:\/\/abelfigueiredo.pa.gov.br\/site\/","name":"Prefeitura Municipal de Abel Figueiredo | Gest\u00e3o 2025-2028","description":"Site oficial da Prefeitura Municipal de Abel Figueiredo","potentialAction":[{"@type":"SearchAction","target":{"@type":"EntryPoint","urlTemplate":"https:\/\/abelfigueiredo.pa.gov.br\/site\/?s={search_term_string}"},"query-input":{"@type":"PropertyValueSpecification","valueRequired":true,"valueName":"search_term_string"}}],"inLanguage":"pt-BR"}]}},"_links":{"self":[{"href":"https:\/\/abelfigueiredo.pa.gov.br\/site\/wp-json\/wp\/v2\/pages\/8700","targetHints":{"allow":["GET"]}}],"collection":[{"href":"https:\/\/abelfigueiredo.pa.gov.br\/site\/wp-json\/wp\/v2\/pages"}],"about":[{"href":"https:\/\/abelfigueiredo.pa.gov.br\/site\/wp-json\/wp\/v2\/types\/page"}],"author":[{"embeddable":true,"href":"https:\/\/abelfigueiredo.pa.gov.br\/site\/wp-json\/wp\/v2\/users\/1"}],"replies":[{"embeddable":true,"href":"https:\/\/abelfigueiredo.pa.gov.br\/site\/wp-json\/wp\/v2\/comments?post=8700"}],"version-history":[{"count":15,"href":"https:\/\/abelfigueiredo.pa.gov.br\/site\/wp-json\/wp\/v2\/pages\/8700\/revisions"}],"predecessor-version":[{"id":18988,"href":"https:\/\/abelfigueiredo.pa.gov.br\/site\/wp-json\/wp\/v2\/pages\/8700\/revisions\/18988"}],"up":[{"embeddable":true,"href":"https:\/\/abelfigueiredo.pa.gov.br\/site\/wp-json\/wp\/v2\/pages\/1862"}],"wp:attachment":[{"href":"https:\/\/abelfigueiredo.pa.gov.br\/site\/wp-json\/wp\/v2\/media?parent=8700"}],"curies":[{"name":"wp","href":"https:\/\/api.w.org\/{rel}","templated":true}]}}