{"id":8693,"date":"2023-05-28T19:21:07","date_gmt":"2023-05-28T22:21:07","guid":{"rendered":"https:\/\/barcarena.pa.gov.br\/?page_id=8693"},"modified":"2023-06-23T14:59:28","modified_gmt":"2023-06-23T17:59:28","slug":"concursos-e-pss","status":"publish","type":"page","link":"https:\/\/abelfigueiredo.pa.gov.br\/site\/portal-da-transparencia\/concursos-e-pss\/","title":{"rendered":"Concursos P\u00fablicos e Processos Seletivos"},"content":{"rendered":"<div id=\"footable_parent_8828\"\n         class=\" footable_parent ninja_table_wrapper loading_ninja_table wp_table_data_press_parent semantic_ui \">\n                <table data-ninja_table_instance=\"ninja_table_instance_0\" data-footable_id=\"8828\" data-filter-delay=\"1000\" aria-label=\"Concursos e PSS\"            id=\"footable_8828\"\n           data-unique_identifier=\"ninja_table_unique_id_797753363_8828\"\n           class=\" foo-table ninja_footable foo_table_8828 ninja_table_unique_id_797753363_8828 ui table  nt_type_legacy_table selectable striped vertical_centered  footable-paging-right ninja_table_search_disabled ninja_table_pro ninja_table_afd_columns ninja_table_afcs_columns_2 ninja_table_afcl_new_line ninja_table_has_custom_filter\">\n                <colgroup>\n                            <col class=\"ninja_column_0 \">\n                            <col class=\"ninja_column_1 \">\n                            <col class=\"ninja_column_2 \">\n                            <col class=\"ninja_column_3 \">\n                            <col class=\"ninja_column_4 \">\n                    <\/colgroup>\n        <thead>\n<tr class=\"footable-header\">\n                                                                                        <th scope=\"col\"  class=\"ninja_column_0 ninja_clmn_nm_tipo \">Tipo<\/th><th scope=\"col\"  class=\"ninja_column_1 ninja_clmn_nm_nmero \">N\u00famero<\/th><th scope=\"col\"  class=\"ninja_column_2 ninja_clmn_nm_data \">Data<\/th><th scope=\"col\"  class=\"ninja_column_3 ninja_clmn_nm_descrio \">Descri\u00e7\u00e3o<\/th><th scope=\"col\"  class=\"ninja_column_4 ninja_clmn_nm_documento \">Documento<\/th><\/tr>\n<\/thead>\n<tbody>\n\n        <tr data-row_id=\"0\" class=\"ninja_table_row_0 nt_row_id_0\">\n            <td>Concurso\/Processo Seletivo<\/td><td><\/td><td><\/td><td>DECLARAMOS QUE N\u00c3O HOUVE A REALIZA\u00c7\u00c3O DE CONCURSOS OU PROCESSOS SELETIVOS EM 2024<\/td><td>https:\/\/drive.google.com\/drive\/folders\/15lkWwXXnWYTEiH4xLUlDuV-YBmsN4Iu3<\/td>        <\/tr>\n            <tr data-row_id=\"1\" class=\"ninja_table_row_1 nt_row_id_1\">\n            <td>Processo Seletivo<\/td><td>001\/2023<\/td><td>28\/04\/2023<\/td><td>Abre inscri\u00e7\u00f5es para o processo de escolha dos membros do Conselho Tutelar de Abel Figueiredo - PA<\/td><td>https:\/\/drive.google.com\/open?id=1bTHCIb3ii1BQ9cRhxTSUgIa5pslHse6F&amp;usp=drive_copy<\/td>        <\/tr>\n            <tr data-row_id=\"2\" class=\"ninja_table_row_2 nt_row_id_2\">\n            <td>Processo Seletivo<\/td><td>001\/2022<\/td><td>15\/02\/2022<\/td><td>FORMA\u00c7\u00c3O DE BANCO DE DADOS E CADASTRO PARA ASSISTENTES DE ALFABETIZA\u00c7\u00c3O VOLUNT\u00c1RIOS DO PROGRAMA TEMPO DE APRENDER<\/td><td>https:\/\/drive.google.com\/open?id=1HB882cf5KOhHwvfP4ddXmEfml8NLopFq&amp;usp=drive_copy<\/td>        <\/tr>\n            <tr data-row_id=\"3\" class=\"ninja_table_row_3 nt_row_id_3\">\n            <td>Concurso\/Processo Seletivo<\/td><td><\/td><td>2023<\/td><td>DECLARAMOS QUE N\u00c3O HOUVE A REALIZA\u00c7\u00c3O DE CONCURSOS OU PROCESSOS SELETIVOS<\/td><td>https:\/\/drive.google.com\/drive\/folders\/1jrkFHn-rPRbEydVELEPBeWaEHp5or6LZ<\/td>        <\/tr>\n            <tr data-row_id=\"4\" class=\"ninja_table_row_4 nt_row_id_4\">\n            <td>Concurso\/Processo Seletivo<\/td><td><\/td><td>2022<\/td><td>DECLARAMOS QUE N\u00c3O HOUVE A REALIZA\u00c7\u00c3O DE CONCURSOS OU PROCESSOS SELETIVOS<\/td><td>https:\/\/drive.google.com\/drive\/folders\/1jrkFHn-rPRbEydVELEPBeWaEHp5or6LZ<\/td>        <\/tr>\n            <tr data-row_id=\"5\" class=\"ninja_table_row_5 nt_row_id_5\">\n            <td>Concurso\/Processo Seletivo<\/td><td><\/td><td>2021<\/td><td>DECLARAMOS QUE N\u00c3O HOUVE A REALIZA\u00c7\u00c3O DE CONCURSOS OU PROCESSOS SELETIVOS<\/td><td>https:\/\/drive.google.com\/drive\/folders\/1jrkFHn-rPRbEydVELEPBeWaEHp5or6LZ<\/td>        <\/tr>\n            <tr data-row_id=\"6\" class=\"ninja_table_row_6 nt_row_id_6\">\n            <td>Concurso\/Processo Seletivo<\/td><td><\/td><td>2020<\/td><td>DECLARAMOS QUE N\u00c3O HOUVE A REALIZA\u00c7\u00c3O DE CONCURSOS OU PROCESSOS SELETIVOS<\/td><td>https:\/\/drive.google.com\/drive\/folders\/1jrkFHn-rPRbEydVELEPBeWaEHp5or6LZ<\/td>        <\/tr>\n            <tr data-row_id=\"7\" class=\"ninja_table_row_7 nt_row_id_7\">\n            <td>Concurso\/Processo Seletivo<\/td><td><\/td><td>2019<\/td><td>DECLARAMOS QUE N\u00c3O HOUVE A REALIZA\u00c7\u00c3O DE CONCURSOS OU PROCESSOS SELETIVOS<\/td><td><\/td>        <\/tr>\n    <\/tbody><!--ninja_tobody_rendering_done-->\n    <\/table>\n    \n    \n    \n<\/div>\n","protected":false},"excerpt":{"rendered":"","protected":false},"author":1,"featured_media":0,"parent":1862,"menu_order":0,"comment_status":"closed","ping_status":"closed","template":"","meta":{"footnotes":""},"class_list":["post-8693","page","type-page","status-publish"],"yoast_head":"<!-- This site is optimized with the Yoast SEO plugin v26.6 - https:\/\/yoast.com\/wordpress\/plugins\/seo\/ -->\n<title>Concursos P\u00fablicos e Processos Seletivos - Prefeitura Municipal de Abel Figueiredo | Gest\u00e3o 2025-2028<\/title>\n<meta name=\"robots\" content=\"index, follow, max-snippet:-1, max-image-preview:large, max-video-preview:-1\" \/>\n<link rel=\"canonical\" href=\"https:\/\/abelfigueiredo.pa.gov.br\/site\/portal-da-transparencia\/concursos-e-pss\/\" \/>\n<meta property=\"og:locale\" content=\"pt_BR\" \/>\n<meta property=\"og:type\" content=\"article\" \/>\n<meta property=\"og:title\" content=\"Concursos P\u00fablicos e Processos Seletivos - Prefeitura Municipal de Abel Figueiredo | Gest\u00e3o 2025-2028\" \/>\n<meta property=\"og:url\" content=\"https:\/\/abelfigueiredo.pa.gov.br\/site\/portal-da-transparencia\/concursos-e-pss\/\" \/>\n<meta property=\"og:site_name\" content=\"Prefeitura Municipal de Abel Figueiredo | Gest\u00e3o 2025-2028\" \/>\n<meta property=\"article:modified_time\" content=\"2023-06-23T17:59:28+00:00\" \/>\n<script type=\"application\/ld+json\" class=\"yoast-schema-graph\">{\"@context\":\"https:\/\/schema.org\",\"@graph\":[{\"@type\":\"WebPage\",\"@id\":\"https:\/\/abelfigueiredo.pa.gov.br\/site\/portal-da-transparencia\/concursos-e-pss\/\",\"url\":\"https:\/\/abelfigueiredo.pa.gov.br\/site\/portal-da-transparencia\/concursos-e-pss\/\",\"name\":\"Concursos P\u00fablicos e Processos Seletivos - Prefeitura Municipal de Abel Figueiredo | Gest\u00e3o 2025-2028\",\"isPartOf\":{\"@id\":\"https:\/\/abelfigueiredo.pa.gov.br\/site\/#website\"},\"datePublished\":\"2023-05-28T22:21:07+00:00\",\"dateModified\":\"2023-06-23T17:59:28+00:00\",\"breadcrumb\":{\"@id\":\"https:\/\/abelfigueiredo.pa.gov.br\/site\/portal-da-transparencia\/concursos-e-pss\/#breadcrumb\"},\"inLanguage\":\"pt-BR\",\"potentialAction\":[{\"@type\":\"ReadAction\",\"target\":[\"https:\/\/abelfigueiredo.pa.gov.br\/site\/portal-da-transparencia\/concursos-e-pss\/\"]}]},{\"@type\":\"BreadcrumbList\",\"@id\":\"https:\/\/abelfigueiredo.pa.gov.br\/site\/portal-da-transparencia\/concursos-e-pss\/#breadcrumb\",\"itemListElement\":[{\"@type\":\"ListItem\",\"position\":1,\"name\":\"Portal da Transpar\u00eancia\",\"item\":\"https:\/\/abelfigueiredo.pa.gov.br\/site\/portal-da-transparencia\/\"},{\"@type\":\"ListItem\",\"position\":2,\"name\":\"Concursos P\u00fablicos e Processos Seletivos\"}]},{\"@type\":\"WebSite\",\"@id\":\"https:\/\/abelfigueiredo.pa.gov.br\/site\/#website\",\"url\":\"https:\/\/abelfigueiredo.pa.gov.br\/site\/\",\"name\":\"Prefeitura Municipal de Abel Figueiredo | Gest\u00e3o 2025-2028\",\"description\":\"Site oficial da Prefeitura Municipal de Abel Figueiredo\",\"potentialAction\":[{\"@type\":\"SearchAction\",\"target\":{\"@type\":\"EntryPoint\",\"urlTemplate\":\"https:\/\/abelfigueiredo.pa.gov.br\/site\/?s={search_term_string}\"},\"query-input\":{\"@type\":\"PropertyValueSpecification\",\"valueRequired\":true,\"valueName\":\"search_term_string\"}}],\"inLanguage\":\"pt-BR\"}]}<\/script>\n<!-- \/ Yoast SEO plugin. -->","yoast_head_json":{"title":"Concursos P\u00fablicos e Processos Seletivos - Prefeitura Municipal de Abel Figueiredo | Gest\u00e3o 2025-2028","robots":{"index":"index","follow":"follow","max-snippet":"max-snippet:-1","max-image-preview":"max-image-preview:large","max-video-preview":"max-video-preview:-1"},"canonical":"https:\/\/abelfigueiredo.pa.gov.br\/site\/portal-da-transparencia\/concursos-e-pss\/","og_locale":"pt_BR","og_type":"article","og_title":"Concursos P\u00fablicos e Processos Seletivos - Prefeitura Municipal de Abel Figueiredo | Gest\u00e3o 2025-2028","og_url":"https:\/\/abelfigueiredo.pa.gov.br\/site\/portal-da-transparencia\/concursos-e-pss\/","og_site_name":"Prefeitura Municipal de Abel Figueiredo | Gest\u00e3o 2025-2028","article_modified_time":"2023-06-23T17:59:28+00:00","schema":{"@context":"https:\/\/schema.org","@graph":[{"@type":"WebPage","@id":"https:\/\/abelfigueiredo.pa.gov.br\/site\/portal-da-transparencia\/concursos-e-pss\/","url":"https:\/\/abelfigueiredo.pa.gov.br\/site\/portal-da-transparencia\/concursos-e-pss\/","name":"Concursos P\u00fablicos e Processos Seletivos - Prefeitura Municipal de Abel Figueiredo | Gest\u00e3o 2025-2028","isPartOf":{"@id":"https:\/\/abelfigueiredo.pa.gov.br\/site\/#website"},"datePublished":"2023-05-28T22:21:07+00:00","dateModified":"2023-06-23T17:59:28+00:00","breadcrumb":{"@id":"https:\/\/abelfigueiredo.pa.gov.br\/site\/portal-da-transparencia\/concursos-e-pss\/#breadcrumb"},"inLanguage":"pt-BR","potentialAction":[{"@type":"ReadAction","target":["https:\/\/abelfigueiredo.pa.gov.br\/site\/portal-da-transparencia\/concursos-e-pss\/"]}]},{"@type":"BreadcrumbList","@id":"https:\/\/abelfigueiredo.pa.gov.br\/site\/portal-da-transparencia\/concursos-e-pss\/#breadcrumb","itemListElement":[{"@type":"ListItem","position":1,"name":"Portal da Transpar\u00eancia","item":"https:\/\/abelfigueiredo.pa.gov.br\/site\/portal-da-transparencia\/"},{"@type":"ListItem","position":2,"name":"Concursos P\u00fablicos e Processos Seletivos"}]},{"@type":"WebSite","@id":"https:\/\/abelfigueiredo.pa.gov.br\/site\/#website","url":"https:\/\/abelfigueiredo.pa.gov.br\/site\/","name":"Prefeitura Municipal de Abel Figueiredo | Gest\u00e3o 2025-2028","description":"Site oficial da Prefeitura Municipal de Abel Figueiredo","potentialAction":[{"@type":"SearchAction","target":{"@type":"EntryPoint","urlTemplate":"https:\/\/abelfigueiredo.pa.gov.br\/site\/?s={search_term_string}"},"query-input":{"@type":"PropertyValueSpecification","valueRequired":true,"valueName":"search_term_string"}}],"inLanguage":"pt-BR"}]}},"_links":{"self":[{"href":"https:\/\/abelfigueiredo.pa.gov.br\/site\/wp-json\/wp\/v2\/pages\/8693","targetHints":{"allow":["GET"]}}],"collection":[{"href":"https:\/\/abelfigueiredo.pa.gov.br\/site\/wp-json\/wp\/v2\/pages"}],"about":[{"href":"https:\/\/abelfigueiredo.pa.gov.br\/site\/wp-json\/wp\/v2\/types\/page"}],"author":[{"embeddable":true,"href":"https:\/\/abelfigueiredo.pa.gov.br\/site\/wp-json\/wp\/v2\/users\/1"}],"replies":[{"embeddable":true,"href":"https:\/\/abelfigueiredo.pa.gov.br\/site\/wp-json\/wp\/v2\/comments?post=8693"}],"version-history":[{"count":1,"href":"https:\/\/abelfigueiredo.pa.gov.br\/site\/wp-json\/wp\/v2\/pages\/8693\/revisions"}],"predecessor-version":[{"id":8843,"href":"https:\/\/abelfigueiredo.pa.gov.br\/site\/wp-json\/wp\/v2\/pages\/8693\/revisions\/8843"}],"up":[{"embeddable":true,"href":"https:\/\/abelfigueiredo.pa.gov.br\/site\/wp-json\/wp\/v2\/pages\/1862"}],"wp:attachment":[{"href":"https:\/\/abelfigueiredo.pa.gov.br\/site\/wp-json\/wp\/v2\/media?parent=8693"}],"curies":[{"name":"wp","href":"https:\/\/api.w.org\/{rel}","templated":true}]}}