{"id":662,"date":"2013-07-24T15:58:04","date_gmt":"2013-07-24T15:58:04","guid":{"rendered":"http:\/\/wrcriacaodesites.com.br\/provas\/fermatec\/?page_id=662"},"modified":"2025-05-31T16:19:17","modified_gmt":"2025-05-31T19:19:17","slug":"secretaria-municipal-de-agricultura-abastecimento-e-terras-patrimoniais","status":"publish","type":"page","link":"https:\/\/abelfigueiredo.pa.gov.br\/site\/o-governo\/estrutura-organizacional\/secretaria-municipal-de-agricultura-abastecimento-e-terras-patrimoniais\/","title":{"rendered":"Secretaria Municipal de Agricultura, Abastecimento e Terras Patrimoniais"},"content":{"rendered":"<p><strong>Respons\u00e1vel:<\/strong> Marisvaldo da Silva Passos (Secret\u00e1rio)<\/p>\n<p><strong>Hor\u00e1rio de Atendimento:<\/strong> 7:30h as 11:30h e das 13:30h as 17:00h<\/p>\n<p><strong>Endere\u00e7o:<\/strong> Travessa Jos\u00e9 Gomes de Oliveira, s\/n, Morumbi<\/p>\n<p><strong>CEP:<\/strong>\u00a068.527-000<\/p>\n<p><strong>Telefone:<\/strong> (94) 99126-0097<\/p>\n<p><strong>E-mail:\u00a0<\/strong>agricultura@abelfigueiredo.pa.gov.br<\/p>\n<h2>Compet\u00eancias<\/h2>\n<p>Executar a pol\u00edtica de desenvolvimento sustent\u00e1vel das atividades agropecu\u00e1rias no munic\u00edpio, fomentar o desenvolvimento de atividades alternativas de renda, buscando melhor qualidade de vida para os agricultores e seus familiares, e executar obras e servi\u00e7os de infraestrutura agr\u00edcola.<\/p>\n","protected":false},"excerpt":{"rendered":"<p>Respons\u00e1vel: Marisvaldo da Silva Passos (Secret\u00e1rio) Hor\u00e1rio de Atendimento: 7:30h as 11:30h e das 13:30h as 17:00h Endere\u00e7o: Travessa Jos\u00e9 Gomes de Oliveira, s\/n, Morumbi CEP:\u00a068.527-000 Telefone: (94) 99126-0097 E-mail:\u00a0agricultura@abelfigueiredo.pa.gov.br Compet\u00eancias Executar a pol\u00edtica de desenvolvimento sustent\u00e1vel das atividades agropecu\u00e1rias no munic\u00edpio, fomentar o desenvolvimento de atividades alternativas de renda, buscando melhor qualidade de vida<\/p>\n<div class=\"read-more\"><a href=\"https:\/\/abelfigueiredo.pa.gov.br\/site\/o-governo\/estrutura-organizacional\/secretaria-municipal-de-agricultura-abastecimento-e-terras-patrimoniais\/\" title=\"Veja mais\">Veja mais<\/a><\/div>\n","protected":false},"author":1,"featured_media":0,"parent":676,"menu_order":0,"comment_status":"closed","ping_status":"closed","template":"","meta":{"footnotes":""},"class_list":["post-662","page","type-page","status-publish"],"yoast_head":"<!-- This site is optimized with the Yoast SEO plugin v26.6 - https:\/\/yoast.com\/wordpress\/plugins\/seo\/ -->\n<title>Secretaria Municipal de Agricultura, Abastecimento e Terras Patrimoniais - Prefeitura Municipal de Abel Figueiredo | Gest\u00e3o 2025-2028<\/title>\n<meta name=\"robots\" content=\"index, follow, max-snippet:-1, max-image-preview:large, max-video-preview:-1\" \/>\n<link rel=\"canonical\" href=\"https:\/\/abelfigueiredo.pa.gov.br\/site\/o-governo\/estrutura-organizacional\/secretaria-municipal-de-agricultura-abastecimento-e-terras-patrimoniais\/\" \/>\n<meta property=\"og:locale\" content=\"pt_BR\" \/>\n<meta property=\"og:type\" content=\"article\" \/>\n<meta property=\"og:title\" content=\"Secretaria Municipal de Agricultura, Abastecimento e Terras Patrimoniais - Prefeitura Municipal de Abel Figueiredo | Gest\u00e3o 2025-2028\" \/>\n<meta property=\"og:description\" content=\"Respons\u00e1vel: Marisvaldo da Silva Passos (Secret\u00e1rio) Hor\u00e1rio de Atendimento: 7:30h as 11:30h e das 13:30h as 17:00h Endere\u00e7o: Travessa Jos\u00e9 Gomes de Oliveira, s\/n, Morumbi CEP:\u00a068.527-000 Telefone: (94) 99126-0097 E-mail:\u00a0agricultura@abelfigueiredo.pa.gov.br Compet\u00eancias Executar a pol\u00edtica de desenvolvimento sustent\u00e1vel das atividades agropecu\u00e1rias no munic\u00edpio, fomentar o desenvolvimento de atividades alternativas de renda, buscando melhor qualidade de vidaVeja mais\" \/>\n<meta property=\"og:url\" content=\"https:\/\/abelfigueiredo.pa.gov.br\/site\/o-governo\/estrutura-organizacional\/secretaria-municipal-de-agricultura-abastecimento-e-terras-patrimoniais\/\" \/>\n<meta property=\"og:site_name\" content=\"Prefeitura Municipal de Abel Figueiredo | Gest\u00e3o 2025-2028\" \/>\n<meta property=\"article:modified_time\" content=\"2025-05-31T19:19:17+00:00\" \/>\n<script type=\"application\/ld+json\" class=\"yoast-schema-graph\">{\"@context\":\"https:\/\/schema.org\",\"@graph\":[{\"@type\":\"WebPage\",\"@id\":\"https:\/\/abelfigueiredo.pa.gov.br\/site\/o-governo\/estrutura-organizacional\/secretaria-municipal-de-agricultura-abastecimento-e-terras-patrimoniais\/\",\"url\":\"https:\/\/abelfigueiredo.pa.gov.br\/site\/o-governo\/estrutura-organizacional\/secretaria-municipal-de-agricultura-abastecimento-e-terras-patrimoniais\/\",\"name\":\"Secretaria Municipal de Agricultura, Abastecimento e Terras Patrimoniais - Prefeitura Municipal de Abel Figueiredo | Gest\u00e3o 2025-2028\",\"isPartOf\":{\"@id\":\"https:\/\/abelfigueiredo.pa.gov.br\/site\/#website\"},\"datePublished\":\"2013-07-24T15:58:04+00:00\",\"dateModified\":\"2025-05-31T19:19:17+00:00\",\"breadcrumb\":{\"@id\":\"https:\/\/abelfigueiredo.pa.gov.br\/site\/o-governo\/estrutura-organizacional\/secretaria-municipal-de-agricultura-abastecimento-e-terras-patrimoniais\/#breadcrumb\"},\"inLanguage\":\"pt-BR\",\"potentialAction\":[{\"@type\":\"ReadAction\",\"target\":[\"https:\/\/abelfigueiredo.pa.gov.br\/site\/o-governo\/estrutura-organizacional\/secretaria-municipal-de-agricultura-abastecimento-e-terras-patrimoniais\/\"]}]},{\"@type\":\"BreadcrumbList\",\"@id\":\"https:\/\/abelfigueiredo.pa.gov.br\/site\/o-governo\/estrutura-organizacional\/secretaria-municipal-de-agricultura-abastecimento-e-terras-patrimoniais\/#breadcrumb\",\"itemListElement\":[{\"@type\":\"ListItem\",\"position\":1,\"name\":\"O Governo\",\"item\":\"https:\/\/abelfigueiredo.pa.gov.br\/site\/o-governo\/\"},{\"@type\":\"ListItem\",\"position\":2,\"name\":\"Estrutura Organizacional\",\"item\":\"https:\/\/abelfigueiredo.pa.gov.br\/site\/o-governo\/estrutura-organizacional\/\"},{\"@type\":\"ListItem\",\"position\":3,\"name\":\"Secretaria Municipal de Agricultura, Abastecimento e Terras Patrimoniais\"}]},{\"@type\":\"WebSite\",\"@id\":\"https:\/\/abelfigueiredo.pa.gov.br\/site\/#website\",\"url\":\"https:\/\/abelfigueiredo.pa.gov.br\/site\/\",\"name\":\"Prefeitura Municipal de Abel Figueiredo | Gest\u00e3o 2025-2028\",\"description\":\"Site oficial da Prefeitura Municipal de Abel Figueiredo\",\"potentialAction\":[{\"@type\":\"SearchAction\",\"target\":{\"@type\":\"EntryPoint\",\"urlTemplate\":\"https:\/\/abelfigueiredo.pa.gov.br\/site\/?s={search_term_string}\"},\"query-input\":{\"@type\":\"PropertyValueSpecification\",\"valueRequired\":true,\"valueName\":\"search_term_string\"}}],\"inLanguage\":\"pt-BR\"}]}<\/script>\n<!-- \/ Yoast SEO plugin. -->","yoast_head_json":{"title":"Secretaria Municipal de Agricultura, Abastecimento e Terras Patrimoniais - Prefeitura Municipal de Abel Figueiredo | Gest\u00e3o 2025-2028","robots":{"index":"index","follow":"follow","max-snippet":"max-snippet:-1","max-image-preview":"max-image-preview:large","max-video-preview":"max-video-preview:-1"},"canonical":"https:\/\/abelfigueiredo.pa.gov.br\/site\/o-governo\/estrutura-organizacional\/secretaria-municipal-de-agricultura-abastecimento-e-terras-patrimoniais\/","og_locale":"pt_BR","og_type":"article","og_title":"Secretaria Municipal de Agricultura, Abastecimento e Terras Patrimoniais - Prefeitura Municipal de Abel Figueiredo | Gest\u00e3o 2025-2028","og_description":"Respons\u00e1vel: Marisvaldo da Silva Passos (Secret\u00e1rio) Hor\u00e1rio de Atendimento: 7:30h as 11:30h e das 13:30h as 17:00h Endere\u00e7o: Travessa Jos\u00e9 Gomes de Oliveira, s\/n, Morumbi CEP:\u00a068.527-000 Telefone: (94) 99126-0097 E-mail:\u00a0agricultura@abelfigueiredo.pa.gov.br Compet\u00eancias Executar a pol\u00edtica de desenvolvimento sustent\u00e1vel das atividades agropecu\u00e1rias no munic\u00edpio, fomentar o desenvolvimento de atividades alternativas de renda, buscando melhor qualidade de vidaVeja mais","og_url":"https:\/\/abelfigueiredo.pa.gov.br\/site\/o-governo\/estrutura-organizacional\/secretaria-municipal-de-agricultura-abastecimento-e-terras-patrimoniais\/","og_site_name":"Prefeitura Municipal de Abel Figueiredo | Gest\u00e3o 2025-2028","article_modified_time":"2025-05-31T19:19:17+00:00","schema":{"@context":"https:\/\/schema.org","@graph":[{"@type":"WebPage","@id":"https:\/\/abelfigueiredo.pa.gov.br\/site\/o-governo\/estrutura-organizacional\/secretaria-municipal-de-agricultura-abastecimento-e-terras-patrimoniais\/","url":"https:\/\/abelfigueiredo.pa.gov.br\/site\/o-governo\/estrutura-organizacional\/secretaria-municipal-de-agricultura-abastecimento-e-terras-patrimoniais\/","name":"Secretaria Municipal de Agricultura, Abastecimento e Terras Patrimoniais - Prefeitura Municipal de Abel Figueiredo | Gest\u00e3o 2025-2028","isPartOf":{"@id":"https:\/\/abelfigueiredo.pa.gov.br\/site\/#website"},"datePublished":"2013-07-24T15:58:04+00:00","dateModified":"2025-05-31T19:19:17+00:00","breadcrumb":{"@id":"https:\/\/abelfigueiredo.pa.gov.br\/site\/o-governo\/estrutura-organizacional\/secretaria-municipal-de-agricultura-abastecimento-e-terras-patrimoniais\/#breadcrumb"},"inLanguage":"pt-BR","potentialAction":[{"@type":"ReadAction","target":["https:\/\/abelfigueiredo.pa.gov.br\/site\/o-governo\/estrutura-organizacional\/secretaria-municipal-de-agricultura-abastecimento-e-terras-patrimoniais\/"]}]},{"@type":"BreadcrumbList","@id":"https:\/\/abelfigueiredo.pa.gov.br\/site\/o-governo\/estrutura-organizacional\/secretaria-municipal-de-agricultura-abastecimento-e-terras-patrimoniais\/#breadcrumb","itemListElement":[{"@type":"ListItem","position":1,"name":"O Governo","item":"https:\/\/abelfigueiredo.pa.gov.br\/site\/o-governo\/"},{"@type":"ListItem","position":2,"name":"Estrutura Organizacional","item":"https:\/\/abelfigueiredo.pa.gov.br\/site\/o-governo\/estrutura-organizacional\/"},{"@type":"ListItem","position":3,"name":"Secretaria Municipal de Agricultura, Abastecimento e Terras Patrimoniais"}]},{"@type":"WebSite","@id":"https:\/\/abelfigueiredo.pa.gov.br\/site\/#website","url":"https:\/\/abelfigueiredo.pa.gov.br\/site\/","name":"Prefeitura Municipal de Abel Figueiredo | Gest\u00e3o 2025-2028","description":"Site oficial da Prefeitura Municipal de Abel Figueiredo","potentialAction":[{"@type":"SearchAction","target":{"@type":"EntryPoint","urlTemplate":"https:\/\/abelfigueiredo.pa.gov.br\/site\/?s={search_term_string}"},"query-input":{"@type":"PropertyValueSpecification","valueRequired":true,"valueName":"search_term_string"}}],"inLanguage":"pt-BR"}]}},"_links":{"self":[{"href":"https:\/\/abelfigueiredo.pa.gov.br\/site\/wp-json\/wp\/v2\/pages\/662","targetHints":{"allow":["GET"]}}],"collection":[{"href":"https:\/\/abelfigueiredo.pa.gov.br\/site\/wp-json\/wp\/v2\/pages"}],"about":[{"href":"https:\/\/abelfigueiredo.pa.gov.br\/site\/wp-json\/wp\/v2\/types\/page"}],"author":[{"embeddable":true,"href":"https:\/\/abelfigueiredo.pa.gov.br\/site\/wp-json\/wp\/v2\/users\/1"}],"replies":[{"embeddable":true,"href":"https:\/\/abelfigueiredo.pa.gov.br\/site\/wp-json\/wp\/v2\/comments?post=662"}],"version-history":[{"count":18,"href":"https:\/\/abelfigueiredo.pa.gov.br\/site\/wp-json\/wp\/v2\/pages\/662\/revisions"}],"predecessor-version":[{"id":19382,"href":"https:\/\/abelfigueiredo.pa.gov.br\/site\/wp-json\/wp\/v2\/pages\/662\/revisions\/19382"}],"up":[{"embeddable":true,"href":"https:\/\/abelfigueiredo.pa.gov.br\/site\/wp-json\/wp\/v2\/pages\/676"}],"wp:attachment":[{"href":"https:\/\/abelfigueiredo.pa.gov.br\/site\/wp-json\/wp\/v2\/media?parent=662"}],"curies":[{"name":"wp","href":"https:\/\/api.w.org\/{rel}","templated":true}]}}