{"id":656,"date":"2013-07-24T15:57:06","date_gmt":"2013-07-24T15:57:06","guid":{"rendered":"http:\/\/wrcriacaodesites.com.br\/provas\/fermatec\/?page_id=656"},"modified":"2023-06-28T15:54:10","modified_gmt":"2023-06-28T18:54:10","slug":"secretaria-municipal-de-cultura-desporto-lazer-e-turismo","status":"publish","type":"page","link":"https:\/\/abelfigueiredo.pa.gov.br\/site\/o-governo\/estrutura-organizacional\/secretaria-municipal-de-cultura-desporto-lazer-e-turismo\/","title":{"rendered":"Secretaria Municipal de Cultura, Desporto, Lazer e Turismo"},"content":{"rendered":"<p><strong>Respons\u00e1vel:<\/strong>\u00a0NIRAMAR RODRIGUES LIMA (Secret\u00e1ria)<\/p>\n<p><strong>Hor\u00e1rio de Atendimento:<\/strong>\u00a008:00 \u00e0s 11:00 horas<\/p>\n<p><strong>Endere\u00e7o:<\/strong>\u00a0Av. S\u00e3o Jorge, 460, Centro \u2013 Abel Figueiredo\/PA<\/p>\n<p><strong>CEP:<\/strong>\u00a068.527-000<\/p>\n<p><strong>Telefone:<\/strong>\u00a0(94) 3342-1333<\/p>\n<p><strong>E-mail:<\/strong>\u00a0cultura@abelfigueiredo.pa.gov.br \/\u00a0Nrlima_@hontmail.com<\/p>\n<h2>Compet\u00eancias<\/h2>\n<p>Planejar, coordenar e executar atividades relativas \u00e0s pol\u00edticas p\u00fablicas de cultura, promovendo e divulgando os eventos culturais nos seus v\u00e1rios aspectos, com institui\u00e7\u00f5es culturais, como tamb\u00e9m propondo conv\u00eanios ou programas de atua\u00e7\u00e3o conjunta de interesse do munic\u00edpio.<\/p>\n","protected":false},"excerpt":{"rendered":"<p>Respons\u00e1vel:\u00a0NIRAMAR RODRIGUES LIMA (Secret\u00e1ria) Hor\u00e1rio de Atendimento:\u00a008:00 \u00e0s 11:00 horas Endere\u00e7o:\u00a0Av. S\u00e3o Jorge, 460, Centro \u2013 Abel Figueiredo\/PA CEP:\u00a068.527-000 Telefone:\u00a0(94) 3342-1333 E-mail:\u00a0cultura@abelfigueiredo.pa.gov.br \/\u00a0Nrlima_@hontmail.com Compet\u00eancias Planejar, coordenar e executar atividades relativas \u00e0s pol\u00edticas p\u00fablicas de cultura, promovendo e divulgando os eventos culturais nos seus v\u00e1rios aspectos, com institui\u00e7\u00f5es culturais, como tamb\u00e9m propondo conv\u00eanios ou programas de<\/p>\n<div class=\"read-more\"><a href=\"https:\/\/abelfigueiredo.pa.gov.br\/site\/o-governo\/estrutura-organizacional\/secretaria-municipal-de-cultura-desporto-lazer-e-turismo\/\" title=\"Veja mais\">Veja mais<\/a><\/div>\n","protected":false},"author":1,"featured_media":0,"parent":676,"menu_order":0,"comment_status":"closed","ping_status":"closed","template":"","meta":{"footnotes":""},"class_list":["post-656","page","type-page","status-publish"],"yoast_head":"<!-- This site is optimized with the Yoast SEO plugin v26.6 - https:\/\/yoast.com\/wordpress\/plugins\/seo\/ -->\n<title>Secretaria Municipal de Cultura, Desporto, Lazer e Turismo - Prefeitura Municipal de Abel Figueiredo | Gest\u00e3o 2025-2028<\/title>\n<meta name=\"robots\" content=\"index, follow, max-snippet:-1, max-image-preview:large, max-video-preview:-1\" \/>\n<link rel=\"canonical\" href=\"https:\/\/abelfigueiredo.pa.gov.br\/site\/o-governo\/estrutura-organizacional\/secretaria-municipal-de-cultura-desporto-lazer-e-turismo\/\" \/>\n<meta property=\"og:locale\" content=\"pt_BR\" \/>\n<meta property=\"og:type\" content=\"article\" \/>\n<meta property=\"og:title\" content=\"Secretaria Municipal de Cultura, Desporto, Lazer e Turismo - Prefeitura Municipal de Abel Figueiredo | Gest\u00e3o 2025-2028\" \/>\n<meta property=\"og:description\" content=\"Respons\u00e1vel:\u00a0NIRAMAR RODRIGUES LIMA (Secret\u00e1ria) Hor\u00e1rio de Atendimento:\u00a008:00 \u00e0s 11:00 horas Endere\u00e7o:\u00a0Av. S\u00e3o Jorge, 460, Centro \u2013 Abel Figueiredo\/PA CEP:\u00a068.527-000 Telefone:\u00a0(94) 3342-1333 E-mail:\u00a0cultura@abelfigueiredo.pa.gov.br \/\u00a0Nrlima_@hontmail.com Compet\u00eancias Planejar, coordenar e executar atividades relativas \u00e0s pol\u00edticas p\u00fablicas de cultura, promovendo e divulgando os eventos culturais nos seus v\u00e1rios aspectos, com institui\u00e7\u00f5es culturais, como tamb\u00e9m propondo conv\u00eanios ou programas deVeja mais\" \/>\n<meta property=\"og:url\" content=\"https:\/\/abelfigueiredo.pa.gov.br\/site\/o-governo\/estrutura-organizacional\/secretaria-municipal-de-cultura-desporto-lazer-e-turismo\/\" \/>\n<meta property=\"og:site_name\" content=\"Prefeitura Municipal de Abel Figueiredo | Gest\u00e3o 2025-2028\" \/>\n<meta property=\"article:modified_time\" content=\"2023-06-28T18:54:10+00:00\" \/>\n<script type=\"application\/ld+json\" class=\"yoast-schema-graph\">{\"@context\":\"https:\/\/schema.org\",\"@graph\":[{\"@type\":\"WebPage\",\"@id\":\"https:\/\/abelfigueiredo.pa.gov.br\/site\/o-governo\/estrutura-organizacional\/secretaria-municipal-de-cultura-desporto-lazer-e-turismo\/\",\"url\":\"https:\/\/abelfigueiredo.pa.gov.br\/site\/o-governo\/estrutura-organizacional\/secretaria-municipal-de-cultura-desporto-lazer-e-turismo\/\",\"name\":\"Secretaria Municipal de Cultura, Desporto, Lazer e Turismo - Prefeitura Municipal de Abel Figueiredo | Gest\u00e3o 2025-2028\",\"isPartOf\":{\"@id\":\"https:\/\/abelfigueiredo.pa.gov.br\/site\/#website\"},\"datePublished\":\"2013-07-24T15:57:06+00:00\",\"dateModified\":\"2023-06-28T18:54:10+00:00\",\"breadcrumb\":{\"@id\":\"https:\/\/abelfigueiredo.pa.gov.br\/site\/o-governo\/estrutura-organizacional\/secretaria-municipal-de-cultura-desporto-lazer-e-turismo\/#breadcrumb\"},\"inLanguage\":\"pt-BR\",\"potentialAction\":[{\"@type\":\"ReadAction\",\"target\":[\"https:\/\/abelfigueiredo.pa.gov.br\/site\/o-governo\/estrutura-organizacional\/secretaria-municipal-de-cultura-desporto-lazer-e-turismo\/\"]}]},{\"@type\":\"BreadcrumbList\",\"@id\":\"https:\/\/abelfigueiredo.pa.gov.br\/site\/o-governo\/estrutura-organizacional\/secretaria-municipal-de-cultura-desporto-lazer-e-turismo\/#breadcrumb\",\"itemListElement\":[{\"@type\":\"ListItem\",\"position\":1,\"name\":\"O Governo\",\"item\":\"https:\/\/abelfigueiredo.pa.gov.br\/site\/o-governo\/\"},{\"@type\":\"ListItem\",\"position\":2,\"name\":\"Estrutura Organizacional\",\"item\":\"https:\/\/abelfigueiredo.pa.gov.br\/site\/o-governo\/estrutura-organizacional\/\"},{\"@type\":\"ListItem\",\"position\":3,\"name\":\"Secretaria Municipal de Cultura, Desporto, Lazer e Turismo\"}]},{\"@type\":\"WebSite\",\"@id\":\"https:\/\/abelfigueiredo.pa.gov.br\/site\/#website\",\"url\":\"https:\/\/abelfigueiredo.pa.gov.br\/site\/\",\"name\":\"Prefeitura Municipal de Abel Figueiredo | Gest\u00e3o 2025-2028\",\"description\":\"Site oficial da Prefeitura Municipal de Abel Figueiredo\",\"potentialAction\":[{\"@type\":\"SearchAction\",\"target\":{\"@type\":\"EntryPoint\",\"urlTemplate\":\"https:\/\/abelfigueiredo.pa.gov.br\/site\/?s={search_term_string}\"},\"query-input\":{\"@type\":\"PropertyValueSpecification\",\"valueRequired\":true,\"valueName\":\"search_term_string\"}}],\"inLanguage\":\"pt-BR\"}]}<\/script>\n<!-- \/ Yoast SEO plugin. -->","yoast_head_json":{"title":"Secretaria Municipal de Cultura, Desporto, Lazer e Turismo - Prefeitura Municipal de Abel Figueiredo | Gest\u00e3o 2025-2028","robots":{"index":"index","follow":"follow","max-snippet":"max-snippet:-1","max-image-preview":"max-image-preview:large","max-video-preview":"max-video-preview:-1"},"canonical":"https:\/\/abelfigueiredo.pa.gov.br\/site\/o-governo\/estrutura-organizacional\/secretaria-municipal-de-cultura-desporto-lazer-e-turismo\/","og_locale":"pt_BR","og_type":"article","og_title":"Secretaria Municipal de Cultura, Desporto, Lazer e Turismo - Prefeitura Municipal de Abel Figueiredo | Gest\u00e3o 2025-2028","og_description":"Respons\u00e1vel:\u00a0NIRAMAR RODRIGUES LIMA (Secret\u00e1ria) Hor\u00e1rio de Atendimento:\u00a008:00 \u00e0s 11:00 horas Endere\u00e7o:\u00a0Av. S\u00e3o Jorge, 460, Centro \u2013 Abel Figueiredo\/PA CEP:\u00a068.527-000 Telefone:\u00a0(94) 3342-1333 E-mail:\u00a0cultura@abelfigueiredo.pa.gov.br \/\u00a0Nrlima_@hontmail.com Compet\u00eancias Planejar, coordenar e executar atividades relativas \u00e0s pol\u00edticas p\u00fablicas de cultura, promovendo e divulgando os eventos culturais nos seus v\u00e1rios aspectos, com institui\u00e7\u00f5es culturais, como tamb\u00e9m propondo conv\u00eanios ou programas deVeja mais","og_url":"https:\/\/abelfigueiredo.pa.gov.br\/site\/o-governo\/estrutura-organizacional\/secretaria-municipal-de-cultura-desporto-lazer-e-turismo\/","og_site_name":"Prefeitura Municipal de Abel Figueiredo | Gest\u00e3o 2025-2028","article_modified_time":"2023-06-28T18:54:10+00:00","schema":{"@context":"https:\/\/schema.org","@graph":[{"@type":"WebPage","@id":"https:\/\/abelfigueiredo.pa.gov.br\/site\/o-governo\/estrutura-organizacional\/secretaria-municipal-de-cultura-desporto-lazer-e-turismo\/","url":"https:\/\/abelfigueiredo.pa.gov.br\/site\/o-governo\/estrutura-organizacional\/secretaria-municipal-de-cultura-desporto-lazer-e-turismo\/","name":"Secretaria Municipal de Cultura, Desporto, Lazer e Turismo - Prefeitura Municipal de Abel Figueiredo | Gest\u00e3o 2025-2028","isPartOf":{"@id":"https:\/\/abelfigueiredo.pa.gov.br\/site\/#website"},"datePublished":"2013-07-24T15:57:06+00:00","dateModified":"2023-06-28T18:54:10+00:00","breadcrumb":{"@id":"https:\/\/abelfigueiredo.pa.gov.br\/site\/o-governo\/estrutura-organizacional\/secretaria-municipal-de-cultura-desporto-lazer-e-turismo\/#breadcrumb"},"inLanguage":"pt-BR","potentialAction":[{"@type":"ReadAction","target":["https:\/\/abelfigueiredo.pa.gov.br\/site\/o-governo\/estrutura-organizacional\/secretaria-municipal-de-cultura-desporto-lazer-e-turismo\/"]}]},{"@type":"BreadcrumbList","@id":"https:\/\/abelfigueiredo.pa.gov.br\/site\/o-governo\/estrutura-organizacional\/secretaria-municipal-de-cultura-desporto-lazer-e-turismo\/#breadcrumb","itemListElement":[{"@type":"ListItem","position":1,"name":"O Governo","item":"https:\/\/abelfigueiredo.pa.gov.br\/site\/o-governo\/"},{"@type":"ListItem","position":2,"name":"Estrutura Organizacional","item":"https:\/\/abelfigueiredo.pa.gov.br\/site\/o-governo\/estrutura-organizacional\/"},{"@type":"ListItem","position":3,"name":"Secretaria Municipal de Cultura, Desporto, Lazer e Turismo"}]},{"@type":"WebSite","@id":"https:\/\/abelfigueiredo.pa.gov.br\/site\/#website","url":"https:\/\/abelfigueiredo.pa.gov.br\/site\/","name":"Prefeitura Municipal de Abel Figueiredo | Gest\u00e3o 2025-2028","description":"Site oficial da Prefeitura Municipal de Abel Figueiredo","potentialAction":[{"@type":"SearchAction","target":{"@type":"EntryPoint","urlTemplate":"https:\/\/abelfigueiredo.pa.gov.br\/site\/?s={search_term_string}"},"query-input":{"@type":"PropertyValueSpecification","valueRequired":true,"valueName":"search_term_string"}}],"inLanguage":"pt-BR"}]}},"_links":{"self":[{"href":"https:\/\/abelfigueiredo.pa.gov.br\/site\/wp-json\/wp\/v2\/pages\/656","targetHints":{"allow":["GET"]}}],"collection":[{"href":"https:\/\/abelfigueiredo.pa.gov.br\/site\/wp-json\/wp\/v2\/pages"}],"about":[{"href":"https:\/\/abelfigueiredo.pa.gov.br\/site\/wp-json\/wp\/v2\/types\/page"}],"author":[{"embeddable":true,"href":"https:\/\/abelfigueiredo.pa.gov.br\/site\/wp-json\/wp\/v2\/users\/1"}],"replies":[{"embeddable":true,"href":"https:\/\/abelfigueiredo.pa.gov.br\/site\/wp-json\/wp\/v2\/comments?post=656"}],"version-history":[{"count":15,"href":"https:\/\/abelfigueiredo.pa.gov.br\/site\/wp-json\/wp\/v2\/pages\/656\/revisions"}],"predecessor-version":[{"id":15076,"href":"https:\/\/abelfigueiredo.pa.gov.br\/site\/wp-json\/wp\/v2\/pages\/656\/revisions\/15076"}],"up":[{"embeddable":true,"href":"https:\/\/abelfigueiredo.pa.gov.br\/site\/wp-json\/wp\/v2\/pages\/676"}],"wp:attachment":[{"href":"https:\/\/abelfigueiredo.pa.gov.br\/site\/wp-json\/wp\/v2\/media?parent=656"}],"curies":[{"name":"wp","href":"https:\/\/api.w.org\/{rel}","templated":true}]}}