{"id":6011,"date":"2023-05-23T20:45:22","date_gmt":"2023-05-23T23:45:22","guid":{"rendered":"https:\/\/abelfigueiredo.pa.gov.br\/site\/\/?page_id=6011"},"modified":"2025-01-03T17:00:20","modified_gmt":"2025-01-03T20:00:20","slug":"relatorio-estatistico","status":"publish","type":"page","link":"https:\/\/abelfigueiredo.pa.gov.br\/site\/portal-da-transparencia\/relatorio-estatistico\/","title":{"rendered":"Relat\u00f3rio Estat\u00edstico do e-SIC"},"content":{"rendered":"<h3 style=\"text-align: left;\"><strong>Relat\u00f3rio at\u00e9 2024<\/strong><\/h3>\n<ul>\n<li><a href=\"https:\/\/portal.cr2.co\/ouvidoria\/ouvidoria--servi\u00e7o-de-informa\u00e7\u00e3o-ao-cidad\u00e3o-11?entidade=abel-figueiredo&amp;modulo=Relat\u00f3rios%20Estat\u00edsticos\" target=\"_blank\" rel=\"noopener\">Clique aqui para acessar<\/a><\/li>\n<\/ul>\n<h3><strong>Relat\u00f3rio at\u00e9 2023<\/strong><\/h3>\n<div id=\"footable_parent_8898\"\n         class=\" footable_parent ninja_table_wrapper loading_ninja_table wp_table_data_press_parent semantic_ui \">\n                <table data-ninja_table_instance=\"ninja_table_instance_0\" data-footable_id=\"8898\" data-filter-delay=\"1000\" aria-label=\"Relat\u00f3rio e-SIC\"            id=\"footable_8898\"\n           data-unique_identifier=\"ninja_table_unique_id_477347241_8898\"\n           class=\" foo-table ninja_footable foo_table_8898 ninja_table_unique_id_477347241_8898 ui table  nt_type_legacy_table selectable striped vertical_centered  footable-paging-right ninja_table_search_disabled ninja_table_pro ninja_table_afd_columns ninja_table_afcs_columns_2 ninja_table_afcl_new_line ninja_table_has_custom_filter\">\n                <colgroup>\n                            <col class=\"ninja_column_0 \">\n                            <col class=\"ninja_column_1 \">\n                            <col class=\"ninja_column_2 \">\n                            <col class=\"ninja_column_3 \">\n                            <col class=\"ninja_column_4 \">\n                    <\/colgroup>\n        <thead>\n<tr class=\"footable-header\">\n                                                                                        <th scope=\"col\"  class=\"ninja_column_0 ninja_clmn_nm_ano \">Ano<\/th><th scope=\"col\"  class=\"ninja_column_1 ninja_clmn_nm_ms \">M\u00eas<\/th><th scope=\"col\"  class=\"ninja_column_2 ninja_clmn_nm_recebidos \">Recebidos<\/th><th scope=\"col\"  class=\"ninja_column_3 ninja_clmn_nm_atendidos \">Atendidos<\/th><th scope=\"col\"  class=\"ninja_column_4 ninja_clmn_nm_indeferidos \">Indeferidos<\/th><\/tr>\n<\/thead>\n<tbody>\n\n        <tr data-row_id=\"0\" class=\"ninja_table_row_0 nt_row_id_0\">\n            <td>2023<\/td><td>Janeiro<\/td><td>1<\/td><td>1<\/td><td>0<\/td>        <\/tr>\n            <tr data-row_id=\"1\" class=\"ninja_table_row_1 nt_row_id_1\">\n            <td>2023<\/td><td>Fevereiro<\/td><td>3<\/td><td>3<\/td><td>0<\/td>        <\/tr>\n            <tr data-row_id=\"2\" class=\"ninja_table_row_2 nt_row_id_2\">\n            <td>2023<\/td><td>Mar\u00e7o<\/td><td>1<\/td><td>1<\/td><td>0<\/td>        <\/tr>\n            <tr data-row_id=\"3\" class=\"ninja_table_row_3 nt_row_id_3\">\n            <td>2023<\/td><td>Abril<\/td><td>1<\/td><td>1<\/td><td>0<\/td>        <\/tr>\n            <tr data-row_id=\"4\" class=\"ninja_table_row_4 nt_row_id_4\">\n            <td>2023<\/td><td>Maio<\/td><td>1<\/td><td>1<\/td><td>0<\/td>        <\/tr>\n            <tr data-row_id=\"5\" class=\"ninja_table_row_5 nt_row_id_5\">\n            <td>2023<\/td><td>Junho<\/td><td>0<\/td><td>0<\/td><td>0<\/td>        <\/tr>\n            <tr data-row_id=\"6\" class=\"ninja_table_row_6 nt_row_id_6\">\n            <td>2023<\/td><td>Julho<\/td><td>0<\/td><td>0<\/td><td>0<\/td>        <\/tr>\n            <tr data-row_id=\"7\" class=\"ninja_table_row_7 nt_row_id_7\">\n            <td>2023<\/td><td>Agosto<\/td><td>0<\/td><td>0<\/td><td>0<\/td>        <\/tr>\n            <tr data-row_id=\"8\" class=\"ninja_table_row_8 nt_row_id_8\">\n            <td>2023<\/td><td>Setembro<\/td><td>0<\/td><td>0<\/td><td>0<\/td>        <\/tr>\n            <tr data-row_id=\"9\" class=\"ninja_table_row_9 nt_row_id_9\">\n            <td>2023<\/td><td>Outubro<\/td><td>2<\/td><td>2<\/td><td>0<\/td>        <\/tr>\n            <tr data-row_id=\"10\" class=\"ninja_table_row_10 nt_row_id_10\">\n            <td>2023<\/td><td>Novembro<\/td><td>6<\/td><td>4<\/td><td>2<\/td>        <\/tr>\n            <tr data-row_id=\"11\" class=\"ninja_table_row_11 nt_row_id_11\">\n            <td>2023<\/td><td>TOTAL<\/td><td>15<\/td><td>13<\/td><td>2<\/td>        <\/tr>\n            <tr data-row_id=\"12\" class=\"ninja_table_row_12 nt_row_id_12\">\n            <td>2022<\/td><td>Janeiro<\/td><td>1<\/td><td>1<\/td><td>0<\/td>        <\/tr>\n            <tr data-row_id=\"13\" class=\"ninja_table_row_13 nt_row_id_13\">\n            <td>2022<\/td><td>Fevereiro<\/td><td>1<\/td><td>1<\/td><td>0<\/td>        <\/tr>\n            <tr data-row_id=\"14\" class=\"ninja_table_row_14 nt_row_id_14\">\n            <td>2022<\/td><td>Mar\u00e7o<\/td><td>1<\/td><td>1<\/td><td>0<\/td>        <\/tr>\n            <tr data-row_id=\"15\" class=\"ninja_table_row_15 nt_row_id_15\">\n            <td>2022<\/td><td>Abril<\/td><td>2<\/td><td>2<\/td><td>0<\/td>        <\/tr>\n            <tr data-row_id=\"16\" class=\"ninja_table_row_16 nt_row_id_16\">\n            <td>2022<\/td><td>Maio<\/td><td>2<\/td><td>2<\/td><td>0<\/td>        <\/tr>\n            <tr data-row_id=\"17\" class=\"ninja_table_row_17 nt_row_id_17\">\n            <td>2022<\/td><td>Junho<\/td><td>3<\/td><td>3<\/td><td>0<\/td>        <\/tr>\n            <tr data-row_id=\"18\" class=\"ninja_table_row_18 nt_row_id_18\">\n            <td>2022<\/td><td>Julho<\/td><td>0<\/td><td>0<\/td><td>0<\/td>        <\/tr>\n            <tr data-row_id=\"19\" class=\"ninja_table_row_19 nt_row_id_19\">\n            <td>2022<\/td><td>Agosto<\/td><td>0<\/td><td>0<\/td><td>0<\/td>        <\/tr>\n            <tr data-row_id=\"20\" class=\"ninja_table_row_20 nt_row_id_20\">\n            <td>2022<\/td><td>Setembro<\/td><td>3<\/td><td>3<\/td><td>0<\/td>        <\/tr>\n            <tr data-row_id=\"21\" class=\"ninja_table_row_21 nt_row_id_21\">\n            <td>2022<\/td><td>Outubro<\/td><td>0<\/td><td>0<\/td><td>0<\/td>        <\/tr>\n            <tr data-row_id=\"22\" class=\"ninja_table_row_22 nt_row_id_22\">\n            <td>2022<\/td><td>Novembro<\/td><td>0<\/td><td>0<\/td><td>0<\/td>        <\/tr>\n            <tr data-row_id=\"23\" class=\"ninja_table_row_23 nt_row_id_23\">\n            <td>2022<\/td><td>Dezembro<\/td><td>0<\/td><td>0<\/td><td>0<\/td>        <\/tr>\n            <tr data-row_id=\"24\" class=\"ninja_table_row_24 nt_row_id_24\">\n            <td>2022<\/td><td>TOTAL<\/td><td>13<\/td><td>13<\/td><td>0<\/td>        <\/tr>\n            <tr data-row_id=\"25\" class=\"ninja_table_row_25 nt_row_id_25\">\n            <td>2021<\/td><td>1-Janeiro<\/td><td>1<\/td><td>1<\/td><td>0<\/td>        <\/tr>\n            <tr data-row_id=\"26\" class=\"ninja_table_row_26 nt_row_id_26\">\n            <td>2021<\/td><td>2-Fevereiro<\/td><td>1<\/td><td>1<\/td><td>0<\/td>        <\/tr>\n            <tr data-row_id=\"27\" class=\"ninja_table_row_27 nt_row_id_27\">\n            <td>2021<\/td><td>3-Mar\u00e7o<\/td><td>1<\/td><td>1<\/td><td>0<\/td>        <\/tr>\n            <tr data-row_id=\"28\" class=\"ninja_table_row_28 nt_row_id_28\">\n            <td>2021<\/td><td>4-Abril<\/td><td>2<\/td><td>2<\/td><td>0<\/td>        <\/tr>\n            <tr data-row_id=\"29\" class=\"ninja_table_row_29 nt_row_id_29\">\n            <td>2021<\/td><td>5-Maio<\/td><td>2<\/td><td>2<\/td><td>0<\/td>        <\/tr>\n            <tr data-row_id=\"30\" class=\"ninja_table_row_30 nt_row_id_30\">\n            <td>2021<\/td><td>6-Junho<\/td><td>3<\/td><td>3<\/td><td>0<\/td>        <\/tr>\n            <tr data-row_id=\"31\" class=\"ninja_table_row_31 nt_row_id_31\">\n            <td>2021<\/td><td>7-Julho<\/td><td>-<\/td><td>-<\/td><td>-<\/td>        <\/tr>\n            <tr data-row_id=\"32\" class=\"ninja_table_row_32 nt_row_id_32\">\n            <td>2021<\/td><td>8-Agosto<\/td><td>-<\/td><td>-<\/td><td>-<\/td>        <\/tr>\n            <tr data-row_id=\"33\" class=\"ninja_table_row_33 nt_row_id_33\">\n            <td>2021<\/td><td>9-Setembro<\/td><td>-<\/td><td>-<\/td><td>-<\/td>        <\/tr>\n            <tr data-row_id=\"34\" class=\"ninja_table_row_34 nt_row_id_34\">\n            <td>2021<\/td><td>10-Outubro<\/td><td>-<\/td><td>-<\/td><td>-<\/td>        <\/tr>\n            <tr data-row_id=\"35\" class=\"ninja_table_row_35 nt_row_id_35\">\n            <td>2021<\/td><td>11-Novembro<\/td><td>-<\/td><td>-<\/td><td>-<\/td>        <\/tr>\n            <tr data-row_id=\"36\" class=\"ninja_table_row_36 nt_row_id_36\">\n            <td>2021<\/td><td>12-Dezembro<\/td><td>-<\/td><td>-<\/td><td>-<\/td>        <\/tr>\n            <tr data-row_id=\"37\" class=\"ninja_table_row_37 nt_row_id_37\">\n            <td>2021<\/td><td>TOTAL<\/td><td>10<\/td><td>10<\/td><td>0<\/td>        <\/tr>\n    <\/tbody><!--ninja_tobody_rendering_done-->\n    <\/table>\n    \n    \n    \n<\/div>\n","protected":false},"excerpt":{"rendered":"<p>Relat\u00f3rio at\u00e9 2024 Clique aqui para acessar Relat\u00f3rio at\u00e9 2023<\/p>\n","protected":false},"author":1,"featured_media":0,"parent":1862,"menu_order":0,"comment_status":"closed","ping_status":"closed","template":"","meta":{"footnotes":""},"class_list":["post-6011","page","type-page","status-publish"],"yoast_head":"<!-- This site is optimized with the Yoast SEO plugin v26.6 - https:\/\/yoast.com\/wordpress\/plugins\/seo\/ -->\n<title>Relat\u00f3rio Estat\u00edstico do e-SIC - Prefeitura Municipal de Abel Figueiredo | Gest\u00e3o 2025-2028<\/title>\n<meta name=\"robots\" content=\"index, follow, max-snippet:-1, max-image-preview:large, max-video-preview:-1\" \/>\n<link rel=\"canonical\" href=\"https:\/\/abelfigueiredo.pa.gov.br\/site\/portal-da-transparencia\/relatorio-estatistico\/\" \/>\n<meta property=\"og:locale\" content=\"pt_BR\" \/>\n<meta property=\"og:type\" content=\"article\" \/>\n<meta property=\"og:title\" content=\"Relat\u00f3rio Estat\u00edstico do e-SIC - Prefeitura Municipal de Abel Figueiredo | Gest\u00e3o 2025-2028\" \/>\n<meta property=\"og:description\" content=\"Relat\u00f3rio at\u00e9 2024 Clique aqui para acessar Relat\u00f3rio at\u00e9 2023\" \/>\n<meta property=\"og:url\" content=\"https:\/\/abelfigueiredo.pa.gov.br\/site\/portal-da-transparencia\/relatorio-estatistico\/\" \/>\n<meta property=\"og:site_name\" content=\"Prefeitura Municipal de Abel Figueiredo | Gest\u00e3o 2025-2028\" \/>\n<meta property=\"article:modified_time\" content=\"2025-01-03T20:00:20+00:00\" \/>\n<script type=\"application\/ld+json\" class=\"yoast-schema-graph\">{\"@context\":\"https:\/\/schema.org\",\"@graph\":[{\"@type\":\"WebPage\",\"@id\":\"https:\/\/abelfigueiredo.pa.gov.br\/site\/portal-da-transparencia\/relatorio-estatistico\/\",\"url\":\"https:\/\/abelfigueiredo.pa.gov.br\/site\/portal-da-transparencia\/relatorio-estatistico\/\",\"name\":\"Relat\u00f3rio Estat\u00edstico do e-SIC - Prefeitura Municipal de Abel Figueiredo | Gest\u00e3o 2025-2028\",\"isPartOf\":{\"@id\":\"https:\/\/abelfigueiredo.pa.gov.br\/site\/#website\"},\"datePublished\":\"2023-05-23T23:45:22+00:00\",\"dateModified\":\"2025-01-03T20:00:20+00:00\",\"breadcrumb\":{\"@id\":\"https:\/\/abelfigueiredo.pa.gov.br\/site\/portal-da-transparencia\/relatorio-estatistico\/#breadcrumb\"},\"inLanguage\":\"pt-BR\",\"potentialAction\":[{\"@type\":\"ReadAction\",\"target\":[\"https:\/\/abelfigueiredo.pa.gov.br\/site\/portal-da-transparencia\/relatorio-estatistico\/\"]}]},{\"@type\":\"BreadcrumbList\",\"@id\":\"https:\/\/abelfigueiredo.pa.gov.br\/site\/portal-da-transparencia\/relatorio-estatistico\/#breadcrumb\",\"itemListElement\":[{\"@type\":\"ListItem\",\"position\":1,\"name\":\"Portal da Transpar\u00eancia\",\"item\":\"https:\/\/abelfigueiredo.pa.gov.br\/site\/portal-da-transparencia\/\"},{\"@type\":\"ListItem\",\"position\":2,\"name\":\"Relat\u00f3rio Estat\u00edstico do e-SIC\"}]},{\"@type\":\"WebSite\",\"@id\":\"https:\/\/abelfigueiredo.pa.gov.br\/site\/#website\",\"url\":\"https:\/\/abelfigueiredo.pa.gov.br\/site\/\",\"name\":\"Prefeitura Municipal de Abel Figueiredo | Gest\u00e3o 2025-2028\",\"description\":\"Site oficial da Prefeitura Municipal de Abel Figueiredo\",\"potentialAction\":[{\"@type\":\"SearchAction\",\"target\":{\"@type\":\"EntryPoint\",\"urlTemplate\":\"https:\/\/abelfigueiredo.pa.gov.br\/site\/?s={search_term_string}\"},\"query-input\":{\"@type\":\"PropertyValueSpecification\",\"valueRequired\":true,\"valueName\":\"search_term_string\"}}],\"inLanguage\":\"pt-BR\"}]}<\/script>\n<!-- \/ Yoast SEO plugin. -->","yoast_head_json":{"title":"Relat\u00f3rio Estat\u00edstico do e-SIC - Prefeitura Municipal de Abel Figueiredo | Gest\u00e3o 2025-2028","robots":{"index":"index","follow":"follow","max-snippet":"max-snippet:-1","max-image-preview":"max-image-preview:large","max-video-preview":"max-video-preview:-1"},"canonical":"https:\/\/abelfigueiredo.pa.gov.br\/site\/portal-da-transparencia\/relatorio-estatistico\/","og_locale":"pt_BR","og_type":"article","og_title":"Relat\u00f3rio Estat\u00edstico do e-SIC - Prefeitura Municipal de Abel Figueiredo | Gest\u00e3o 2025-2028","og_description":"Relat\u00f3rio at\u00e9 2024 Clique aqui para acessar Relat\u00f3rio at\u00e9 2023","og_url":"https:\/\/abelfigueiredo.pa.gov.br\/site\/portal-da-transparencia\/relatorio-estatistico\/","og_site_name":"Prefeitura Municipal de Abel Figueiredo | Gest\u00e3o 2025-2028","article_modified_time":"2025-01-03T20:00:20+00:00","schema":{"@context":"https:\/\/schema.org","@graph":[{"@type":"WebPage","@id":"https:\/\/abelfigueiredo.pa.gov.br\/site\/portal-da-transparencia\/relatorio-estatistico\/","url":"https:\/\/abelfigueiredo.pa.gov.br\/site\/portal-da-transparencia\/relatorio-estatistico\/","name":"Relat\u00f3rio Estat\u00edstico do e-SIC - Prefeitura Municipal de Abel Figueiredo | Gest\u00e3o 2025-2028","isPartOf":{"@id":"https:\/\/abelfigueiredo.pa.gov.br\/site\/#website"},"datePublished":"2023-05-23T23:45:22+00:00","dateModified":"2025-01-03T20:00:20+00:00","breadcrumb":{"@id":"https:\/\/abelfigueiredo.pa.gov.br\/site\/portal-da-transparencia\/relatorio-estatistico\/#breadcrumb"},"inLanguage":"pt-BR","potentialAction":[{"@type":"ReadAction","target":["https:\/\/abelfigueiredo.pa.gov.br\/site\/portal-da-transparencia\/relatorio-estatistico\/"]}]},{"@type":"BreadcrumbList","@id":"https:\/\/abelfigueiredo.pa.gov.br\/site\/portal-da-transparencia\/relatorio-estatistico\/#breadcrumb","itemListElement":[{"@type":"ListItem","position":1,"name":"Portal da Transpar\u00eancia","item":"https:\/\/abelfigueiredo.pa.gov.br\/site\/portal-da-transparencia\/"},{"@type":"ListItem","position":2,"name":"Relat\u00f3rio Estat\u00edstico do e-SIC"}]},{"@type":"WebSite","@id":"https:\/\/abelfigueiredo.pa.gov.br\/site\/#website","url":"https:\/\/abelfigueiredo.pa.gov.br\/site\/","name":"Prefeitura Municipal de Abel Figueiredo | Gest\u00e3o 2025-2028","description":"Site oficial da Prefeitura Municipal de Abel Figueiredo","potentialAction":[{"@type":"SearchAction","target":{"@type":"EntryPoint","urlTemplate":"https:\/\/abelfigueiredo.pa.gov.br\/site\/?s={search_term_string}"},"query-input":{"@type":"PropertyValueSpecification","valueRequired":true,"valueName":"search_term_string"}}],"inLanguage":"pt-BR"}]}},"_links":{"self":[{"href":"https:\/\/abelfigueiredo.pa.gov.br\/site\/wp-json\/wp\/v2\/pages\/6011","targetHints":{"allow":["GET"]}}],"collection":[{"href":"https:\/\/abelfigueiredo.pa.gov.br\/site\/wp-json\/wp\/v2\/pages"}],"about":[{"href":"https:\/\/abelfigueiredo.pa.gov.br\/site\/wp-json\/wp\/v2\/types\/page"}],"author":[{"embeddable":true,"href":"https:\/\/abelfigueiredo.pa.gov.br\/site\/wp-json\/wp\/v2\/users\/1"}],"replies":[{"embeddable":true,"href":"https:\/\/abelfigueiredo.pa.gov.br\/site\/wp-json\/wp\/v2\/comments?post=6011"}],"version-history":[{"count":6,"href":"https:\/\/abelfigueiredo.pa.gov.br\/site\/wp-json\/wp\/v2\/pages\/6011\/revisions"}],"predecessor-version":[{"id":18992,"href":"https:\/\/abelfigueiredo.pa.gov.br\/site\/wp-json\/wp\/v2\/pages\/6011\/revisions\/18992"}],"up":[{"embeddable":true,"href":"https:\/\/abelfigueiredo.pa.gov.br\/site\/wp-json\/wp\/v2\/pages\/1862"}],"wp:attachment":[{"href":"https:\/\/abelfigueiredo.pa.gov.br\/site\/wp-json\/wp\/v2\/media?parent=6011"}],"curies":[{"name":"wp","href":"https:\/\/api.w.org\/{rel}","templated":true}]}}