{"id":5988,"date":"2022-07-23T16:13:03","date_gmt":"2022-07-23T19:13:03","guid":{"rendered":"https:\/\/abelfigueiredo.pa.gov.br\/site\/\/?page_id=5988"},"modified":"2022-07-26T04:42:25","modified_gmt":"2022-07-26T07:42:25","slug":"publicacoes-oficiais","status":"publish","type":"page","link":"https:\/\/abelfigueiredo.pa.gov.br\/site\/publicacoes-oficiais\/","title":{"rendered":"Publica\u00e7\u00f5es Oficiais"},"content":{"rendered":"<p>Nesta p\u00e1gina est\u00e3o publicadas informa\u00e7\u00f5es e documentos relacionados a:<\/p>\n<p>Audi\u00eancias p\u00fablicas;\u00a0 Comunicados oficiais;\u00a0 Concursos p\u00fablicos;\u00a0 Decretos;\u00a0 Instru\u00e7\u00f5es normativas;\u00a0 Leis;\u00a0 Planos municipais;\u00a0 Portarias;\u00a0 Processos seletivos.<\/p>\n<p>Consulte as publica\u00e7\u00f5es utilizando a tabela abaixo e\u00a0<strong>filtre conforme sua necessidade<\/strong>, utilizando a\u00a0<strong>ferramenta de busca\/filtro<\/strong>.<\/p>\n","protected":false},"excerpt":{"rendered":"<p>Nesta p\u00e1gina est\u00e3o publicadas informa\u00e7\u00f5es e documentos relacionados a: Audi\u00eancias p\u00fablicas;\u00a0 Comunicados oficiais;\u00a0 Concursos p\u00fablicos;\u00a0 Decretos;\u00a0 Instru\u00e7\u00f5es normativas;\u00a0 Leis;\u00a0 Planos municipais;\u00a0 Portarias;\u00a0 Processos seletivos. Consulte as publica\u00e7\u00f5es utilizando a tabela abaixo e\u00a0filtre conforme sua necessidade, utilizando a\u00a0ferramenta de busca\/filtro.<\/p>\n","protected":false},"author":1,"featured_media":0,"parent":0,"menu_order":0,"comment_status":"closed","ping_status":"closed","template":"","meta":{"footnotes":""},"class_list":["post-5988","page","type-page","status-publish"],"yoast_head":"<!-- This site is optimized with the Yoast SEO plugin v26.6 - https:\/\/yoast.com\/wordpress\/plugins\/seo\/ -->\n<title>Publica\u00e7\u00f5es Oficiais - Prefeitura Municipal de Abel Figueiredo | Gest\u00e3o 2025-2028<\/title>\n<meta name=\"robots\" content=\"index, follow, max-snippet:-1, max-image-preview:large, max-video-preview:-1\" \/>\n<link rel=\"canonical\" href=\"https:\/\/abelfigueiredo.pa.gov.br\/site\/publicacoes-oficiais\/\" \/>\n<meta property=\"og:locale\" content=\"pt_BR\" \/>\n<meta property=\"og:type\" content=\"article\" \/>\n<meta property=\"og:title\" content=\"Publica\u00e7\u00f5es Oficiais - Prefeitura Municipal de Abel Figueiredo | Gest\u00e3o 2025-2028\" \/>\n<meta property=\"og:description\" content=\"Nesta p\u00e1gina est\u00e3o publicadas informa\u00e7\u00f5es e documentos relacionados a: Audi\u00eancias p\u00fablicas;\u00a0 Comunicados oficiais;\u00a0 Concursos p\u00fablicos;\u00a0 Decretos;\u00a0 Instru\u00e7\u00f5es normativas;\u00a0 Leis;\u00a0 Planos municipais;\u00a0 Portarias;\u00a0 Processos seletivos. Consulte as publica\u00e7\u00f5es utilizando a tabela abaixo e\u00a0filtre conforme sua necessidade, utilizando a\u00a0ferramenta de busca\/filtro.\" \/>\n<meta property=\"og:url\" content=\"https:\/\/abelfigueiredo.pa.gov.br\/site\/publicacoes-oficiais\/\" \/>\n<meta property=\"og:site_name\" content=\"Prefeitura Municipal de Abel Figueiredo | Gest\u00e3o 2025-2028\" \/>\n<meta property=\"article:modified_time\" content=\"2022-07-26T07:42:25+00:00\" \/>\n<script type=\"application\/ld+json\" class=\"yoast-schema-graph\">{\"@context\":\"https:\/\/schema.org\",\"@graph\":[{\"@type\":\"WebPage\",\"@id\":\"https:\/\/abelfigueiredo.pa.gov.br\/site\/publicacoes-oficiais\/\",\"url\":\"https:\/\/abelfigueiredo.pa.gov.br\/site\/publicacoes-oficiais\/\",\"name\":\"Publica\u00e7\u00f5es Oficiais - Prefeitura Municipal de Abel Figueiredo | Gest\u00e3o 2025-2028\",\"isPartOf\":{\"@id\":\"https:\/\/abelfigueiredo.pa.gov.br\/site\/#website\"},\"datePublished\":\"2022-07-23T19:13:03+00:00\",\"dateModified\":\"2022-07-26T07:42:25+00:00\",\"inLanguage\":\"pt-BR\",\"potentialAction\":[{\"@type\":\"ReadAction\",\"target\":[\"https:\/\/abelfigueiredo.pa.gov.br\/site\/publicacoes-oficiais\/\"]}]},{\"@type\":\"WebSite\",\"@id\":\"https:\/\/abelfigueiredo.pa.gov.br\/site\/#website\",\"url\":\"https:\/\/abelfigueiredo.pa.gov.br\/site\/\",\"name\":\"Prefeitura Municipal de Abel Figueiredo | Gest\u00e3o 2025-2028\",\"description\":\"Site oficial da Prefeitura Municipal de Abel Figueiredo\",\"potentialAction\":[{\"@type\":\"SearchAction\",\"target\":{\"@type\":\"EntryPoint\",\"urlTemplate\":\"https:\/\/abelfigueiredo.pa.gov.br\/site\/?s={search_term_string}\"},\"query-input\":{\"@type\":\"PropertyValueSpecification\",\"valueRequired\":true,\"valueName\":\"search_term_string\"}}],\"inLanguage\":\"pt-BR\"}]}<\/script>\n<!-- \/ Yoast SEO plugin. -->","yoast_head_json":{"title":"Publica\u00e7\u00f5es Oficiais - Prefeitura Municipal de Abel Figueiredo | Gest\u00e3o 2025-2028","robots":{"index":"index","follow":"follow","max-snippet":"max-snippet:-1","max-image-preview":"max-image-preview:large","max-video-preview":"max-video-preview:-1"},"canonical":"https:\/\/abelfigueiredo.pa.gov.br\/site\/publicacoes-oficiais\/","og_locale":"pt_BR","og_type":"article","og_title":"Publica\u00e7\u00f5es Oficiais - Prefeitura Municipal de Abel Figueiredo | Gest\u00e3o 2025-2028","og_description":"Nesta p\u00e1gina est\u00e3o publicadas informa\u00e7\u00f5es e documentos relacionados a: Audi\u00eancias p\u00fablicas;\u00a0 Comunicados oficiais;\u00a0 Concursos p\u00fablicos;\u00a0 Decretos;\u00a0 Instru\u00e7\u00f5es normativas;\u00a0 Leis;\u00a0 Planos municipais;\u00a0 Portarias;\u00a0 Processos seletivos. Consulte as publica\u00e7\u00f5es utilizando a tabela abaixo e\u00a0filtre conforme sua necessidade, utilizando a\u00a0ferramenta de busca\/filtro.","og_url":"https:\/\/abelfigueiredo.pa.gov.br\/site\/publicacoes-oficiais\/","og_site_name":"Prefeitura Municipal de Abel Figueiredo | Gest\u00e3o 2025-2028","article_modified_time":"2022-07-26T07:42:25+00:00","schema":{"@context":"https:\/\/schema.org","@graph":[{"@type":"WebPage","@id":"https:\/\/abelfigueiredo.pa.gov.br\/site\/publicacoes-oficiais\/","url":"https:\/\/abelfigueiredo.pa.gov.br\/site\/publicacoes-oficiais\/","name":"Publica\u00e7\u00f5es Oficiais - Prefeitura Municipal de Abel Figueiredo | Gest\u00e3o 2025-2028","isPartOf":{"@id":"https:\/\/abelfigueiredo.pa.gov.br\/site\/#website"},"datePublished":"2022-07-23T19:13:03+00:00","dateModified":"2022-07-26T07:42:25+00:00","inLanguage":"pt-BR","potentialAction":[{"@type":"ReadAction","target":["https:\/\/abelfigueiredo.pa.gov.br\/site\/publicacoes-oficiais\/"]}]},{"@type":"WebSite","@id":"https:\/\/abelfigueiredo.pa.gov.br\/site\/#website","url":"https:\/\/abelfigueiredo.pa.gov.br\/site\/","name":"Prefeitura Municipal de Abel Figueiredo | Gest\u00e3o 2025-2028","description":"Site oficial da Prefeitura Municipal de Abel Figueiredo","potentialAction":[{"@type":"SearchAction","target":{"@type":"EntryPoint","urlTemplate":"https:\/\/abelfigueiredo.pa.gov.br\/site\/?s={search_term_string}"},"query-input":{"@type":"PropertyValueSpecification","valueRequired":true,"valueName":"search_term_string"}}],"inLanguage":"pt-BR"}]}},"_links":{"self":[{"href":"https:\/\/abelfigueiredo.pa.gov.br\/site\/wp-json\/wp\/v2\/pages\/5988","targetHints":{"allow":["GET"]}}],"collection":[{"href":"https:\/\/abelfigueiredo.pa.gov.br\/site\/wp-json\/wp\/v2\/pages"}],"about":[{"href":"https:\/\/abelfigueiredo.pa.gov.br\/site\/wp-json\/wp\/v2\/types\/page"}],"author":[{"embeddable":true,"href":"https:\/\/abelfigueiredo.pa.gov.br\/site\/wp-json\/wp\/v2\/users\/1"}],"replies":[{"embeddable":true,"href":"https:\/\/abelfigueiredo.pa.gov.br\/site\/wp-json\/wp\/v2\/comments?post=5988"}],"version-history":[{"count":5,"href":"https:\/\/abelfigueiredo.pa.gov.br\/site\/wp-json\/wp\/v2\/pages\/5988\/revisions"}],"predecessor-version":[{"id":6098,"href":"https:\/\/abelfigueiredo.pa.gov.br\/site\/wp-json\/wp\/v2\/pages\/5988\/revisions\/6098"}],"wp:attachment":[{"href":"https:\/\/abelfigueiredo.pa.gov.br\/site\/wp-json\/wp\/v2\/media?parent=5988"}],"curies":[{"name":"wp","href":"https:\/\/api.w.org\/{rel}","templated":true}]}}