{"id":5886,"date":"2021-12-22T11:16:44","date_gmt":"2021-12-22T14:16:44","guid":{"rendered":"https:\/\/abelfigueiredo.pa.gov.br\/site\/\/?page_id=5886"},"modified":"2021-12-22T11:17:14","modified_gmt":"2021-12-22T14:17:14","slug":"lgpd","status":"publish","type":"page","link":"https:\/\/abelfigueiredo.pa.gov.br\/site\/lgpd\/","title":{"rendered":"Pol\u00edtica de Cookies &#8211; LGPD"},"content":{"rendered":"<h2>O que s\u00e3o cookies?<\/h2>\n<p>Cookies s\u00e3o arquivos salvos em seu computador, tablet ou telefone quando voc\u00ea visita um site.Usamos os cookies necess\u00e1rios para fazer o site funcionar da melhor forma poss\u00edvel e sempre aprimorar os nossos servi\u00e7os.<\/p>\n<p>Alguns cookies s\u00e3o classificados como necess\u00e1rios e permitem a funcionalidade central, como seguran\u00e7a , gerenciamento de rede e acessibilidade . Estes cookies podem ser coletados e armazenados assim que voc\u00ea inicia sua navega\u00e7\u00e3o ou quando usa algum recurso que os requer.<\/p>\n<h2>Cookies Prim\u00e1rios<\/h2>\n<p>Alguns cookies ser\u00e3o colocados em seu dispositivo diretamente pelo nosso site &#8211; s\u00e3o conhecidos como cookies prim\u00e1rios . Eles s\u00e3o essenciais para voc\u00ea navegar no site e usar seus recursos.<\/p>\n<h3>Tempor\u00e1rios<\/h3>\n<p>N\u00f3s utilizamos cookies de sess\u00e3o. Eles s\u00e3o tempor\u00e1rios e expiram quando voc\u00ea fecha o navegador ou quando a sess\u00e3o termina.<\/p>\n<h3>Finalidade<\/h3>\n<p>Estabelecer controle de idioma e seguran\u00e7a ao tempo da sess\u00e3o.<\/p>\n<h2>Persistentes<\/h2>\n<p>Utilizamos tamb\u00e9m cookies persistentes que permanecem em seu disco r\u00edgido at\u00e9 que voc\u00ea os apague ou seu navegador o fa\u00e7a, dependendo da data de expira\u00e7\u00e3o do cookie. Todos os cookies persistentes t\u00eam uma data de expira\u00e7\u00e3o gravada em seu c\u00f3digo, mas sua dura\u00e7\u00e3o pode variar.<\/p>\n<h3>Finalidade<\/h3>\n<p>Coletam e armazenam a ci\u00eancia sobre o uso de cookies no site.<\/p>\n<h2>Cookies de Terceiros<\/h2>\n<p>Outros cookies s\u00e3o colocados no seu dispositivo n\u00e3o pelo site que voc\u00ea est\u00e1 visitando, mas por terceiros , como, por exemplo, os sistemas anal\u00edticos.<\/p>\n<h3>Tempor\u00e1rios<\/h3>\n<p>N\u00f3s utilizamos cookies de sess\u00e3o. Eles s\u00e3o tempor\u00e1rios e expiram quando voc\u00ea fecha o navegador ou quando a sess\u00e3o termina.<\/p>\n<h3>Finalidade<\/h3>\n<p>Coletam informa\u00e7\u00f5es sobre como voc\u00ea usa o site, como as p\u00e1ginas que voc\u00ea visitou e os links em que clicou. Nenhuma dessas informa\u00e7\u00f5es pode ser usada para identific\u00e1-lo. Seu \u00fanico objetivo \u00e9 possibilitar an\u00e1lises e melhorar as fun\u00e7\u00f5es do site.<\/p>\n<h2>Persistentes<\/h2>\n<p>Utilizamos tamb\u00e9m cookies persistentes que permanecem em seu disco r\u00edgido at\u00e9 que voc\u00ea os apague ou seu navegador o fa\u00e7a, dependendo da data de expira\u00e7\u00e3o do cookie. Todos os cookies persistentes t\u00eam uma data de expira\u00e7\u00e3o gravada em seu c\u00f3digo, mas sua dura\u00e7\u00e3o pode variar.<\/p>\n<h3>Finalidade<\/h3>\n<p>Coletam informa\u00e7\u00f5es sobre como voc\u00ea usa o site, como as p\u00e1ginas que voc\u00ea visitou e os links em que clicou. Nenhuma dessas informa\u00e7\u00f5es pode ser usada para identific\u00e1-lo. Seu \u00fanico objetivo \u00e9 possibilitar an\u00e1lises e melhorar as fun\u00e7\u00f5es do site.<\/p>\n<h2>Configura\u00e7\u00e3o de Cookies<\/h2>\n<p>Voc\u00ea pode desabilit\u00e1-los alterando as configura\u00e7\u00f5es do seu navegador, mas saiba que isso pode afetar o funcionamento do site .<\/p>\n<p><a href=\"https:\/\/support.google.com\/chrome\/answer\/95647?co=GENIE.Platform%3DDesktop&amp;hl=pt-BR\" target=\"_blank\" rel=\"noopener noreferrer\">Chrome<\/a><\/p>\n<p><a href=\"https:\/\/support.mozilla.org\/pt-BR\/kb\/desative-cookies-terceiros-impedir-rastreamento\" target=\"_blank\" rel=\"noopener noreferrer\">Firefox<\/a><\/p>\n<p><a href=\"https:\/\/support.microsoft.com\/pt-br\/help\/4027947\/microsoft-edge-delete-cookies\" target=\"_blank\" rel=\"noopener noreferrer\">Microsoft Edge<\/a><\/p>\n<p><a href=\"https:\/\/support.microsoft.com\/pt-br\/help\/17442\/windows-internet-explorer-delete-manage-cookies\" target=\"_blank\" rel=\"noopener noreferrer\">Internet Explorer<\/a><\/p>\n","protected":false},"excerpt":{"rendered":"<p>O que s\u00e3o cookies? Cookies s\u00e3o arquivos salvos em seu computador, tablet ou telefone quando voc\u00ea visita um site.Usamos os cookies necess\u00e1rios para fazer o site funcionar da melhor forma poss\u00edvel e sempre aprimorar os nossos servi\u00e7os. Alguns cookies s\u00e3o classificados como necess\u00e1rios e permitem a funcionalidade central, como seguran\u00e7a , gerenciamento de rede e<\/p>\n<div class=\"read-more\"><a href=\"https:\/\/abelfigueiredo.pa.gov.br\/site\/lgpd\/\" title=\"Veja mais\">Veja mais<\/a><\/div>\n","protected":false},"author":1,"featured_media":0,"parent":0,"menu_order":0,"comment_status":"closed","ping_status":"closed","template":"","meta":{"footnotes":""},"class_list":["post-5886","page","type-page","status-publish"],"yoast_head":"<!-- This site is optimized with the Yoast SEO plugin v26.6 - https:\/\/yoast.com\/wordpress\/plugins\/seo\/ -->\n<title>Pol\u00edtica de Cookies - LGPD - Prefeitura Municipal de Abel Figueiredo | Gest\u00e3o 2025-2028<\/title>\n<meta name=\"robots\" content=\"index, follow, max-snippet:-1, max-image-preview:large, max-video-preview:-1\" \/>\n<link rel=\"canonical\" href=\"https:\/\/abelfigueiredo.pa.gov.br\/site\/lgpd\/\" \/>\n<meta property=\"og:locale\" content=\"pt_BR\" \/>\n<meta property=\"og:type\" content=\"article\" \/>\n<meta property=\"og:title\" content=\"Pol\u00edtica de Cookies - LGPD - Prefeitura Municipal de Abel Figueiredo | Gest\u00e3o 2025-2028\" \/>\n<meta property=\"og:description\" content=\"O que s\u00e3o cookies? Cookies s\u00e3o arquivos salvos em seu computador, tablet ou telefone quando voc\u00ea visita um site.Usamos os cookies necess\u00e1rios para fazer o site funcionar da melhor forma poss\u00edvel e sempre aprimorar os nossos servi\u00e7os. Alguns cookies s\u00e3o classificados como necess\u00e1rios e permitem a funcionalidade central, como seguran\u00e7a , gerenciamento de rede eVeja mais\" \/>\n<meta property=\"og:url\" content=\"https:\/\/abelfigueiredo.pa.gov.br\/site\/lgpd\/\" \/>\n<meta property=\"og:site_name\" content=\"Prefeitura Municipal de Abel Figueiredo | Gest\u00e3o 2025-2028\" \/>\n<meta property=\"article:modified_time\" content=\"2021-12-22T14:17:14+00:00\" \/>\n<meta name=\"twitter:label1\" content=\"Est. tempo de leitura\" \/>\n\t<meta name=\"twitter:data1\" content=\"2 minutos\" \/>\n<script type=\"application\/ld+json\" class=\"yoast-schema-graph\">{\"@context\":\"https:\/\/schema.org\",\"@graph\":[{\"@type\":\"WebPage\",\"@id\":\"https:\/\/abelfigueiredo.pa.gov.br\/site\/lgpd\/\",\"url\":\"https:\/\/abelfigueiredo.pa.gov.br\/site\/lgpd\/\",\"name\":\"Pol\u00edtica de Cookies - LGPD - Prefeitura Municipal de Abel Figueiredo | Gest\u00e3o 2025-2028\",\"isPartOf\":{\"@id\":\"https:\/\/abelfigueiredo.pa.gov.br\/site\/#website\"},\"datePublished\":\"2021-12-22T14:16:44+00:00\",\"dateModified\":\"2021-12-22T14:17:14+00:00\",\"inLanguage\":\"pt-BR\",\"potentialAction\":[{\"@type\":\"ReadAction\",\"target\":[\"https:\/\/abelfigueiredo.pa.gov.br\/site\/lgpd\/\"]}]},{\"@type\":\"WebSite\",\"@id\":\"https:\/\/abelfigueiredo.pa.gov.br\/site\/#website\",\"url\":\"https:\/\/abelfigueiredo.pa.gov.br\/site\/\",\"name\":\"Prefeitura Municipal de Abel Figueiredo | Gest\u00e3o 2025-2028\",\"description\":\"Site oficial da Prefeitura Municipal de Abel Figueiredo\",\"potentialAction\":[{\"@type\":\"SearchAction\",\"target\":{\"@type\":\"EntryPoint\",\"urlTemplate\":\"https:\/\/abelfigueiredo.pa.gov.br\/site\/?s={search_term_string}\"},\"query-input\":{\"@type\":\"PropertyValueSpecification\",\"valueRequired\":true,\"valueName\":\"search_term_string\"}}],\"inLanguage\":\"pt-BR\"}]}<\/script>\n<!-- \/ Yoast SEO plugin. -->","yoast_head_json":{"title":"Pol\u00edtica de Cookies - LGPD - Prefeitura Municipal de Abel Figueiredo | Gest\u00e3o 2025-2028","robots":{"index":"index","follow":"follow","max-snippet":"max-snippet:-1","max-image-preview":"max-image-preview:large","max-video-preview":"max-video-preview:-1"},"canonical":"https:\/\/abelfigueiredo.pa.gov.br\/site\/lgpd\/","og_locale":"pt_BR","og_type":"article","og_title":"Pol\u00edtica de Cookies - LGPD - Prefeitura Municipal de Abel Figueiredo | Gest\u00e3o 2025-2028","og_description":"O que s\u00e3o cookies? Cookies s\u00e3o arquivos salvos em seu computador, tablet ou telefone quando voc\u00ea visita um site.Usamos os cookies necess\u00e1rios para fazer o site funcionar da melhor forma poss\u00edvel e sempre aprimorar os nossos servi\u00e7os. Alguns cookies s\u00e3o classificados como necess\u00e1rios e permitem a funcionalidade central, como seguran\u00e7a , gerenciamento de rede eVeja mais","og_url":"https:\/\/abelfigueiredo.pa.gov.br\/site\/lgpd\/","og_site_name":"Prefeitura Municipal de Abel Figueiredo | Gest\u00e3o 2025-2028","article_modified_time":"2021-12-22T14:17:14+00:00","twitter_misc":{"Est. tempo de leitura":"2 minutos"},"schema":{"@context":"https:\/\/schema.org","@graph":[{"@type":"WebPage","@id":"https:\/\/abelfigueiredo.pa.gov.br\/site\/lgpd\/","url":"https:\/\/abelfigueiredo.pa.gov.br\/site\/lgpd\/","name":"Pol\u00edtica de Cookies - LGPD - Prefeitura Municipal de Abel Figueiredo | Gest\u00e3o 2025-2028","isPartOf":{"@id":"https:\/\/abelfigueiredo.pa.gov.br\/site\/#website"},"datePublished":"2021-12-22T14:16:44+00:00","dateModified":"2021-12-22T14:17:14+00:00","inLanguage":"pt-BR","potentialAction":[{"@type":"ReadAction","target":["https:\/\/abelfigueiredo.pa.gov.br\/site\/lgpd\/"]}]},{"@type":"WebSite","@id":"https:\/\/abelfigueiredo.pa.gov.br\/site\/#website","url":"https:\/\/abelfigueiredo.pa.gov.br\/site\/","name":"Prefeitura Municipal de Abel Figueiredo | Gest\u00e3o 2025-2028","description":"Site oficial da Prefeitura Municipal de Abel Figueiredo","potentialAction":[{"@type":"SearchAction","target":{"@type":"EntryPoint","urlTemplate":"https:\/\/abelfigueiredo.pa.gov.br\/site\/?s={search_term_string}"},"query-input":{"@type":"PropertyValueSpecification","valueRequired":true,"valueName":"search_term_string"}}],"inLanguage":"pt-BR"}]}},"_links":{"self":[{"href":"https:\/\/abelfigueiredo.pa.gov.br\/site\/wp-json\/wp\/v2\/pages\/5886","targetHints":{"allow":["GET"]}}],"collection":[{"href":"https:\/\/abelfigueiredo.pa.gov.br\/site\/wp-json\/wp\/v2\/pages"}],"about":[{"href":"https:\/\/abelfigueiredo.pa.gov.br\/site\/wp-json\/wp\/v2\/types\/page"}],"author":[{"embeddable":true,"href":"https:\/\/abelfigueiredo.pa.gov.br\/site\/wp-json\/wp\/v2\/users\/1"}],"replies":[{"embeddable":true,"href":"https:\/\/abelfigueiredo.pa.gov.br\/site\/wp-json\/wp\/v2\/comments?post=5886"}],"version-history":[{"count":1,"href":"https:\/\/abelfigueiredo.pa.gov.br\/site\/wp-json\/wp\/v2\/pages\/5886\/revisions"}],"predecessor-version":[{"id":5887,"href":"https:\/\/abelfigueiredo.pa.gov.br\/site\/wp-json\/wp\/v2\/pages\/5886\/revisions\/5887"}],"wp:attachment":[{"href":"https:\/\/abelfigueiredo.pa.gov.br\/site\/wp-json\/wp\/v2\/media?parent=5886"}],"curies":[{"name":"wp","href":"https:\/\/api.w.org\/{rel}","templated":true}]}}