{"id":5597,"date":"2021-01-28T12:43:05","date_gmt":"2021-01-28T15:43:05","guid":{"rendered":"https:\/\/abelfigueiredo.pa.gov.br\/site\/\/?page_id=5597"},"modified":"2024-05-23T11:08:51","modified_gmt":"2024-05-23T14:08:51","slug":"secretaria-municipal-de-desenvolvimento-e-promocao-social","status":"publish","type":"page","link":"https:\/\/abelfigueiredo.pa.gov.br\/site\/o-governo\/estrutura-organizacional\/secretaria-municipal-de-desenvolvimento-e-promocao-social\/","title":{"rendered":"Secretaria Municipal de Desenvolvimento e Promo\u00e7\u00e3o Social"},"content":{"rendered":"<p><strong>Respons\u00e1vel: <\/strong>Zilma da Silva Costa<\/p>\n<p><strong>Hor\u00e1rio de Atendimento:<\/strong> De 08:00h \u00e0s 14:00h<\/p>\n<p><strong>Endere\u00e7o: <\/strong>Av. juscelino kubitschek, 634, Centro, Abel Figueiredo &#8211; CEP 68.527-000<\/p>\n<p><strong>Telefone: <\/strong>(94) 99192-0559<\/p>\n<p><strong>E-mail: <\/strong>assisteciaabel@gmail.com<\/p>\n<h2>Compet\u00eancias<\/h2>\n<p>\u00c9 de compet\u00eancia da Secretaria de Assist\u00eancia Social: Planejar e executar as pol\u00edticas de assist\u00eancia social do Munic\u00edpio; Realizar o planejamento operacional e o desenvolvimento de a\u00e7\u00f5es na \u00e1rea de assist\u00eancia social; Prover servi\u00e7os, programas, projetos e benef\u00edcios de prote\u00e7\u00e3o social b\u00e1sica e\/ou especial para as fam\u00edlias, indiv\u00edduos e grupos que deles necessitem; Contribuir com a inclus\u00e3o e a equidade dos usu\u00e1rios e grupos espec\u00edficos, ampliando o acesso aos bens e servi\u00e7os socio assistenciais b\u00e1sicos e especiais na \u00e1rea urbana e rural; Assegurar que as a\u00e7\u00f5es no \u00e2mbito da assist\u00eancia social tenham centralidade na fam\u00edlia e que garantam a conviv\u00eancia familiar e comunit\u00e1ria;<\/p>\n","protected":false},"excerpt":{"rendered":"<p>Respons\u00e1vel: Zilma da Silva Costa Hor\u00e1rio de Atendimento: De 08:00h \u00e0s 14:00h Endere\u00e7o: Av. juscelino kubitschek, 634, Centro, Abel Figueiredo &#8211; CEP 68.527-000 Telefone: (94) 99192-0559 E-mail: assisteciaabel@gmail.com Compet\u00eancias \u00c9 de compet\u00eancia da Secretaria de Assist\u00eancia Social: Planejar e executar as pol\u00edticas de assist\u00eancia social do Munic\u00edpio; Realizar o planejamento operacional e o desenvolvimento de<\/p>\n<div class=\"read-more\"><a href=\"https:\/\/abelfigueiredo.pa.gov.br\/site\/o-governo\/estrutura-organizacional\/secretaria-municipal-de-desenvolvimento-e-promocao-social\/\" title=\"Veja mais\">Veja mais<\/a><\/div>\n","protected":false},"author":1,"featured_media":0,"parent":676,"menu_order":0,"comment_status":"closed","ping_status":"closed","template":"","meta":{"footnotes":""},"class_list":["post-5597","page","type-page","status-publish"],"yoast_head":"<!-- This site is optimized with the Yoast SEO plugin v26.6 - https:\/\/yoast.com\/wordpress\/plugins\/seo\/ -->\n<title>Secretaria Municipal de Desenvolvimento e Promo\u00e7\u00e3o Social - Prefeitura Municipal de Abel Figueiredo | Gest\u00e3o 2025-2028<\/title>\n<meta name=\"robots\" content=\"index, follow, max-snippet:-1, max-image-preview:large, max-video-preview:-1\" \/>\n<link rel=\"canonical\" href=\"https:\/\/abelfigueiredo.pa.gov.br\/site\/o-governo\/estrutura-organizacional\/secretaria-municipal-de-desenvolvimento-e-promocao-social\/\" \/>\n<meta property=\"og:locale\" content=\"pt_BR\" \/>\n<meta property=\"og:type\" content=\"article\" \/>\n<meta property=\"og:title\" content=\"Secretaria Municipal de Desenvolvimento e Promo\u00e7\u00e3o Social - Prefeitura Municipal de Abel Figueiredo | Gest\u00e3o 2025-2028\" \/>\n<meta property=\"og:description\" content=\"Respons\u00e1vel: Zilma da Silva Costa Hor\u00e1rio de Atendimento: De 08:00h \u00e0s 14:00h Endere\u00e7o: Av. juscelino kubitschek, 634, Centro, Abel Figueiredo &#8211; CEP 68.527-000 Telefone: (94) 99192-0559 E-mail: assisteciaabel@gmail.com Compet\u00eancias \u00c9 de compet\u00eancia da Secretaria de Assist\u00eancia Social: Planejar e executar as pol\u00edticas de assist\u00eancia social do Munic\u00edpio; Realizar o planejamento operacional e o desenvolvimento deVeja mais\" \/>\n<meta property=\"og:url\" content=\"https:\/\/abelfigueiredo.pa.gov.br\/site\/o-governo\/estrutura-organizacional\/secretaria-municipal-de-desenvolvimento-e-promocao-social\/\" \/>\n<meta property=\"og:site_name\" content=\"Prefeitura Municipal de Abel Figueiredo | Gest\u00e3o 2025-2028\" \/>\n<meta property=\"article:modified_time\" content=\"2024-05-23T14:08:51+00:00\" \/>\n<meta name=\"twitter:label1\" content=\"Est. tempo de leitura\" \/>\n\t<meta name=\"twitter:data1\" content=\"1 minuto\" \/>\n<script type=\"application\/ld+json\" class=\"yoast-schema-graph\">{\"@context\":\"https:\/\/schema.org\",\"@graph\":[{\"@type\":\"WebPage\",\"@id\":\"https:\/\/abelfigueiredo.pa.gov.br\/site\/o-governo\/estrutura-organizacional\/secretaria-municipal-de-desenvolvimento-e-promocao-social\/\",\"url\":\"https:\/\/abelfigueiredo.pa.gov.br\/site\/o-governo\/estrutura-organizacional\/secretaria-municipal-de-desenvolvimento-e-promocao-social\/\",\"name\":\"Secretaria Municipal de Desenvolvimento e Promo\u00e7\u00e3o Social - Prefeitura Municipal de Abel Figueiredo | Gest\u00e3o 2025-2028\",\"isPartOf\":{\"@id\":\"https:\/\/abelfigueiredo.pa.gov.br\/site\/#website\"},\"datePublished\":\"2021-01-28T15:43:05+00:00\",\"dateModified\":\"2024-05-23T14:08:51+00:00\",\"breadcrumb\":{\"@id\":\"https:\/\/abelfigueiredo.pa.gov.br\/site\/o-governo\/estrutura-organizacional\/secretaria-municipal-de-desenvolvimento-e-promocao-social\/#breadcrumb\"},\"inLanguage\":\"pt-BR\",\"potentialAction\":[{\"@type\":\"ReadAction\",\"target\":[\"https:\/\/abelfigueiredo.pa.gov.br\/site\/o-governo\/estrutura-organizacional\/secretaria-municipal-de-desenvolvimento-e-promocao-social\/\"]}]},{\"@type\":\"BreadcrumbList\",\"@id\":\"https:\/\/abelfigueiredo.pa.gov.br\/site\/o-governo\/estrutura-organizacional\/secretaria-municipal-de-desenvolvimento-e-promocao-social\/#breadcrumb\",\"itemListElement\":[{\"@type\":\"ListItem\",\"position\":1,\"name\":\"O Governo\",\"item\":\"https:\/\/abelfigueiredo.pa.gov.br\/site\/o-governo\/\"},{\"@type\":\"ListItem\",\"position\":2,\"name\":\"Estrutura Organizacional\",\"item\":\"https:\/\/abelfigueiredo.pa.gov.br\/site\/o-governo\/estrutura-organizacional\/\"},{\"@type\":\"ListItem\",\"position\":3,\"name\":\"Secretaria Municipal de Desenvolvimento e Promo\u00e7\u00e3o Social\"}]},{\"@type\":\"WebSite\",\"@id\":\"https:\/\/abelfigueiredo.pa.gov.br\/site\/#website\",\"url\":\"https:\/\/abelfigueiredo.pa.gov.br\/site\/\",\"name\":\"Prefeitura Municipal de Abel Figueiredo | Gest\u00e3o 2025-2028\",\"description\":\"Site oficial da Prefeitura Municipal de Abel Figueiredo\",\"potentialAction\":[{\"@type\":\"SearchAction\",\"target\":{\"@type\":\"EntryPoint\",\"urlTemplate\":\"https:\/\/abelfigueiredo.pa.gov.br\/site\/?s={search_term_string}\"},\"query-input\":{\"@type\":\"PropertyValueSpecification\",\"valueRequired\":true,\"valueName\":\"search_term_string\"}}],\"inLanguage\":\"pt-BR\"}]}<\/script>\n<!-- \/ Yoast SEO plugin. -->","yoast_head_json":{"title":"Secretaria Municipal de Desenvolvimento e Promo\u00e7\u00e3o Social - Prefeitura Municipal de Abel Figueiredo | Gest\u00e3o 2025-2028","robots":{"index":"index","follow":"follow","max-snippet":"max-snippet:-1","max-image-preview":"max-image-preview:large","max-video-preview":"max-video-preview:-1"},"canonical":"https:\/\/abelfigueiredo.pa.gov.br\/site\/o-governo\/estrutura-organizacional\/secretaria-municipal-de-desenvolvimento-e-promocao-social\/","og_locale":"pt_BR","og_type":"article","og_title":"Secretaria Municipal de Desenvolvimento e Promo\u00e7\u00e3o Social - Prefeitura Municipal de Abel Figueiredo | Gest\u00e3o 2025-2028","og_description":"Respons\u00e1vel: Zilma da Silva Costa Hor\u00e1rio de Atendimento: De 08:00h \u00e0s 14:00h Endere\u00e7o: Av. juscelino kubitschek, 634, Centro, Abel Figueiredo &#8211; CEP 68.527-000 Telefone: (94) 99192-0559 E-mail: assisteciaabel@gmail.com Compet\u00eancias \u00c9 de compet\u00eancia da Secretaria de Assist\u00eancia Social: Planejar e executar as pol\u00edticas de assist\u00eancia social do Munic\u00edpio; Realizar o planejamento operacional e o desenvolvimento deVeja mais","og_url":"https:\/\/abelfigueiredo.pa.gov.br\/site\/o-governo\/estrutura-organizacional\/secretaria-municipal-de-desenvolvimento-e-promocao-social\/","og_site_name":"Prefeitura Municipal de Abel Figueiredo | Gest\u00e3o 2025-2028","article_modified_time":"2024-05-23T14:08:51+00:00","twitter_misc":{"Est. tempo de leitura":"1 minuto"},"schema":{"@context":"https:\/\/schema.org","@graph":[{"@type":"WebPage","@id":"https:\/\/abelfigueiredo.pa.gov.br\/site\/o-governo\/estrutura-organizacional\/secretaria-municipal-de-desenvolvimento-e-promocao-social\/","url":"https:\/\/abelfigueiredo.pa.gov.br\/site\/o-governo\/estrutura-organizacional\/secretaria-municipal-de-desenvolvimento-e-promocao-social\/","name":"Secretaria Municipal de Desenvolvimento e Promo\u00e7\u00e3o Social - Prefeitura Municipal de Abel Figueiredo | Gest\u00e3o 2025-2028","isPartOf":{"@id":"https:\/\/abelfigueiredo.pa.gov.br\/site\/#website"},"datePublished":"2021-01-28T15:43:05+00:00","dateModified":"2024-05-23T14:08:51+00:00","breadcrumb":{"@id":"https:\/\/abelfigueiredo.pa.gov.br\/site\/o-governo\/estrutura-organizacional\/secretaria-municipal-de-desenvolvimento-e-promocao-social\/#breadcrumb"},"inLanguage":"pt-BR","potentialAction":[{"@type":"ReadAction","target":["https:\/\/abelfigueiredo.pa.gov.br\/site\/o-governo\/estrutura-organizacional\/secretaria-municipal-de-desenvolvimento-e-promocao-social\/"]}]},{"@type":"BreadcrumbList","@id":"https:\/\/abelfigueiredo.pa.gov.br\/site\/o-governo\/estrutura-organizacional\/secretaria-municipal-de-desenvolvimento-e-promocao-social\/#breadcrumb","itemListElement":[{"@type":"ListItem","position":1,"name":"O Governo","item":"https:\/\/abelfigueiredo.pa.gov.br\/site\/o-governo\/"},{"@type":"ListItem","position":2,"name":"Estrutura Organizacional","item":"https:\/\/abelfigueiredo.pa.gov.br\/site\/o-governo\/estrutura-organizacional\/"},{"@type":"ListItem","position":3,"name":"Secretaria Municipal de Desenvolvimento e Promo\u00e7\u00e3o Social"}]},{"@type":"WebSite","@id":"https:\/\/abelfigueiredo.pa.gov.br\/site\/#website","url":"https:\/\/abelfigueiredo.pa.gov.br\/site\/","name":"Prefeitura Municipal de Abel Figueiredo | Gest\u00e3o 2025-2028","description":"Site oficial da Prefeitura Municipal de Abel Figueiredo","potentialAction":[{"@type":"SearchAction","target":{"@type":"EntryPoint","urlTemplate":"https:\/\/abelfigueiredo.pa.gov.br\/site\/?s={search_term_string}"},"query-input":{"@type":"PropertyValueSpecification","valueRequired":true,"valueName":"search_term_string"}}],"inLanguage":"pt-BR"}]}},"_links":{"self":[{"href":"https:\/\/abelfigueiredo.pa.gov.br\/site\/wp-json\/wp\/v2\/pages\/5597","targetHints":{"allow":["GET"]}}],"collection":[{"href":"https:\/\/abelfigueiredo.pa.gov.br\/site\/wp-json\/wp\/v2\/pages"}],"about":[{"href":"https:\/\/abelfigueiredo.pa.gov.br\/site\/wp-json\/wp\/v2\/types\/page"}],"author":[{"embeddable":true,"href":"https:\/\/abelfigueiredo.pa.gov.br\/site\/wp-json\/wp\/v2\/users\/1"}],"replies":[{"embeddable":true,"href":"https:\/\/abelfigueiredo.pa.gov.br\/site\/wp-json\/wp\/v2\/comments?post=5597"}],"version-history":[{"count":11,"href":"https:\/\/abelfigueiredo.pa.gov.br\/site\/wp-json\/wp\/v2\/pages\/5597\/revisions"}],"predecessor-version":[{"id":17829,"href":"https:\/\/abelfigueiredo.pa.gov.br\/site\/wp-json\/wp\/v2\/pages\/5597\/revisions\/17829"}],"up":[{"embeddable":true,"href":"https:\/\/abelfigueiredo.pa.gov.br\/site\/wp-json\/wp\/v2\/pages\/676"}],"wp:attachment":[{"href":"https:\/\/abelfigueiredo.pa.gov.br\/site\/wp-json\/wp\/v2\/media?parent=5597"}],"curies":[{"name":"wp","href":"https:\/\/api.w.org\/{rel}","templated":true}]}}