{"id":2150,"date":"2019-02-12T12:09:36","date_gmt":"2019-02-12T15:09:36","guid":{"rendered":"http:\/\/abelfigueiredo.pa.gov.br\/site\/\/?page_id=2150"},"modified":"2025-08-25T10:03:05","modified_gmt":"2025-08-25T13:03:05","slug":"regulamentacao-da-concessao-de-diarias","status":"publish","type":"page","link":"https:\/\/abelfigueiredo.pa.gov.br\/site\/portal-da-transparencia\/regulamentacao-da-concessao-de-diarias\/","title":{"rendered":"Regulamenta\u00e7\u00e3o da Concess\u00e3o de Di\u00e1rias"},"content":{"rendered":"<p>Declaramos que o ente n\u00e3o possui regulamenta\u00e7\u00e3o para os valores das di\u00e1rias fora do pa\u00eds.<\/p>\n<ul>\n<li><a href=\"https:\/\/abelfigueiredo.pa.gov.br\/site\/wp-content\/uploads\/2025\/08\/DECRETO-033.2025.pdf\" target=\"_blank\" rel=\"noopener\">Decreto N\u00ba 033\/2025:<\/a>Disciplina e regulamenta, no \u00e2mbito do Munic\u00edpio de Abel Figueiredo, os procedimentos internos destinados \u00e0 solicita\u00e7\u00e3o, concess\u00e3o e presta\u00e7\u00e3o de contas de di\u00e1rias conforme os Art. 61 e 62 da Lei Municipal N\u00ba 053\/1997 e d\u00e1 outras provid\u00eancias.<\/li>\n<li><a href=\"https:\/\/abelfigueiredo.pa.gov.br\/site\/wp-content\/uploads\/2023\/06\/D-002.2021.pdf\" target=\"_blank\" rel=\"noopener\" data-saferedirecturl=\"https:\/\/www.google.com\/url?q=https:\/\/abelfigueiredo.pa.gov.br\/site\/wp-content\/uploads\/2023\/06\/D-002.2021.pdf&amp;source=gmail&amp;ust=1695397166901000&amp;usg=AOvVaw31yeZF-upWnjhMLiKthd73\">Decreto N\u00ba 002\/2021<\/a>: Disp\u00f5e sobre a concess\u00e3o de di\u00e1rias na administra\u00e7\u00e3o p\u00fablica municipal e d\u00e1 outras provid\u00eancias<\/li>\n<li><a href=\"https:\/\/abelfigueiredo.pa.gov.br\/site\/wp-content\/uploads\/2023\/06\/D-021.2017.pdf\" target=\"_blank\" rel=\"noopener\" data-saferedirecturl=\"https:\/\/www.google.com\/url?q=https:\/\/abelfigueiredo.pa.gov.br\/site\/wp-content\/uploads\/2023\/06\/D-021.2017.pdf&amp;source=gmail&amp;ust=1695397166901000&amp;usg=AOvVaw2GhRWkt7rdVIxO5JJxjf0f\">Decreto N\u00ba 021\/2017<\/a>: Regulamenta o pagamento e estabelece o valor de di\u00e1rias dos servidores p\u00fablicos, prefeito, vice-prefeito, secret\u00e1rios municipais e d\u00e1 outras provid\u00eancias<\/li>\n<li><a href=\"https:\/\/abelfigueiredo.pa.gov.br\/site\/wp-content\/uploads\/2023\/06\/D-019.2011.pdf\" target=\"_blank\" rel=\"noopener\" data-saferedirecturl=\"https:\/\/www.google.com\/url?q=https:\/\/abelfigueiredo.pa.gov.br\/site\/wp-content\/uploads\/2023\/06\/D-019.2011.pdf&amp;source=gmail&amp;ust=1695397166901000&amp;usg=AOvVaw3T9sjreOwlQPkotwVlfAQ7\">Decreto N\u00ba 019\/2011<\/a>: Institui o valor de di\u00e1rias para os servidores p\u00fablicos e d\u00e1 outras provid\u00eancias<\/li>\n<li><a href=\"https:\/\/abelfigueiredo.pa.gov.br\/site\/wp-content\/uploads\/2023\/06\/L-053.1997.pdf\" target=\"_blank\" rel=\"noopener\" data-saferedirecturl=\"https:\/\/www.google.com\/url?q=https:\/\/abelfigueiredo.pa.gov.br\/site\/wp-content\/uploads\/2023\/06\/L-053.1997.pdf&amp;source=gmail&amp;ust=1695397166901000&amp;usg=AOvVaw2AC_11Wp_g7tnGl91LvvnU\">LEI N\u00ba 053\/1997, DE 10 DE MAIO DE 1997<\/a>: Disp\u00f5e sobre o regime jur\u00eddico \u00fanico dos servidores p\u00fablicos do munic\u00edpio de Abel Figueiredo e d\u00e1 outras provid\u00eancias<\/li>\n<\/ul>\n","protected":false},"excerpt":{"rendered":"<p>Declaramos que o ente n\u00e3o possui regulamenta\u00e7\u00e3o para os valores das di\u00e1rias fora do pa\u00eds. Decreto N\u00ba 033\/2025:Disciplina e regulamenta, no \u00e2mbito do Munic\u00edpio de Abel Figueiredo, os procedimentos internos destinados \u00e0 solicita\u00e7\u00e3o, concess\u00e3o e presta\u00e7\u00e3o de contas de di\u00e1rias conforme os Art. 61 e 62 da Lei Municipal N\u00ba 053\/1997 e d\u00e1 outras provid\u00eancias.<\/p>\n<div class=\"read-more\"><a href=\"https:\/\/abelfigueiredo.pa.gov.br\/site\/portal-da-transparencia\/regulamentacao-da-concessao-de-diarias\/\" title=\"Veja mais\">Veja mais<\/a><\/div>\n","protected":false},"author":1,"featured_media":0,"parent":1862,"menu_order":0,"comment_status":"closed","ping_status":"closed","template":"","meta":{"footnotes":""},"class_list":["post-2150","page","type-page","status-publish"],"yoast_head":"<!-- This site is optimized with the Yoast SEO plugin v26.6 - https:\/\/yoast.com\/wordpress\/plugins\/seo\/ -->\n<title>Regulamenta\u00e7\u00e3o da Concess\u00e3o de Di\u00e1rias - Prefeitura Municipal de Abel Figueiredo | Gest\u00e3o 2025-2028<\/title>\n<meta name=\"robots\" content=\"index, follow, max-snippet:-1, max-image-preview:large, max-video-preview:-1\" \/>\n<link rel=\"canonical\" href=\"https:\/\/abelfigueiredo.pa.gov.br\/site\/portal-da-transparencia\/regulamentacao-da-concessao-de-diarias\/\" \/>\n<meta property=\"og:locale\" content=\"pt_BR\" \/>\n<meta property=\"og:type\" content=\"article\" \/>\n<meta property=\"og:title\" content=\"Regulamenta\u00e7\u00e3o da Concess\u00e3o de Di\u00e1rias - Prefeitura Municipal de Abel Figueiredo | Gest\u00e3o 2025-2028\" \/>\n<meta property=\"og:description\" content=\"Declaramos que o ente n\u00e3o possui regulamenta\u00e7\u00e3o para os valores das di\u00e1rias fora do pa\u00eds. Decreto N\u00ba 033\/2025:Disciplina e regulamenta, no \u00e2mbito do Munic\u00edpio de Abel Figueiredo, os procedimentos internos destinados \u00e0 solicita\u00e7\u00e3o, concess\u00e3o e presta\u00e7\u00e3o de contas de di\u00e1rias conforme os Art. 61 e 62 da Lei Municipal N\u00ba 053\/1997 e d\u00e1 outras provid\u00eancias.Veja mais\" \/>\n<meta property=\"og:url\" content=\"https:\/\/abelfigueiredo.pa.gov.br\/site\/portal-da-transparencia\/regulamentacao-da-concessao-de-diarias\/\" \/>\n<meta property=\"og:site_name\" content=\"Prefeitura Municipal de Abel Figueiredo | Gest\u00e3o 2025-2028\" \/>\n<meta property=\"article:modified_time\" content=\"2025-08-25T13:03:05+00:00\" \/>\n<meta name=\"twitter:label1\" content=\"Est. tempo de leitura\" \/>\n\t<meta name=\"twitter:data1\" content=\"1 minuto\" \/>\n<script type=\"application\/ld+json\" class=\"yoast-schema-graph\">{\"@context\":\"https:\/\/schema.org\",\"@graph\":[{\"@type\":\"WebPage\",\"@id\":\"https:\/\/abelfigueiredo.pa.gov.br\/site\/portal-da-transparencia\/regulamentacao-da-concessao-de-diarias\/\",\"url\":\"https:\/\/abelfigueiredo.pa.gov.br\/site\/portal-da-transparencia\/regulamentacao-da-concessao-de-diarias\/\",\"name\":\"Regulamenta\u00e7\u00e3o da Concess\u00e3o de Di\u00e1rias - Prefeitura Municipal de Abel Figueiredo | Gest\u00e3o 2025-2028\",\"isPartOf\":{\"@id\":\"https:\/\/abelfigueiredo.pa.gov.br\/site\/#website\"},\"datePublished\":\"2019-02-12T15:09:36+00:00\",\"dateModified\":\"2025-08-25T13:03:05+00:00\",\"breadcrumb\":{\"@id\":\"https:\/\/abelfigueiredo.pa.gov.br\/site\/portal-da-transparencia\/regulamentacao-da-concessao-de-diarias\/#breadcrumb\"},\"inLanguage\":\"pt-BR\",\"potentialAction\":[{\"@type\":\"ReadAction\",\"target\":[\"https:\/\/abelfigueiredo.pa.gov.br\/site\/portal-da-transparencia\/regulamentacao-da-concessao-de-diarias\/\"]}]},{\"@type\":\"BreadcrumbList\",\"@id\":\"https:\/\/abelfigueiredo.pa.gov.br\/site\/portal-da-transparencia\/regulamentacao-da-concessao-de-diarias\/#breadcrumb\",\"itemListElement\":[{\"@type\":\"ListItem\",\"position\":1,\"name\":\"Portal da Transpar\u00eancia\",\"item\":\"https:\/\/abelfigueiredo.pa.gov.br\/site\/portal-da-transparencia\/\"},{\"@type\":\"ListItem\",\"position\":2,\"name\":\"Regulamenta\u00e7\u00e3o da Concess\u00e3o de Di\u00e1rias\"}]},{\"@type\":\"WebSite\",\"@id\":\"https:\/\/abelfigueiredo.pa.gov.br\/site\/#website\",\"url\":\"https:\/\/abelfigueiredo.pa.gov.br\/site\/\",\"name\":\"Prefeitura Municipal de Abel Figueiredo | Gest\u00e3o 2025-2028\",\"description\":\"Site oficial da Prefeitura Municipal de Abel Figueiredo\",\"potentialAction\":[{\"@type\":\"SearchAction\",\"target\":{\"@type\":\"EntryPoint\",\"urlTemplate\":\"https:\/\/abelfigueiredo.pa.gov.br\/site\/?s={search_term_string}\"},\"query-input\":{\"@type\":\"PropertyValueSpecification\",\"valueRequired\":true,\"valueName\":\"search_term_string\"}}],\"inLanguage\":\"pt-BR\"}]}<\/script>\n<!-- \/ Yoast SEO plugin. -->","yoast_head_json":{"title":"Regulamenta\u00e7\u00e3o da Concess\u00e3o de Di\u00e1rias - Prefeitura Municipal de Abel Figueiredo | Gest\u00e3o 2025-2028","robots":{"index":"index","follow":"follow","max-snippet":"max-snippet:-1","max-image-preview":"max-image-preview:large","max-video-preview":"max-video-preview:-1"},"canonical":"https:\/\/abelfigueiredo.pa.gov.br\/site\/portal-da-transparencia\/regulamentacao-da-concessao-de-diarias\/","og_locale":"pt_BR","og_type":"article","og_title":"Regulamenta\u00e7\u00e3o da Concess\u00e3o de Di\u00e1rias - Prefeitura Municipal de Abel Figueiredo | Gest\u00e3o 2025-2028","og_description":"Declaramos que o ente n\u00e3o possui regulamenta\u00e7\u00e3o para os valores das di\u00e1rias fora do pa\u00eds. Decreto N\u00ba 033\/2025:Disciplina e regulamenta, no \u00e2mbito do Munic\u00edpio de Abel Figueiredo, os procedimentos internos destinados \u00e0 solicita\u00e7\u00e3o, concess\u00e3o e presta\u00e7\u00e3o de contas de di\u00e1rias conforme os Art. 61 e 62 da Lei Municipal N\u00ba 053\/1997 e d\u00e1 outras provid\u00eancias.Veja mais","og_url":"https:\/\/abelfigueiredo.pa.gov.br\/site\/portal-da-transparencia\/regulamentacao-da-concessao-de-diarias\/","og_site_name":"Prefeitura Municipal de Abel Figueiredo | Gest\u00e3o 2025-2028","article_modified_time":"2025-08-25T13:03:05+00:00","twitter_misc":{"Est. tempo de leitura":"1 minuto"},"schema":{"@context":"https:\/\/schema.org","@graph":[{"@type":"WebPage","@id":"https:\/\/abelfigueiredo.pa.gov.br\/site\/portal-da-transparencia\/regulamentacao-da-concessao-de-diarias\/","url":"https:\/\/abelfigueiredo.pa.gov.br\/site\/portal-da-transparencia\/regulamentacao-da-concessao-de-diarias\/","name":"Regulamenta\u00e7\u00e3o da Concess\u00e3o de Di\u00e1rias - Prefeitura Municipal de Abel Figueiredo | Gest\u00e3o 2025-2028","isPartOf":{"@id":"https:\/\/abelfigueiredo.pa.gov.br\/site\/#website"},"datePublished":"2019-02-12T15:09:36+00:00","dateModified":"2025-08-25T13:03:05+00:00","breadcrumb":{"@id":"https:\/\/abelfigueiredo.pa.gov.br\/site\/portal-da-transparencia\/regulamentacao-da-concessao-de-diarias\/#breadcrumb"},"inLanguage":"pt-BR","potentialAction":[{"@type":"ReadAction","target":["https:\/\/abelfigueiredo.pa.gov.br\/site\/portal-da-transparencia\/regulamentacao-da-concessao-de-diarias\/"]}]},{"@type":"BreadcrumbList","@id":"https:\/\/abelfigueiredo.pa.gov.br\/site\/portal-da-transparencia\/regulamentacao-da-concessao-de-diarias\/#breadcrumb","itemListElement":[{"@type":"ListItem","position":1,"name":"Portal da Transpar\u00eancia","item":"https:\/\/abelfigueiredo.pa.gov.br\/site\/portal-da-transparencia\/"},{"@type":"ListItem","position":2,"name":"Regulamenta\u00e7\u00e3o da Concess\u00e3o de Di\u00e1rias"}]},{"@type":"WebSite","@id":"https:\/\/abelfigueiredo.pa.gov.br\/site\/#website","url":"https:\/\/abelfigueiredo.pa.gov.br\/site\/","name":"Prefeitura Municipal de Abel Figueiredo | Gest\u00e3o 2025-2028","description":"Site oficial da Prefeitura Municipal de Abel Figueiredo","potentialAction":[{"@type":"SearchAction","target":{"@type":"EntryPoint","urlTemplate":"https:\/\/abelfigueiredo.pa.gov.br\/site\/?s={search_term_string}"},"query-input":{"@type":"PropertyValueSpecification","valueRequired":true,"valueName":"search_term_string"}}],"inLanguage":"pt-BR"}]}},"_links":{"self":[{"href":"https:\/\/abelfigueiredo.pa.gov.br\/site\/wp-json\/wp\/v2\/pages\/2150","targetHints":{"allow":["GET"]}}],"collection":[{"href":"https:\/\/abelfigueiredo.pa.gov.br\/site\/wp-json\/wp\/v2\/pages"}],"about":[{"href":"https:\/\/abelfigueiredo.pa.gov.br\/site\/wp-json\/wp\/v2\/types\/page"}],"author":[{"embeddable":true,"href":"https:\/\/abelfigueiredo.pa.gov.br\/site\/wp-json\/wp\/v2\/users\/1"}],"replies":[{"embeddable":true,"href":"https:\/\/abelfigueiredo.pa.gov.br\/site\/wp-json\/wp\/v2\/comments?post=2150"}],"version-history":[{"count":9,"href":"https:\/\/abelfigueiredo.pa.gov.br\/site\/wp-json\/wp\/v2\/pages\/2150\/revisions"}],"predecessor-version":[{"id":19480,"href":"https:\/\/abelfigueiredo.pa.gov.br\/site\/wp-json\/wp\/v2\/pages\/2150\/revisions\/19480"}],"up":[{"embeddable":true,"href":"https:\/\/abelfigueiredo.pa.gov.br\/site\/wp-json\/wp\/v2\/pages\/1862"}],"wp:attachment":[{"href":"https:\/\/abelfigueiredo.pa.gov.br\/site\/wp-json\/wp\/v2\/media?parent=2150"}],"curies":[{"name":"wp","href":"https:\/\/api.w.org\/{rel}","templated":true}]}}