{"id":2126,"date":"2018-01-29T10:07:26","date_gmt":"2018-01-29T13:07:26","guid":{"rendered":"http:\/\/abelfigueiredo.pa.gov.br\/site\/\/?page_id=2126"},"modified":"2025-02-18T14:18:38","modified_gmt":"2025-02-18T17:18:38","slug":"relatorio-controle-interno","status":"publish","type":"page","link":"https:\/\/abelfigueiredo.pa.gov.br\/site\/portal-da-transparencia\/relatorio-controle-interno\/","title":{"rendered":"Relat\u00f3rio do Controle Interno"},"content":{"rendered":"<h2>2024<\/h2>\n<ul>\n<li><a href=\"https:\/\/abelfigueiredo.pa.gov.br\/site\/wp-content\/uploads\/2025\/02\/ABEL-FIG.-RELATORIO-ANUAL-DO-CONTROLE-INTERNO-2024.pdf\" target=\"_blank\" rel=\"noopener\">Relat\u00f3rio Anual Consolidado<\/a><\/li>\n<li><a href=\"https:\/\/abelfigueiredo.pa.gov.br\/site\/wp-content\/uploads\/2025\/02\/ABEL-FIG.-RELATORIO-DO-CONTROLE-INTERNO-3o-QD-2024.pdf\">3\u00ba Quadrimestre<\/a><\/li>\n<li><a href=\"https:\/\/abelfigueiredo.pa.gov.br\/site\/wp-content\/uploads\/2024\/09\/ABEL-FIG.-RELATORIO-DO-CONTROLE-INTERNO-2o-QD-2024.pdf\" target=\"_blank\" rel=\"noopener\">2\u00ba Quadrimestre<\/a><\/li>\n<li><a href=\"https:\/\/abelfigueiredo.pa.gov.br\/site\/wp-content\/uploads\/2024\/06\/ABEL-FIG.-RELATORIO-DO-CONTROLE-INTERNO-1o-QD-2024.pdf\" target=\"_blank\" rel=\"noopener\">1\u00ba Quadrimestre<\/a><\/li>\n<\/ul>\n<h2>2023<\/h2>\n<ul>\n<li><a href=\"https:\/\/abelfigueiredo.pa.gov.br\/site\/wp-content\/uploads\/2024\/02\/ABEL-FIG.-RELATORIO-ANUAL-DO-CONTROLE-INTERNO-2023.pdf\" target=\"_blank\" rel=\"noopener\">Relat\u00f3rio Anual<\/a><\/li>\n<li><a href=\"https:\/\/abelfigueiredo.pa.gov.br\/site\/wp-content\/uploads\/2024\/02\/ABEL-FIG.-RELATORIO-DO-CONTROLE-INTERNO-3o-QD-2023.pdf\" target=\"_blank\" rel=\"noopener\">3\u00ba Quadrimestre<\/a><\/li>\n<li><a href=\"https:\/\/abelfigueiredo.pa.gov.br\/site\/wp-content\/uploads\/2023\/10\/ABEL-FIG.-RELATORIO-DO-CONTROLE-INTERNO-2o-QD-2023.pdf\" target=\"_blank\" rel=\"noopener\">2\u00ba Quadrimestre<\/a><\/li>\n<li><a href=\"https:\/\/abelfigueiredo.pa.gov.br\/site\/wp-content\/uploads\/2023\/10\/ABEL-FIG.-RELATORIO-DO-CONTROLE-INTERNO-1o-QD-2023.pdf\" target=\"_blank\" rel=\"noopener\">1\u00ba Quadrimestre<\/a><\/li>\n<\/ul>\n<h2>2022<\/h2>\n<ul>\n<li><a href=\"https:\/\/abelfigueiredo.pa.gov.br\/site\/wp-content\/uploads\/2023\/10\/Relatorio-Anual-Controle-Interno-2022.pdf\" target=\"_blank\" rel=\"noopener\">Relat\u00f3rio Anual<\/a><\/li>\n<li><a href=\"https:\/\/abelfigueiredo.pa.gov.br\/site\/wp-content\/uploads\/2023\/10\/Relatorio-terceiro-quadrimestre-2022-1-18.pdf\" target=\"_blank\" rel=\"noopener\">3\u00ba Quadrimestre<\/a><\/li>\n<li><a href=\"https:\/\/abelfigueiredo.pa.gov.br\/site\/wp-content\/uploads\/2023\/10\/Relatorio-segundo-quadrimestre-2022.pdf\" target=\"_blank\" rel=\"noopener\">2\u00ba Quadrimestre<\/a><\/li>\n<li><a href=\"https:\/\/abelfigueiredo.pa.gov.br\/site\/wp-content\/uploads\/2023\/10\/Relatorio-primeiro-quadrimestre-2022-CI.pdf\" target=\"_blank\" rel=\"noopener\">1\u00ba Quadrimestre<\/a><\/li>\n<\/ul>\n<h2>2021<\/h2>\n<ul>\n<li><a href=\"https:\/\/abelfigueiredo.pa.gov.br\/site\/wp-content\/uploads\/2023\/10\/Relatorio-Anual-Controle-Interno-2021.pdf\" target=\"_blank\" rel=\"noopener\">Relat\u00f3rio Anual<\/a><\/li>\n<li><a href=\"https:\/\/abelfigueiredo.pa.gov.br\/site\/wp-content\/uploads\/2023\/10\/Relatorio-terceiro-quadrimestre-2021-CI.pdf\" target=\"_blank\" rel=\"noopener\">3\u00ba Quadrimestre<\/a><\/li>\n<li><a href=\"https:\/\/abelfigueiredo.pa.gov.br\/site\/wp-content\/uploads\/2023\/10\/Relatorio-segundo-quadrimestre-2021-CI.pdf\" target=\"_blank\" rel=\"noopener\">2\u00ba Quadrimestre<\/a><\/li>\n<li><a href=\"https:\/\/abelfigueiredo.pa.gov.br\/site\/wp-content\/uploads\/2023\/10\/Relatorio-primeiro-quadrimestre-2021-CI.pdf\" target=\"_blank\" rel=\"noopener\">1\u00ba Quadrimestre<\/a><\/li>\n<\/ul>\n<h2>2020<\/h2>\n<ul>\n<li><a href=\"https:\/\/abelfigueiredo.pa.gov.br\/site\/wp-content\/uploads\/2023\/10\/RELATORIO-ANUAL-DO-CONTROLE-INTERNO-2020-assinado.pdf\" target=\"_blank\" rel=\"noopener\">Clique aqui para visualizar<\/a><\/li>\n<\/ul>\n<h2>2019<\/h2>\n<ul>\n<li><a href=\"https:\/\/abelfigueiredo.pa.gov.br\/site\/wp-content\/uploads\/2023\/10\/RELATORIO-ANUAL-DO-CONTROLE-INTERNO__2019_0000001.pdf\" target=\"_blank\" rel=\"noopener\">Clique aqui para visualizar<\/a><\/li>\n<\/ul>\n<h2>2018<\/h2>\n<ul>\n<li><a href=\"https:\/\/abelfigueiredo.pa.gov.br\/site\/wp-content\/uploads\/2023\/10\/RELATORIO-ANUAL-DO-CONTROLE-INTERNO__2018_0000001.pdf\" target=\"_blank\" rel=\"noopener\">Clique aqui para visualizar<\/a><\/li>\n<\/ul>\n<h2>2017<\/h2>\n<ul>\n<li><a href=\"https:\/\/abelfigueiredo.pa.gov.br\/site\/wp-content\/uploads\/2023\/10\/RELATORIO-ANUAL-DO-CONTROLE-INTERNO__2017_0000001.pdf\" target=\"_blank\" rel=\"noopener\">Clique aqui para visualizar<\/a><\/li>\n<\/ul>\n","protected":false},"excerpt":{"rendered":"<p>2024 Relat\u00f3rio Anual Consolidado 3\u00ba Quadrimestre 2\u00ba Quadrimestre 1\u00ba Quadrimestre 2023 Relat\u00f3rio Anual 3\u00ba Quadrimestre 2\u00ba Quadrimestre 1\u00ba Quadrimestre 2022 Relat\u00f3rio Anual 3\u00ba Quadrimestre 2\u00ba Quadrimestre 1\u00ba Quadrimestre 2021 Relat\u00f3rio Anual 3\u00ba Quadrimestre 2\u00ba Quadrimestre 1\u00ba Quadrimestre 2020 Clique aqui para visualizar 2019 Clique aqui para visualizar 2018 Clique aqui para visualizar 2017 Clique aqui<\/p>\n<div class=\"read-more\"><a href=\"https:\/\/abelfigueiredo.pa.gov.br\/site\/portal-da-transparencia\/relatorio-controle-interno\/\" title=\"Veja mais\">Veja mais<\/a><\/div>\n","protected":false},"author":1,"featured_media":0,"parent":1862,"menu_order":0,"comment_status":"closed","ping_status":"closed","template":"","meta":{"footnotes":""},"class_list":["post-2126","page","type-page","status-publish"],"yoast_head":"<!-- This site is optimized with the Yoast SEO plugin v26.6 - https:\/\/yoast.com\/wordpress\/plugins\/seo\/ -->\n<title>Relat\u00f3rio do Controle Interno - Prefeitura Municipal de Abel Figueiredo | Gest\u00e3o 2025-2028<\/title>\n<meta name=\"robots\" content=\"index, follow, max-snippet:-1, max-image-preview:large, max-video-preview:-1\" \/>\n<link rel=\"canonical\" href=\"https:\/\/abelfigueiredo.pa.gov.br\/site\/portal-da-transparencia\/relatorio-controle-interno\/\" \/>\n<meta property=\"og:locale\" content=\"pt_BR\" \/>\n<meta property=\"og:type\" content=\"article\" \/>\n<meta property=\"og:title\" content=\"Relat\u00f3rio do Controle Interno - Prefeitura Municipal de Abel Figueiredo | Gest\u00e3o 2025-2028\" \/>\n<meta property=\"og:description\" content=\"2024 Relat\u00f3rio Anual Consolidado 3\u00ba Quadrimestre 2\u00ba Quadrimestre 1\u00ba Quadrimestre 2023 Relat\u00f3rio Anual 3\u00ba Quadrimestre 2\u00ba Quadrimestre 1\u00ba Quadrimestre 2022 Relat\u00f3rio Anual 3\u00ba Quadrimestre 2\u00ba Quadrimestre 1\u00ba Quadrimestre 2021 Relat\u00f3rio Anual 3\u00ba Quadrimestre 2\u00ba Quadrimestre 1\u00ba Quadrimestre 2020 Clique aqui para visualizar 2019 Clique aqui para visualizar 2018 Clique aqui para visualizar 2017 Clique aquiVeja mais\" \/>\n<meta property=\"og:url\" content=\"https:\/\/abelfigueiredo.pa.gov.br\/site\/portal-da-transparencia\/relatorio-controle-interno\/\" \/>\n<meta property=\"og:site_name\" content=\"Prefeitura Municipal de Abel Figueiredo | Gest\u00e3o 2025-2028\" \/>\n<meta property=\"article:modified_time\" content=\"2025-02-18T17:18:38+00:00\" \/>\n<script type=\"application\/ld+json\" class=\"yoast-schema-graph\">{\"@context\":\"https:\/\/schema.org\",\"@graph\":[{\"@type\":\"WebPage\",\"@id\":\"https:\/\/abelfigueiredo.pa.gov.br\/site\/portal-da-transparencia\/relatorio-controle-interno\/\",\"url\":\"https:\/\/abelfigueiredo.pa.gov.br\/site\/portal-da-transparencia\/relatorio-controle-interno\/\",\"name\":\"Relat\u00f3rio do Controle Interno - Prefeitura Municipal de Abel Figueiredo | Gest\u00e3o 2025-2028\",\"isPartOf\":{\"@id\":\"https:\/\/abelfigueiredo.pa.gov.br\/site\/#website\"},\"datePublished\":\"2018-01-29T13:07:26+00:00\",\"dateModified\":\"2025-02-18T17:18:38+00:00\",\"breadcrumb\":{\"@id\":\"https:\/\/abelfigueiredo.pa.gov.br\/site\/portal-da-transparencia\/relatorio-controle-interno\/#breadcrumb\"},\"inLanguage\":\"pt-BR\",\"potentialAction\":[{\"@type\":\"ReadAction\",\"target\":[\"https:\/\/abelfigueiredo.pa.gov.br\/site\/portal-da-transparencia\/relatorio-controle-interno\/\"]}]},{\"@type\":\"BreadcrumbList\",\"@id\":\"https:\/\/abelfigueiredo.pa.gov.br\/site\/portal-da-transparencia\/relatorio-controle-interno\/#breadcrumb\",\"itemListElement\":[{\"@type\":\"ListItem\",\"position\":1,\"name\":\"Portal da Transpar\u00eancia\",\"item\":\"https:\/\/abelfigueiredo.pa.gov.br\/site\/portal-da-transparencia\/\"},{\"@type\":\"ListItem\",\"position\":2,\"name\":\"Relat\u00f3rio do Controle Interno\"}]},{\"@type\":\"WebSite\",\"@id\":\"https:\/\/abelfigueiredo.pa.gov.br\/site\/#website\",\"url\":\"https:\/\/abelfigueiredo.pa.gov.br\/site\/\",\"name\":\"Prefeitura Municipal de Abel Figueiredo | Gest\u00e3o 2025-2028\",\"description\":\"Site oficial da Prefeitura Municipal de Abel Figueiredo\",\"potentialAction\":[{\"@type\":\"SearchAction\",\"target\":{\"@type\":\"EntryPoint\",\"urlTemplate\":\"https:\/\/abelfigueiredo.pa.gov.br\/site\/?s={search_term_string}\"},\"query-input\":{\"@type\":\"PropertyValueSpecification\",\"valueRequired\":true,\"valueName\":\"search_term_string\"}}],\"inLanguage\":\"pt-BR\"}]}<\/script>\n<!-- \/ Yoast SEO plugin. -->","yoast_head_json":{"title":"Relat\u00f3rio do Controle Interno - Prefeitura Municipal de Abel Figueiredo | Gest\u00e3o 2025-2028","robots":{"index":"index","follow":"follow","max-snippet":"max-snippet:-1","max-image-preview":"max-image-preview:large","max-video-preview":"max-video-preview:-1"},"canonical":"https:\/\/abelfigueiredo.pa.gov.br\/site\/portal-da-transparencia\/relatorio-controle-interno\/","og_locale":"pt_BR","og_type":"article","og_title":"Relat\u00f3rio do Controle Interno - Prefeitura Municipal de Abel Figueiredo | Gest\u00e3o 2025-2028","og_description":"2024 Relat\u00f3rio Anual Consolidado 3\u00ba Quadrimestre 2\u00ba Quadrimestre 1\u00ba Quadrimestre 2023 Relat\u00f3rio Anual 3\u00ba Quadrimestre 2\u00ba Quadrimestre 1\u00ba Quadrimestre 2022 Relat\u00f3rio Anual 3\u00ba Quadrimestre 2\u00ba Quadrimestre 1\u00ba Quadrimestre 2021 Relat\u00f3rio Anual 3\u00ba Quadrimestre 2\u00ba Quadrimestre 1\u00ba Quadrimestre 2020 Clique aqui para visualizar 2019 Clique aqui para visualizar 2018 Clique aqui para visualizar 2017 Clique aquiVeja mais","og_url":"https:\/\/abelfigueiredo.pa.gov.br\/site\/portal-da-transparencia\/relatorio-controle-interno\/","og_site_name":"Prefeitura Municipal de Abel Figueiredo | Gest\u00e3o 2025-2028","article_modified_time":"2025-02-18T17:18:38+00:00","schema":{"@context":"https:\/\/schema.org","@graph":[{"@type":"WebPage","@id":"https:\/\/abelfigueiredo.pa.gov.br\/site\/portal-da-transparencia\/relatorio-controle-interno\/","url":"https:\/\/abelfigueiredo.pa.gov.br\/site\/portal-da-transparencia\/relatorio-controle-interno\/","name":"Relat\u00f3rio do Controle Interno - Prefeitura Municipal de Abel Figueiredo | Gest\u00e3o 2025-2028","isPartOf":{"@id":"https:\/\/abelfigueiredo.pa.gov.br\/site\/#website"},"datePublished":"2018-01-29T13:07:26+00:00","dateModified":"2025-02-18T17:18:38+00:00","breadcrumb":{"@id":"https:\/\/abelfigueiredo.pa.gov.br\/site\/portal-da-transparencia\/relatorio-controle-interno\/#breadcrumb"},"inLanguage":"pt-BR","potentialAction":[{"@type":"ReadAction","target":["https:\/\/abelfigueiredo.pa.gov.br\/site\/portal-da-transparencia\/relatorio-controle-interno\/"]}]},{"@type":"BreadcrumbList","@id":"https:\/\/abelfigueiredo.pa.gov.br\/site\/portal-da-transparencia\/relatorio-controle-interno\/#breadcrumb","itemListElement":[{"@type":"ListItem","position":1,"name":"Portal da Transpar\u00eancia","item":"https:\/\/abelfigueiredo.pa.gov.br\/site\/portal-da-transparencia\/"},{"@type":"ListItem","position":2,"name":"Relat\u00f3rio do Controle Interno"}]},{"@type":"WebSite","@id":"https:\/\/abelfigueiredo.pa.gov.br\/site\/#website","url":"https:\/\/abelfigueiredo.pa.gov.br\/site\/","name":"Prefeitura Municipal de Abel Figueiredo | Gest\u00e3o 2025-2028","description":"Site oficial da Prefeitura Municipal de Abel Figueiredo","potentialAction":[{"@type":"SearchAction","target":{"@type":"EntryPoint","urlTemplate":"https:\/\/abelfigueiredo.pa.gov.br\/site\/?s={search_term_string}"},"query-input":{"@type":"PropertyValueSpecification","valueRequired":true,"valueName":"search_term_string"}}],"inLanguage":"pt-BR"}]}},"_links":{"self":[{"href":"https:\/\/abelfigueiredo.pa.gov.br\/site\/wp-json\/wp\/v2\/pages\/2126","targetHints":{"allow":["GET"]}}],"collection":[{"href":"https:\/\/abelfigueiredo.pa.gov.br\/site\/wp-json\/wp\/v2\/pages"}],"about":[{"href":"https:\/\/abelfigueiredo.pa.gov.br\/site\/wp-json\/wp\/v2\/types\/page"}],"author":[{"embeddable":true,"href":"https:\/\/abelfigueiredo.pa.gov.br\/site\/wp-json\/wp\/v2\/users\/1"}],"replies":[{"embeddable":true,"href":"https:\/\/abelfigueiredo.pa.gov.br\/site\/wp-json\/wp\/v2\/comments?post=2126"}],"version-history":[{"count":14,"href":"https:\/\/abelfigueiredo.pa.gov.br\/site\/wp-json\/wp\/v2\/pages\/2126\/revisions"}],"predecessor-version":[{"id":19082,"href":"https:\/\/abelfigueiredo.pa.gov.br\/site\/wp-json\/wp\/v2\/pages\/2126\/revisions\/19082"}],"up":[{"embeddable":true,"href":"https:\/\/abelfigueiredo.pa.gov.br\/site\/wp-json\/wp\/v2\/pages\/1862"}],"wp:attachment":[{"href":"https:\/\/abelfigueiredo.pa.gov.br\/site\/wp-json\/wp\/v2\/media?parent=2126"}],"curies":[{"name":"wp","href":"https:\/\/api.w.org\/{rel}","templated":true}]}}