{"id":2121,"date":"2018-01-29T10:06:09","date_gmt":"2018-01-29T13:06:09","guid":{"rendered":"http:\/\/abelfigueiredo.pa.gov.br\/site\/\/?page_id=2121"},"modified":"2022-07-23T21:50:04","modified_gmt":"2022-07-24T00:50:04","slug":"projetos-e-execucao-de-obras-publicas","status":"publish","type":"page","link":"https:\/\/abelfigueiredo.pa.gov.br\/site\/portal-da-transparencia\/projetos-e-execucao-de-obras-publicas\/","title":{"rendered":"Projetos e execu\u00e7\u00e3o de obras p\u00fablicas"},"content":{"rendered":"<h2>Relat\u00f3rios de Acompanhamento dos Projetos de Obras<\/h2>\n<h3>2022<\/h3>\n<ul>\n<li><a href=\"http:\/\/Link para PDf no Google Drive\" target=\"_blank\" rel=\"noopener\">Junho<\/a><\/li>\n<li>Maio: Sem projetos<\/li>\n<li><a href=\"https:\/\/prefeituradetucuma.pa.gov.br\/wp-content\/uploads\/2022\/05\/PROJETOS-ABRIL-2022-.pdf\" target=\"_blank\" rel=\"noopener\">Abril<\/a><\/li>\n<li><a href=\"https:\/\/prefeituradetucuma.pa.gov.br\/wp-content\/uploads\/2022\/03\/PROJETOS-MARCO-2022.pdf\" target=\"_blank\" rel=\"noopener\">Mar\u00e7o<\/a><\/li>\n<li>Fevereiro: Sem projetos<\/li>\n<li><a href=\"https:\/\/prefeituradetucuma.pa.gov.br\/wp-content\/uploads\/2022\/04\/PROJETOS-JANEIRO-2022-1.pdf\" target=\"_blank\" rel=\"noopener\">Janeiro<\/a><\/li>\n<\/ul>\n<h3>2021<\/h3>\n<ul>\n<li>Dezembro: Sem projetos<\/li>\n<li><a href=\"http:\/\/Link para PDf no Google Drive\" target=\"_blank\" rel=\"noopener\">Novembro<\/a><\/li>\n<li><a href=\"http:\/\/Link para PDf no Google Drive\" target=\"_blank\" rel=\"noopener noreferrer\">Outubro<\/a><\/li>\n<li><a href=\"http:\/\/Link para PDf no Google Drive\" target=\"_blank\" rel=\"noopener noreferrer\">Setembro<\/a><\/li>\n<li>Agosto: Sem projetos<\/li>\n<li>Julho: Sem projetos<\/li>\n<li>Junho: Sem projetos<\/li>\n<li>Maio: Sem projetos<\/li>\n<li>Abril: Sem projetos<\/li>\n<li>Mar\u00e7o: Sem projetos<\/li>\n<li>Fevereiro: Sem projetos<\/li>\n<li>Janeiro: Sem projetos<\/li>\n<\/ul>\n<h2>Relat\u00f3rios de Acompanhamento das Execu\u00e7\u00f5es de Obras<\/h2>\n<h3>2022<\/h3>\n<ul>\n<li><a href=\"http:\/\/Link para PDf no Google Drive\" target=\"_blank\" rel=\"noopener\">Junho<\/a><\/li>\n<li><a href=\"http:\/\/Link para PDf no Google Drive\" target=\"_blank\" rel=\"noopener\">Maio<\/a><\/li>\n<li><a href=\"http:\/\/Link para PDf no Google Drive\" target=\"_blank\" rel=\"noopener\">Abril<\/a><\/li>\n<li><a href=\"http:\/\/Link para PDf no Google Drive\" target=\"_blank\" rel=\"noopener\">Mar\u00e7o<\/a><\/li>\n<li><a href=\"http:\/\/Link para PDf no Google Drive\" target=\"_blank\" rel=\"noopener\">Fevereiro<\/a><\/li>\n<li>Janeiro: Sem execu\u00e7\u00e3o no m\u00eas<\/li>\n<\/ul>\n<h3>2021<\/h3>\n<ul>\n<li><a href=\"http:\/\/Link para PDf no Google Drive\" target=\"_blank\" rel=\"noopener noreferrer\">Dezembro<\/a><\/li>\n<li>Novembro: Sem execu\u00e7\u00e3o no m\u00eas<\/li>\n<li>Outubro: Sem execu\u00e7\u00e3o no m\u00eas<\/li>\n<li>Setembro: Sem execu\u00e7\u00e3o no m\u00eas<\/li>\n<li>Agosto: Sem execu\u00e7\u00e3o no m\u00eas<\/li>\n<li>Julho: Sem execu\u00e7\u00e3o no m\u00eas<\/li>\n<li>Junho: Sem execu\u00e7\u00e3o no m\u00eas<\/li>\n<li>Maio: Sem execu\u00e7\u00e3o no m\u00eas<\/li>\n<li>Abril: Sem execu\u00e7\u00e3o no m\u00eas<\/li>\n<li><a href=\"http:\/\/Link para PDf no Google Drive\" target=\"_blank\" rel=\"noopener noreferrer\">Mar\u00e7o<\/a><\/li>\n<li>Fevereiro: Sem execu\u00e7\u00e3o no m\u00eas<\/li>\n<li>Janeiro: Sem execu\u00e7\u00e3o no m\u00eas<\/li>\n<\/ul>\n","protected":false},"excerpt":{"rendered":"<p>Relat\u00f3rios de Acompanhamento dos Projetos de Obras 2022 Junho Maio: Sem projetos Abril Mar\u00e7o Fevereiro: Sem projetos Janeiro 2021 Dezembro: Sem projetos Novembro Outubro Setembro Agosto: Sem projetos Julho: Sem projetos Junho: Sem projetos Maio: Sem projetos Abril: Sem projetos Mar\u00e7o: Sem projetos Fevereiro: Sem projetos Janeiro: Sem projetos Relat\u00f3rios de Acompanhamento das Execu\u00e7\u00f5es de<\/p>\n<div class=\"read-more\"><a href=\"https:\/\/abelfigueiredo.pa.gov.br\/site\/portal-da-transparencia\/projetos-e-execucao-de-obras-publicas\/\" title=\"Veja mais\">Veja mais<\/a><\/div>\n","protected":false},"author":1,"featured_media":0,"parent":1862,"menu_order":0,"comment_status":"closed","ping_status":"closed","template":"","meta":{"footnotes":""},"class_list":["post-2121","page","type-page","status-publish"],"yoast_head":"<!-- This site is optimized with the Yoast SEO plugin v26.6 - https:\/\/yoast.com\/wordpress\/plugins\/seo\/ -->\n<title>Projetos e execu\u00e7\u00e3o de obras p\u00fablicas - Prefeitura Municipal de Abel Figueiredo | Gest\u00e3o 2025-2028<\/title>\n<meta name=\"robots\" content=\"index, follow, max-snippet:-1, max-image-preview:large, max-video-preview:-1\" \/>\n<link rel=\"canonical\" href=\"https:\/\/abelfigueiredo.pa.gov.br\/site\/portal-da-transparencia\/projetos-e-execucao-de-obras-publicas\/\" \/>\n<meta property=\"og:locale\" content=\"pt_BR\" \/>\n<meta property=\"og:type\" content=\"article\" \/>\n<meta property=\"og:title\" content=\"Projetos e execu\u00e7\u00e3o de obras p\u00fablicas - Prefeitura Municipal de Abel Figueiredo | Gest\u00e3o 2025-2028\" \/>\n<meta property=\"og:description\" content=\"Relat\u00f3rios de Acompanhamento dos Projetos de Obras 2022 Junho Maio: Sem projetos Abril Mar\u00e7o Fevereiro: Sem projetos Janeiro 2021 Dezembro: Sem projetos Novembro Outubro Setembro Agosto: Sem projetos Julho: Sem projetos Junho: Sem projetos Maio: Sem projetos Abril: Sem projetos Mar\u00e7o: Sem projetos Fevereiro: Sem projetos Janeiro: Sem projetos Relat\u00f3rios de Acompanhamento das Execu\u00e7\u00f5es deVeja mais\" \/>\n<meta property=\"og:url\" content=\"https:\/\/abelfigueiredo.pa.gov.br\/site\/portal-da-transparencia\/projetos-e-execucao-de-obras-publicas\/\" \/>\n<meta property=\"og:site_name\" content=\"Prefeitura Municipal de Abel Figueiredo | Gest\u00e3o 2025-2028\" \/>\n<meta property=\"article:modified_time\" content=\"2022-07-24T00:50:04+00:00\" \/>\n<meta name=\"twitter:label1\" content=\"Est. tempo de leitura\" \/>\n\t<meta name=\"twitter:data1\" content=\"1 minuto\" \/>\n<script type=\"application\/ld+json\" class=\"yoast-schema-graph\">{\"@context\":\"https:\/\/schema.org\",\"@graph\":[{\"@type\":\"WebPage\",\"@id\":\"https:\/\/abelfigueiredo.pa.gov.br\/site\/portal-da-transparencia\/projetos-e-execucao-de-obras-publicas\/\",\"url\":\"https:\/\/abelfigueiredo.pa.gov.br\/site\/portal-da-transparencia\/projetos-e-execucao-de-obras-publicas\/\",\"name\":\"Projetos e execu\u00e7\u00e3o de obras p\u00fablicas - Prefeitura Municipal de Abel Figueiredo | Gest\u00e3o 2025-2028\",\"isPartOf\":{\"@id\":\"https:\/\/abelfigueiredo.pa.gov.br\/site\/#website\"},\"datePublished\":\"2018-01-29T13:06:09+00:00\",\"dateModified\":\"2022-07-24T00:50:04+00:00\",\"breadcrumb\":{\"@id\":\"https:\/\/abelfigueiredo.pa.gov.br\/site\/portal-da-transparencia\/projetos-e-execucao-de-obras-publicas\/#breadcrumb\"},\"inLanguage\":\"pt-BR\",\"potentialAction\":[{\"@type\":\"ReadAction\",\"target\":[\"https:\/\/abelfigueiredo.pa.gov.br\/site\/portal-da-transparencia\/projetos-e-execucao-de-obras-publicas\/\"]}]},{\"@type\":\"BreadcrumbList\",\"@id\":\"https:\/\/abelfigueiredo.pa.gov.br\/site\/portal-da-transparencia\/projetos-e-execucao-de-obras-publicas\/#breadcrumb\",\"itemListElement\":[{\"@type\":\"ListItem\",\"position\":1,\"name\":\"Portal da Transpar\u00eancia\",\"item\":\"https:\/\/abelfigueiredo.pa.gov.br\/site\/portal-da-transparencia\/\"},{\"@type\":\"ListItem\",\"position\":2,\"name\":\"Projetos e execu\u00e7\u00e3o de obras p\u00fablicas\"}]},{\"@type\":\"WebSite\",\"@id\":\"https:\/\/abelfigueiredo.pa.gov.br\/site\/#website\",\"url\":\"https:\/\/abelfigueiredo.pa.gov.br\/site\/\",\"name\":\"Prefeitura Municipal de Abel Figueiredo | Gest\u00e3o 2025-2028\",\"description\":\"Site oficial da Prefeitura Municipal de Abel Figueiredo\",\"potentialAction\":[{\"@type\":\"SearchAction\",\"target\":{\"@type\":\"EntryPoint\",\"urlTemplate\":\"https:\/\/abelfigueiredo.pa.gov.br\/site\/?s={search_term_string}\"},\"query-input\":{\"@type\":\"PropertyValueSpecification\",\"valueRequired\":true,\"valueName\":\"search_term_string\"}}],\"inLanguage\":\"pt-BR\"}]}<\/script>\n<!-- \/ Yoast SEO plugin. -->","yoast_head_json":{"title":"Projetos e execu\u00e7\u00e3o de obras p\u00fablicas - Prefeitura Municipal de Abel Figueiredo | Gest\u00e3o 2025-2028","robots":{"index":"index","follow":"follow","max-snippet":"max-snippet:-1","max-image-preview":"max-image-preview:large","max-video-preview":"max-video-preview:-1"},"canonical":"https:\/\/abelfigueiredo.pa.gov.br\/site\/portal-da-transparencia\/projetos-e-execucao-de-obras-publicas\/","og_locale":"pt_BR","og_type":"article","og_title":"Projetos e execu\u00e7\u00e3o de obras p\u00fablicas - Prefeitura Municipal de Abel Figueiredo | Gest\u00e3o 2025-2028","og_description":"Relat\u00f3rios de Acompanhamento dos Projetos de Obras 2022 Junho Maio: Sem projetos Abril Mar\u00e7o Fevereiro: Sem projetos Janeiro 2021 Dezembro: Sem projetos Novembro Outubro Setembro Agosto: Sem projetos Julho: Sem projetos Junho: Sem projetos Maio: Sem projetos Abril: Sem projetos Mar\u00e7o: Sem projetos Fevereiro: Sem projetos Janeiro: Sem projetos Relat\u00f3rios de Acompanhamento das Execu\u00e7\u00f5es deVeja mais","og_url":"https:\/\/abelfigueiredo.pa.gov.br\/site\/portal-da-transparencia\/projetos-e-execucao-de-obras-publicas\/","og_site_name":"Prefeitura Municipal de Abel Figueiredo | Gest\u00e3o 2025-2028","article_modified_time":"2022-07-24T00:50:04+00:00","twitter_misc":{"Est. tempo de leitura":"1 minuto"},"schema":{"@context":"https:\/\/schema.org","@graph":[{"@type":"WebPage","@id":"https:\/\/abelfigueiredo.pa.gov.br\/site\/portal-da-transparencia\/projetos-e-execucao-de-obras-publicas\/","url":"https:\/\/abelfigueiredo.pa.gov.br\/site\/portal-da-transparencia\/projetos-e-execucao-de-obras-publicas\/","name":"Projetos e execu\u00e7\u00e3o de obras p\u00fablicas - Prefeitura Municipal de Abel Figueiredo | Gest\u00e3o 2025-2028","isPartOf":{"@id":"https:\/\/abelfigueiredo.pa.gov.br\/site\/#website"},"datePublished":"2018-01-29T13:06:09+00:00","dateModified":"2022-07-24T00:50:04+00:00","breadcrumb":{"@id":"https:\/\/abelfigueiredo.pa.gov.br\/site\/portal-da-transparencia\/projetos-e-execucao-de-obras-publicas\/#breadcrumb"},"inLanguage":"pt-BR","potentialAction":[{"@type":"ReadAction","target":["https:\/\/abelfigueiredo.pa.gov.br\/site\/portal-da-transparencia\/projetos-e-execucao-de-obras-publicas\/"]}]},{"@type":"BreadcrumbList","@id":"https:\/\/abelfigueiredo.pa.gov.br\/site\/portal-da-transparencia\/projetos-e-execucao-de-obras-publicas\/#breadcrumb","itemListElement":[{"@type":"ListItem","position":1,"name":"Portal da Transpar\u00eancia","item":"https:\/\/abelfigueiredo.pa.gov.br\/site\/portal-da-transparencia\/"},{"@type":"ListItem","position":2,"name":"Projetos e execu\u00e7\u00e3o de obras p\u00fablicas"}]},{"@type":"WebSite","@id":"https:\/\/abelfigueiredo.pa.gov.br\/site\/#website","url":"https:\/\/abelfigueiredo.pa.gov.br\/site\/","name":"Prefeitura Municipal de Abel Figueiredo | Gest\u00e3o 2025-2028","description":"Site oficial da Prefeitura Municipal de Abel Figueiredo","potentialAction":[{"@type":"SearchAction","target":{"@type":"EntryPoint","urlTemplate":"https:\/\/abelfigueiredo.pa.gov.br\/site\/?s={search_term_string}"},"query-input":{"@type":"PropertyValueSpecification","valueRequired":true,"valueName":"search_term_string"}}],"inLanguage":"pt-BR"}]}},"_links":{"self":[{"href":"https:\/\/abelfigueiredo.pa.gov.br\/site\/wp-json\/wp\/v2\/pages\/2121","targetHints":{"allow":["GET"]}}],"collection":[{"href":"https:\/\/abelfigueiredo.pa.gov.br\/site\/wp-json\/wp\/v2\/pages"}],"about":[{"href":"https:\/\/abelfigueiredo.pa.gov.br\/site\/wp-json\/wp\/v2\/types\/page"}],"author":[{"embeddable":true,"href":"https:\/\/abelfigueiredo.pa.gov.br\/site\/wp-json\/wp\/v2\/users\/1"}],"replies":[{"embeddable":true,"href":"https:\/\/abelfigueiredo.pa.gov.br\/site\/wp-json\/wp\/v2\/comments?post=2121"}],"version-history":[{"count":6,"href":"https:\/\/abelfigueiredo.pa.gov.br\/site\/wp-json\/wp\/v2\/pages\/2121\/revisions"}],"predecessor-version":[{"id":6053,"href":"https:\/\/abelfigueiredo.pa.gov.br\/site\/wp-json\/wp\/v2\/pages\/2121\/revisions\/6053"}],"up":[{"embeddable":true,"href":"https:\/\/abelfigueiredo.pa.gov.br\/site\/wp-json\/wp\/v2\/pages\/1862"}],"wp:attachment":[{"href":"https:\/\/abelfigueiredo.pa.gov.br\/site\/wp-json\/wp\/v2\/media?parent=2121"}],"curies":[{"name":"wp","href":"https:\/\/api.w.org\/{rel}","templated":true}]}}