{"id":19015,"date":"2025-01-15T15:11:57","date_gmt":"2025-01-15T18:11:57","guid":{"rendered":"https:\/\/abelfigueiredo.pa.gov.br\/site\/?page_id=19015"},"modified":"2025-01-15T15:12:08","modified_gmt":"2025-01-15T18:12:08","slug":"relatorio-resumido-da-execucao-orcamentaria-rreo-ate-2023","status":"publish","type":"page","link":"https:\/\/abelfigueiredo.pa.gov.br\/site\/portal-da-transparencia\/relatorio-resumido-da-execucao-orcamentaria-rreo\/relatorio-resumido-da-execucao-orcamentaria-rreo-ate-2023\/","title":{"rendered":"Relat\u00f3rio Resumido da Execu\u00e7\u00e3o Or\u00e7ament\u00e1ria (RREO) at\u00e9 2023"},"content":{"rendered":"<h4>2023<\/h4>\n<ul>\n<li><a href=\"https:\/\/abelfigueiredo.pa.gov.br\/site\/wp-content\/uploads\/2024\/02\/6o-bimestre-do-RREO-de-2023.pdf\" target=\"_blank\" rel=\"noopener\">6\u00ba Bimestre<\/a><\/li>\n<li><a href=\"https:\/\/abelfigueiredo.pa.gov.br\/site\/wp-content\/uploads\/2023\/11\/2023-RREO-5\u00b0BIMESTREass.pdf\" target=\"_blank\" rel=\"noopener\">5\u00ba Bimestre<\/a><\/li>\n<li><a href=\"https:\/\/abelfigueiredo.pa.gov.br\/site\/wp-content\/uploads\/2023\/09\/2023-RREO-4\u00b0BIMESTRE.pdf\" target=\"_blank\" rel=\"noopener\">4\u00ba Bimestre<\/a><\/li>\n<li><a href=\"https:\/\/abelfigueiredo.pa.gov.br\/site\/wp-content\/uploads\/2023\/07\/2023-RREO-3\u00b0BIMESTRE.pdf\" target=\"_blank\" rel=\"noopener\">3\u00ba Bimestre<\/a><\/li>\n<li><a href=\"https:\/\/abelfigueiredo.pa.gov.br\/site\/wp-content\/uploads\/2024\/04\/2bpc_205-29_05_2023-1508-2797770.pdf\" target=\"_blank\" rel=\"noopener\">2\u00ba Bimestre<\/a><\/li>\n<li><a href=\"https:\/\/abelfigueiredo.pa.gov.br\/site\/wp-content\/uploads\/2024\/04\/1bpc_205-31_03_2023-1057-2773946.pdf\" target=\"_blank\" rel=\"noopener\">1\u00ba Bimestre<\/a><\/li>\n<\/ul>\n<h4>2022<\/h4>\n<ul>\n<li><a href=\"https:\/\/abelfigueiredo.pa.gov.br\/site\/wp-content\/uploads\/2024\/02\/2022-RREO-6\u00b0BIMESTRE.pdf\" target=\"_blank\" rel=\"noopener\">6\u00ba Bimestre<\/a><\/li>\n<li><a href=\"https:\/\/abelfigueiredo.pa.gov.br\/site\/wp-content\/uploads\/2024\/02\/2022-RREO-5\u00b0BIMESTRE-1.pdf\" target=\"_blank\" rel=\"noopener\">5\u00ba Bimestre<\/a><\/li>\n<li><a href=\"https:\/\/abelfigueiredo.pa.gov.br\/site\/wp-content\/uploads\/2024\/02\/2022-RREO-4\u00b0BIMESTRE.pdf\" target=\"_blank\" rel=\"noopener\">4\u00ba Bimestre<\/a><\/li>\n<li><a href=\"https:\/\/abelfigueiredo.pa.gov.br\/site\/wp-content\/uploads\/2024\/02\/RREO3BIMESTRE.pdf\" target=\"_blank\" rel=\"noopener\">3\u00ba Bimestre<\/a><\/li>\n<li><a href=\"https:\/\/abelfigueiredo.pa.gov.br\/site\/wp-content\/uploads\/2024\/02\/2022-RREO-2\u00b0BIMESTRE-ASS.pdf\" target=\"_blank\" rel=\"noopener\">2\u00ba Bimestre<\/a><\/li>\n<li><a href=\"https:\/\/abelfigueiredo.pa.gov.br\/site\/wp-content\/uploads\/2024\/02\/RREO1-1.pdf\" target=\"_blank\" rel=\"noopener\">1\u00ba Bimestre<\/a><\/li>\n<\/ul>\n<h4>2021<\/h4>\n<ul>\n<li><a href=\"https:\/\/abelfigueiredo.pa.gov.br\/site\/wp-content\/uploads\/2024\/02\/2021-RREO6BIMESTRE-ASS-1-1.pdf\" target=\"_blank\" rel=\"noopener\">6\u00ba Bimestre<\/a><\/li>\n<li><a href=\"https:\/\/abelfigueiredo.pa.gov.br\/site\/wp-content\/uploads\/2024\/02\/2021-RREO5BIMESTRE.pdf\" target=\"_blank\" rel=\"noopener\">5\u00ba Bimestre<\/a><\/li>\n<li><a href=\"https:\/\/abelfigueiredo.pa.gov.br\/site\/wp-content\/uploads\/2024\/02\/2021-RREO4BIMESTRE-ASS1.pdf\" target=\"_blank\" rel=\"noopener\">4\u00ba Bimestre<\/a><\/li>\n<li><a href=\"https:\/\/abelfigueiredo.pa.gov.br\/site\/wp-content\/uploads\/2024\/02\/2021-RREO3BIMESTRE.PDF-assi-1.pdf\" target=\"_blank\" rel=\"noopener\">3\u00ba Bimestre<\/a><\/li>\n<li><a href=\"https:\/\/abelfigueiredo.pa.gov.br\/site\/wp-content\/uploads\/2024\/02\/2021-RREO2BIMESTRE-ass.pdf\" target=\"_blank\" rel=\"noopener\">2\u00ba Bimestre<\/a><\/li>\n<li><a href=\"https:\/\/abelfigueiredo.pa.gov.br\/site\/wp-content\/uploads\/2024\/02\/RREO1BIMESTRE-1.pdf\" target=\"_blank\" rel=\"noopener\">1\u00ba Bimestre<\/a><\/li>\n<\/ul>\n<h4>2020<\/h4>\n<ul>\n<li><a href=\"https:\/\/abelfigueiredo.pa.gov.br\/site\/wp-content\/uploads\/2024\/02\/RREO-RELATORIO-RESUMIDO-DA-EXECUCAO-ORCAMENTARIA_6-Bimestre_2019_0000001-2-1.pdf\" target=\"_blank\" rel=\"noopener\">6\u00ba Bimestre<\/a><\/li>\n<li><a href=\"https:\/\/abelfigueiredo.pa.gov.br\/site\/wp-content\/uploads\/2024\/02\/RREO-RELATORIO-RESUMIDO-DA-EXECUCAO-ORCAMENTARIA_5-Bimestre_2020_0000001-2.pdf\" target=\"_blank\" rel=\"noopener\">5\u00ba Bimestre<\/a><\/li>\n<li><a href=\"https:\/\/abelfigueiredo.pa.gov.br\/site\/wp-content\/uploads\/2024\/02\/RREO-RELATORIO-RESUMIDO-DA-EXECUCAO-ORCAMENTARIA_4-Bimestre_2020_0000001.pdf\" target=\"_blank\" rel=\"noopener\">4\u00ba Bimestre<\/a><\/li>\n<li><a href=\"https:\/\/abelfigueiredo.pa.gov.br\/site\/wp-content\/uploads\/2024\/02\/RREO-RELATORIO-RESUMIDO-DA-EXECUCAO-ORCAMENTARIA_3-Bimestre_2020_0000001.pdf\" target=\"_blank\" rel=\"noopener\">3\u00ba Bimestre<\/a><\/li>\n<li><a href=\"https:\/\/abelfigueiredo.pa.gov.br\/site\/wp-content\/uploads\/2024\/02\/RREO-RELATORIO-RESUMIDO-DA-EXECUCAO-ORCAMENTARIA_2-Bimestre_2020_0000001-2.pdf\" target=\"_blank\" rel=\"noopener\">2\u00ba Bimestre<\/a><\/li>\n<li><a href=\"https:\/\/abelfigueiredo.pa.gov.br\/wp-content\/uploads\/2023\/02\/2022-RREO-6%C2%B0BIMESTRE.pdf\" target=\"_blank\" rel=\"noopener\">1\u00ba Bimestre<\/a><\/li>\n<\/ul>\n<h4>2019<\/h4>\n<ul>\n<li><a href=\"https:\/\/abelfigueiredo.pa.gov.br\/site\/wp-content\/uploads\/2024\/02\/RREO-RELATORIO-RESUMIDO-DA-EXECUCAO-ORCAMENTARIA_6-Bimestre_2019_0000001-2-2.pdf\" target=\"_blank\" rel=\"noopener\">6\u00ba Bimestre<\/a><\/li>\n<li><a href=\"https:\/\/abelfigueiredo.pa.gov.br\/site\/wp-content\/uploads\/2024\/02\/RREO-RELATORIO-RESUMIDO-DA-EXECUCAO-ORCAMENTARIA_5-Bimestre_2019_0000001-2.pdf\" target=\"_blank\" rel=\"noopener\">5\u00ba Bimestre<\/a><\/li>\n<li><a href=\"https:\/\/abelfigueiredo.pa.gov.br\/site\/wp-content\/uploads\/2024\/02\/RREO-RELATORIO-RESUMIDO-DA-EXECUCAO-ORCAMENTARIA_4-Bimestre_2019_0000001-2.pdf\" target=\"_blank\" rel=\"noopener\">4\u00ba Bimestre<\/a><\/li>\n<li><a href=\"https:\/\/abelfigueiredo.pa.gov.br\/site\/wp-content\/uploads\/2024\/02\/RREO-RELATORIO-RESUMIDO-DA-EXECUCAO-ORCAMENTARIA_3-bimestre_2019_0000001-2.pdf\" target=\"_blank\" rel=\"noopener\">3\u00ba Bimestre<\/a><\/li>\n<li><a href=\"https:\/\/abelfigueiredo.pa.gov.br\/site\/wp-content\/uploads\/2024\/02\/RREO-RELATORIO-RESUMIDO-DA-EXECUCAO-ORCAMENTARIA_2-bimestre_2019_0000001-2.pdf\" target=\"_blank\" rel=\"noopener\">2\u00ba Bimestre<\/a><\/li>\n<li><a href=\"https:\/\/abelfigueiredo.pa.gov.br\/site\/wp-content\/uploads\/2024\/02\/RREO-RELATORIO-RESUMIDO-DA-EXECUCAO-ORCAMENTARIA_1-bimestre_2019_0000001-2.pdf\" target=\"_blank\" rel=\"noopener\">1\u00ba Bimestre<\/a><\/li>\n<\/ul>\n<h4>2018<\/h4>\n<ul>\n<li><a href=\"https:\/\/abelfigueiredo.pa.gov.br\/wp-content\/uploads\/2023\/02\/2022-RREO-6%C2%B0BIMESTRE.pdf\" target=\"_blank\" rel=\"noopener\">6\u00ba Bimestre<\/a><\/li>\n<li><a href=\"https:\/\/abelfigueiredo.pa.gov.br\/site\/wp-content\/uploads\/2024\/02\/RREO-5RELATORIO-RESUMIDO-DA-EXECUCAO-ORCAMENTARIA_Outubro_2018_0000001-1.pdf\" target=\"_blank\" rel=\"noopener\">5\u00ba Bimestre<\/a><\/li>\n<li><a href=\"https:\/\/abelfigueiredo.pa.gov.br\/site\/wp-content\/uploads\/2024\/02\/RREO-4RELATORIO-RESUMIDO-DA-EXECUCAO-ORCAMENTARIA_3-Bimestre_2018_0000001.pdf\" target=\"_blank\" rel=\"noopener\">4\u00ba Bimestre<\/a><\/li>\n<li><a href=\"https:\/\/abelfigueiredo.pa.gov.br\/site\/wp-content\/uploads\/2024\/02\/RREO-3RELATORIO-RESUMIDO-DA-EXECUCAO-ORCAMENTARIA_2-Bimestre_2018_0000001.pdf\" target=\"_blank\" rel=\"noopener\">3\u00ba Bimestre<\/a><\/li>\n<li><a href=\"https:\/\/abelfigueiredo.pa.gov.br\/site\/wp-content\/uploads\/2024\/02\/RREO-2RELATORIO-RESUMIDO-DA-EXECUCAO-ORCAMENTARIA_1-Bimestre_2018_0000001.pdf\" target=\"_blank\" rel=\"noopener\">2\u00ba Bimestre<\/a><\/li>\n<\/ul>\n<h4>2017<\/h4>\n<ul>\n<li><a href=\"https:\/\/abelfigueiredo.pa.gov.br\/site\/wp-content\/uploads\/2024\/02\/6-B-2017.pdf\" target=\"_blank\" rel=\"noopener\">6\u00ba Bimestre<\/a><\/li>\n<li><a href=\"https:\/\/abelfigueiredo.pa.gov.br\/site\/wp-content\/uploads\/2024\/02\/5-B-2017.pdf\" target=\"_blank\" rel=\"noopener\">5\u00ba Bimestre<\/a><\/li>\n<li><a href=\"https:\/\/abelfigueiredo.pa.gov.br\/site\/wp-content\/uploads\/2024\/02\/4-B-2017.pdf\" target=\"_blank\" rel=\"noopener\">4\u00ba Bimestre<\/a><\/li>\n<li><a href=\"https:\/\/abelfigueiredo.pa.gov.br\/site\/wp-content\/uploads\/2024\/02\/3-B-2017.pdf\" target=\"_blank\" rel=\"noopener\">3\u00ba Bimestre<\/a><\/li>\n<li><a href=\"https:\/\/abelfigueiredo.pa.gov.br\/site\/wp-content\/uploads\/2024\/02\/2-B-2017.pdf\" target=\"_blank\" rel=\"noopener\">2\u00ba Bimestre<\/a><\/li>\n<li><a href=\"https:\/\/abelfigueiredo.pa.gov.br\/site\/wp-content\/uploads\/2024\/02\/1-B-2017.pdf\" target=\"_blank\" rel=\"noopener\">1\u00ba Bimestre<\/a><\/li>\n<\/ul>\n","protected":false},"excerpt":{"rendered":"<p>2023 6\u00ba Bimestre 5\u00ba Bimestre 4\u00ba Bimestre 3\u00ba Bimestre 2\u00ba Bimestre 1\u00ba Bimestre 2022 6\u00ba Bimestre 5\u00ba Bimestre 4\u00ba Bimestre 3\u00ba Bimestre 2\u00ba Bimestre 1\u00ba Bimestre 2021 6\u00ba Bimestre 5\u00ba Bimestre 4\u00ba Bimestre 3\u00ba Bimestre 2\u00ba Bimestre 1\u00ba Bimestre 2020 6\u00ba Bimestre 5\u00ba Bimestre 4\u00ba Bimestre 3\u00ba Bimestre 2\u00ba Bimestre 1\u00ba Bimestre 2019 6\u00ba Bimestre<\/p>\n<div class=\"read-more\"><a href=\"https:\/\/abelfigueiredo.pa.gov.br\/site\/portal-da-transparencia\/relatorio-resumido-da-execucao-orcamentaria-rreo\/relatorio-resumido-da-execucao-orcamentaria-rreo-ate-2023\/\" title=\"Veja mais\">Veja mais<\/a><\/div>\n","protected":false},"author":26,"featured_media":0,"parent":1348,"menu_order":0,"comment_status":"closed","ping_status":"closed","template":"","meta":{"footnotes":""},"class_list":["post-19015","page","type-page","status-publish"],"yoast_head":"<!-- This site is optimized with the Yoast SEO plugin v26.6 - https:\/\/yoast.com\/wordpress\/plugins\/seo\/ -->\n<title>Relat\u00f3rio Resumido da Execu\u00e7\u00e3o Or\u00e7ament\u00e1ria (RREO) at\u00e9 2023 - Prefeitura Municipal de Abel Figueiredo | Gest\u00e3o 2025-2028<\/title>\n<meta name=\"robots\" content=\"index, follow, max-snippet:-1, max-image-preview:large, max-video-preview:-1\" \/>\n<link rel=\"canonical\" href=\"https:\/\/abelfigueiredo.pa.gov.br\/site\/portal-da-transparencia\/relatorio-resumido-da-execucao-orcamentaria-rreo\/relatorio-resumido-da-execucao-orcamentaria-rreo-ate-2023\/\" \/>\n<meta property=\"og:locale\" content=\"pt_BR\" \/>\n<meta property=\"og:type\" content=\"article\" \/>\n<meta property=\"og:title\" content=\"Relat\u00f3rio Resumido da Execu\u00e7\u00e3o Or\u00e7ament\u00e1ria (RREO) at\u00e9 2023 - Prefeitura Municipal de Abel Figueiredo | Gest\u00e3o 2025-2028\" \/>\n<meta property=\"og:description\" content=\"2023 6\u00ba Bimestre 5\u00ba Bimestre 4\u00ba Bimestre 3\u00ba Bimestre 2\u00ba Bimestre 1\u00ba Bimestre 2022 6\u00ba Bimestre 5\u00ba Bimestre 4\u00ba Bimestre 3\u00ba Bimestre 2\u00ba Bimestre 1\u00ba Bimestre 2021 6\u00ba Bimestre 5\u00ba Bimestre 4\u00ba Bimestre 3\u00ba Bimestre 2\u00ba Bimestre 1\u00ba Bimestre 2020 6\u00ba Bimestre 5\u00ba Bimestre 4\u00ba Bimestre 3\u00ba Bimestre 2\u00ba Bimestre 1\u00ba Bimestre 2019 6\u00ba BimestreVeja mais\" \/>\n<meta property=\"og:url\" content=\"https:\/\/abelfigueiredo.pa.gov.br\/site\/portal-da-transparencia\/relatorio-resumido-da-execucao-orcamentaria-rreo\/relatorio-resumido-da-execucao-orcamentaria-rreo-ate-2023\/\" \/>\n<meta property=\"og:site_name\" content=\"Prefeitura Municipal de Abel Figueiredo | Gest\u00e3o 2025-2028\" \/>\n<meta property=\"article:modified_time\" content=\"2025-01-15T18:12:08+00:00\" \/>\n<script type=\"application\/ld+json\" class=\"yoast-schema-graph\">{\"@context\":\"https:\/\/schema.org\",\"@graph\":[{\"@type\":\"WebPage\",\"@id\":\"https:\/\/abelfigueiredo.pa.gov.br\/site\/portal-da-transparencia\/relatorio-resumido-da-execucao-orcamentaria-rreo\/relatorio-resumido-da-execucao-orcamentaria-rreo-ate-2023\/\",\"url\":\"https:\/\/abelfigueiredo.pa.gov.br\/site\/portal-da-transparencia\/relatorio-resumido-da-execucao-orcamentaria-rreo\/relatorio-resumido-da-execucao-orcamentaria-rreo-ate-2023\/\",\"name\":\"Relat\u00f3rio Resumido da Execu\u00e7\u00e3o Or\u00e7ament\u00e1ria (RREO) at\u00e9 2023 - Prefeitura Municipal de Abel Figueiredo | Gest\u00e3o 2025-2028\",\"isPartOf\":{\"@id\":\"https:\/\/abelfigueiredo.pa.gov.br\/site\/#website\"},\"datePublished\":\"2025-01-15T18:11:57+00:00\",\"dateModified\":\"2025-01-15T18:12:08+00:00\",\"breadcrumb\":{\"@id\":\"https:\/\/abelfigueiredo.pa.gov.br\/site\/portal-da-transparencia\/relatorio-resumido-da-execucao-orcamentaria-rreo\/relatorio-resumido-da-execucao-orcamentaria-rreo-ate-2023\/#breadcrumb\"},\"inLanguage\":\"pt-BR\",\"potentialAction\":[{\"@type\":\"ReadAction\",\"target\":[\"https:\/\/abelfigueiredo.pa.gov.br\/site\/portal-da-transparencia\/relatorio-resumido-da-execucao-orcamentaria-rreo\/relatorio-resumido-da-execucao-orcamentaria-rreo-ate-2023\/\"]}]},{\"@type\":\"BreadcrumbList\",\"@id\":\"https:\/\/abelfigueiredo.pa.gov.br\/site\/portal-da-transparencia\/relatorio-resumido-da-execucao-orcamentaria-rreo\/relatorio-resumido-da-execucao-orcamentaria-rreo-ate-2023\/#breadcrumb\",\"itemListElement\":[{\"@type\":\"ListItem\",\"position\":1,\"name\":\"Portal da Transpar\u00eancia\",\"item\":\"https:\/\/abelfigueiredo.pa.gov.br\/site\/portal-da-transparencia\/\"},{\"@type\":\"ListItem\",\"position\":2,\"name\":\"Relat\u00f3rio Resumido da Execu\u00e7\u00e3o Or\u00e7ament\u00e1ria (RREO)\",\"item\":\"https:\/\/abelfigueiredo.pa.gov.br\/site\/portal-da-transparencia\/relatorio-resumido-da-execucao-orcamentaria-rreo\/\"},{\"@type\":\"ListItem\",\"position\":3,\"name\":\"Relat\u00f3rio Resumido da Execu\u00e7\u00e3o Or\u00e7ament\u00e1ria (RREO) at\u00e9 2023\"}]},{\"@type\":\"WebSite\",\"@id\":\"https:\/\/abelfigueiredo.pa.gov.br\/site\/#website\",\"url\":\"https:\/\/abelfigueiredo.pa.gov.br\/site\/\",\"name\":\"Prefeitura Municipal de Abel Figueiredo | Gest\u00e3o 2025-2028\",\"description\":\"Site oficial da Prefeitura Municipal de Abel Figueiredo\",\"potentialAction\":[{\"@type\":\"SearchAction\",\"target\":{\"@type\":\"EntryPoint\",\"urlTemplate\":\"https:\/\/abelfigueiredo.pa.gov.br\/site\/?s={search_term_string}\"},\"query-input\":{\"@type\":\"PropertyValueSpecification\",\"valueRequired\":true,\"valueName\":\"search_term_string\"}}],\"inLanguage\":\"pt-BR\"}]}<\/script>\n<!-- \/ Yoast SEO plugin. -->","yoast_head_json":{"title":"Relat\u00f3rio Resumido da Execu\u00e7\u00e3o Or\u00e7ament\u00e1ria (RREO) at\u00e9 2023 - Prefeitura Municipal de Abel Figueiredo | Gest\u00e3o 2025-2028","robots":{"index":"index","follow":"follow","max-snippet":"max-snippet:-1","max-image-preview":"max-image-preview:large","max-video-preview":"max-video-preview:-1"},"canonical":"https:\/\/abelfigueiredo.pa.gov.br\/site\/portal-da-transparencia\/relatorio-resumido-da-execucao-orcamentaria-rreo\/relatorio-resumido-da-execucao-orcamentaria-rreo-ate-2023\/","og_locale":"pt_BR","og_type":"article","og_title":"Relat\u00f3rio Resumido da Execu\u00e7\u00e3o Or\u00e7ament\u00e1ria (RREO) at\u00e9 2023 - Prefeitura Municipal de Abel Figueiredo | Gest\u00e3o 2025-2028","og_description":"2023 6\u00ba Bimestre 5\u00ba Bimestre 4\u00ba Bimestre 3\u00ba Bimestre 2\u00ba Bimestre 1\u00ba Bimestre 2022 6\u00ba Bimestre 5\u00ba Bimestre 4\u00ba Bimestre 3\u00ba Bimestre 2\u00ba Bimestre 1\u00ba Bimestre 2021 6\u00ba Bimestre 5\u00ba Bimestre 4\u00ba Bimestre 3\u00ba Bimestre 2\u00ba Bimestre 1\u00ba Bimestre 2020 6\u00ba Bimestre 5\u00ba Bimestre 4\u00ba Bimestre 3\u00ba Bimestre 2\u00ba Bimestre 1\u00ba Bimestre 2019 6\u00ba BimestreVeja mais","og_url":"https:\/\/abelfigueiredo.pa.gov.br\/site\/portal-da-transparencia\/relatorio-resumido-da-execucao-orcamentaria-rreo\/relatorio-resumido-da-execucao-orcamentaria-rreo-ate-2023\/","og_site_name":"Prefeitura Municipal de Abel Figueiredo | Gest\u00e3o 2025-2028","article_modified_time":"2025-01-15T18:12:08+00:00","schema":{"@context":"https:\/\/schema.org","@graph":[{"@type":"WebPage","@id":"https:\/\/abelfigueiredo.pa.gov.br\/site\/portal-da-transparencia\/relatorio-resumido-da-execucao-orcamentaria-rreo\/relatorio-resumido-da-execucao-orcamentaria-rreo-ate-2023\/","url":"https:\/\/abelfigueiredo.pa.gov.br\/site\/portal-da-transparencia\/relatorio-resumido-da-execucao-orcamentaria-rreo\/relatorio-resumido-da-execucao-orcamentaria-rreo-ate-2023\/","name":"Relat\u00f3rio Resumido da Execu\u00e7\u00e3o Or\u00e7ament\u00e1ria (RREO) at\u00e9 2023 - Prefeitura Municipal de Abel Figueiredo | Gest\u00e3o 2025-2028","isPartOf":{"@id":"https:\/\/abelfigueiredo.pa.gov.br\/site\/#website"},"datePublished":"2025-01-15T18:11:57+00:00","dateModified":"2025-01-15T18:12:08+00:00","breadcrumb":{"@id":"https:\/\/abelfigueiredo.pa.gov.br\/site\/portal-da-transparencia\/relatorio-resumido-da-execucao-orcamentaria-rreo\/relatorio-resumido-da-execucao-orcamentaria-rreo-ate-2023\/#breadcrumb"},"inLanguage":"pt-BR","potentialAction":[{"@type":"ReadAction","target":["https:\/\/abelfigueiredo.pa.gov.br\/site\/portal-da-transparencia\/relatorio-resumido-da-execucao-orcamentaria-rreo\/relatorio-resumido-da-execucao-orcamentaria-rreo-ate-2023\/"]}]},{"@type":"BreadcrumbList","@id":"https:\/\/abelfigueiredo.pa.gov.br\/site\/portal-da-transparencia\/relatorio-resumido-da-execucao-orcamentaria-rreo\/relatorio-resumido-da-execucao-orcamentaria-rreo-ate-2023\/#breadcrumb","itemListElement":[{"@type":"ListItem","position":1,"name":"Portal da Transpar\u00eancia","item":"https:\/\/abelfigueiredo.pa.gov.br\/site\/portal-da-transparencia\/"},{"@type":"ListItem","position":2,"name":"Relat\u00f3rio Resumido da Execu\u00e7\u00e3o Or\u00e7ament\u00e1ria (RREO)","item":"https:\/\/abelfigueiredo.pa.gov.br\/site\/portal-da-transparencia\/relatorio-resumido-da-execucao-orcamentaria-rreo\/"},{"@type":"ListItem","position":3,"name":"Relat\u00f3rio Resumido da Execu\u00e7\u00e3o Or\u00e7ament\u00e1ria (RREO) at\u00e9 2023"}]},{"@type":"WebSite","@id":"https:\/\/abelfigueiredo.pa.gov.br\/site\/#website","url":"https:\/\/abelfigueiredo.pa.gov.br\/site\/","name":"Prefeitura Municipal de Abel Figueiredo | Gest\u00e3o 2025-2028","description":"Site oficial da Prefeitura Municipal de Abel Figueiredo","potentialAction":[{"@type":"SearchAction","target":{"@type":"EntryPoint","urlTemplate":"https:\/\/abelfigueiredo.pa.gov.br\/site\/?s={search_term_string}"},"query-input":{"@type":"PropertyValueSpecification","valueRequired":true,"valueName":"search_term_string"}}],"inLanguage":"pt-BR"}]}},"_links":{"self":[{"href":"https:\/\/abelfigueiredo.pa.gov.br\/site\/wp-json\/wp\/v2\/pages\/19015","targetHints":{"allow":["GET"]}}],"collection":[{"href":"https:\/\/abelfigueiredo.pa.gov.br\/site\/wp-json\/wp\/v2\/pages"}],"about":[{"href":"https:\/\/abelfigueiredo.pa.gov.br\/site\/wp-json\/wp\/v2\/types\/page"}],"author":[{"embeddable":true,"href":"https:\/\/abelfigueiredo.pa.gov.br\/site\/wp-json\/wp\/v2\/users\/26"}],"replies":[{"embeddable":true,"href":"https:\/\/abelfigueiredo.pa.gov.br\/site\/wp-json\/wp\/v2\/comments?post=19015"}],"version-history":[{"count":2,"href":"https:\/\/abelfigueiredo.pa.gov.br\/site\/wp-json\/wp\/v2\/pages\/19015\/revisions"}],"predecessor-version":[{"id":19017,"href":"https:\/\/abelfigueiredo.pa.gov.br\/site\/wp-json\/wp\/v2\/pages\/19015\/revisions\/19017"}],"up":[{"embeddable":true,"href":"https:\/\/abelfigueiredo.pa.gov.br\/site\/wp-json\/wp\/v2\/pages\/1348"}],"wp:attachment":[{"href":"https:\/\/abelfigueiredo.pa.gov.br\/site\/wp-json\/wp\/v2\/media?parent=19015"}],"curies":[{"name":"wp","href":"https:\/\/api.w.org\/{rel}","templated":true}]}}