{"id":1855,"date":"2016-06-17T17:48:30","date_gmt":"2016-06-17T20:48:30","guid":{"rendered":"http:\/\/abelfigueiredo.pa.gov.br\/site\/\/?page_id=1855"},"modified":"2024-07-22T12:28:37","modified_gmt":"2024-07-22T15:28:37","slug":"despesas-com-pessoal","status":"publish","type":"page","link":"https:\/\/abelfigueiredo.pa.gov.br\/site\/portal-da-transparencia\/despesas-com-pessoal\/","title":{"rendered":"Despesas com Pessoal \/ Folhas de Pagamento"},"content":{"rendered":"<h2>Tabela de Remunera\u00e7\u00e3o<\/h2>\n<ul>\n<li><a href=\"https:\/\/abelfigueiredo.pa.gov.br\/site\/wp-content\/uploads\/2023\/07\/LISTAGEM-DE-CARGOS-MAIO.pdf\" target=\"_blank\" rel=\"noopener\" data-saferedirecturl=\"https:\/\/www.google.com\/url?q=https:\/\/abelfigueiredo.pa.gov.br\/site\/wp-content\/uploads\/2023\/07\/LISTAGEM-DE-CARGOS-MAIO.pdf&amp;source=gmail&amp;ust=1713278642528000&amp;usg=AOvVaw1UUdP7uszaA8fc_Ac9Yz5y\">Tabela de Cargos e Sal\u00e1rios de 2023<\/a><\/li>\n<li><a href=\"https:\/\/folha.governotransparente.com.br\/150013101\/foff\/listar-por\/cargos\/202101\" target=\"_blank\" rel=\"noopener\" data-saferedirecturl=\"https:\/\/www.google.com\/url?q=https:\/\/folha.governotransparente.com.br\/150013101\/foff\/listar-por\/cargos\/202101&amp;source=gmail&amp;ust=1713278642528000&amp;usg=AOvVaw2a21zUUg5EENI39TIvUiw8\">Tabela de Cargos e Sal\u00e1rios de 2017-2024<\/a><\/li>\n<\/ul>\n<h2>Folha de Pagamento<\/h2>\n<p><strong>A partir de 2017<\/strong><\/p>\n<ul>\n<li><a href=\"https:\/\/folha.governotransparente.com.br\/150013101\/foff\/listar-por\/funcionariosresumo\/202401\" target=\"_blank\" rel=\"noopener\" data-saferedirecturl=\"https:\/\/www.google.com\/url?q=https:\/\/folha.governotransparente.com.br\/150013101\/foff\/listar-por\/funcionariosresumo\/202401&amp;source=gmail&amp;ust=1721747478894000&amp;usg=AOvVaw1S8kjRCSDDY11ORFhJZbbN\">Clique aqui para acessar<\/a><\/li>\n<\/ul>\n<h2>Estagi\u00e1rios<\/h2>\n<ul>\n<li><a href=\"https:\/\/abelfigueiredo.pa.gov.br\/site\/portal-da-transparencia\/despesas-com-pessoal\/estagiarios\/\">Clique aqui para acessar<\/a><\/li>\n<\/ul>\n<h2>Prestadores de Servi\u00e7os Terceirizados<\/h2>\n<ul>\n<li><a href=\"https:\/\/abelfigueiredo.pa.gov.br\/site\/portal-da-transparencia\/despesas-com-pessoal\/prestadores-de-servicos-terceirizados\/\">Clique aqui para acessar<\/a><\/li>\n<\/ul>\n<h2>Concursos P\u00fablicos e Processos Seletivos<\/h2>\n<ul>\n<li><a href=\"\/site\/portal-da-transparencia\/concursos-e-pss\/\">Clique aqui para acessar<\/a><\/li>\n<\/ul>\n","protected":false},"excerpt":{"rendered":"<p>Tabela de Remunera\u00e7\u00e3o Tabela de Cargos e Sal\u00e1rios de 2023 Tabela de Cargos e Sal\u00e1rios de 2017-2024 Folha de Pagamento A partir de 2017 Clique aqui para acessar Estagi\u00e1rios Clique aqui para acessar Prestadores de Servi\u00e7os Terceirizados Clique aqui para acessar Concursos P\u00fablicos e Processos Seletivos Clique aqui para acessar<\/p>\n","protected":false},"author":1,"featured_media":0,"parent":1862,"menu_order":0,"comment_status":"closed","ping_status":"closed","template":"","meta":{"footnotes":""},"class_list":["post-1855","page","type-page","status-publish"],"yoast_head":"<!-- This site is optimized with the Yoast SEO plugin v26.6 - https:\/\/yoast.com\/wordpress\/plugins\/seo\/ -->\n<title>Despesas com Pessoal \/ Folhas de Pagamento - Prefeitura Municipal de Abel Figueiredo | Gest\u00e3o 2025-2028<\/title>\n<meta name=\"robots\" content=\"index, follow, max-snippet:-1, max-image-preview:large, max-video-preview:-1\" \/>\n<link rel=\"canonical\" href=\"https:\/\/abelfigueiredo.pa.gov.br\/site\/portal-da-transparencia\/despesas-com-pessoal\/\" \/>\n<meta property=\"og:locale\" content=\"pt_BR\" \/>\n<meta property=\"og:type\" content=\"article\" \/>\n<meta property=\"og:title\" content=\"Despesas com Pessoal \/ Folhas de Pagamento - Prefeitura Municipal de Abel Figueiredo | Gest\u00e3o 2025-2028\" \/>\n<meta property=\"og:description\" content=\"Tabela de Remunera\u00e7\u00e3o Tabela de Cargos e Sal\u00e1rios de 2023 Tabela de Cargos e Sal\u00e1rios de 2017-2024 Folha de Pagamento A partir de 2017 Clique aqui para acessar Estagi\u00e1rios Clique aqui para acessar Prestadores de Servi\u00e7os Terceirizados Clique aqui para acessar Concursos P\u00fablicos e Processos Seletivos Clique aqui para acessar\" \/>\n<meta property=\"og:url\" content=\"https:\/\/abelfigueiredo.pa.gov.br\/site\/portal-da-transparencia\/despesas-com-pessoal\/\" \/>\n<meta property=\"og:site_name\" content=\"Prefeitura Municipal de Abel Figueiredo | Gest\u00e3o 2025-2028\" \/>\n<meta property=\"article:modified_time\" content=\"2024-07-22T15:28:37+00:00\" \/>\n<script type=\"application\/ld+json\" class=\"yoast-schema-graph\">{\"@context\":\"https:\/\/schema.org\",\"@graph\":[{\"@type\":\"WebPage\",\"@id\":\"https:\/\/abelfigueiredo.pa.gov.br\/site\/portal-da-transparencia\/despesas-com-pessoal\/\",\"url\":\"https:\/\/abelfigueiredo.pa.gov.br\/site\/portal-da-transparencia\/despesas-com-pessoal\/\",\"name\":\"Despesas com Pessoal \/ Folhas de Pagamento - Prefeitura Municipal de Abel Figueiredo | Gest\u00e3o 2025-2028\",\"isPartOf\":{\"@id\":\"https:\/\/abelfigueiredo.pa.gov.br\/site\/#website\"},\"datePublished\":\"2016-06-17T20:48:30+00:00\",\"dateModified\":\"2024-07-22T15:28:37+00:00\",\"breadcrumb\":{\"@id\":\"https:\/\/abelfigueiredo.pa.gov.br\/site\/portal-da-transparencia\/despesas-com-pessoal\/#breadcrumb\"},\"inLanguage\":\"pt-BR\",\"potentialAction\":[{\"@type\":\"ReadAction\",\"target\":[\"https:\/\/abelfigueiredo.pa.gov.br\/site\/portal-da-transparencia\/despesas-com-pessoal\/\"]}]},{\"@type\":\"BreadcrumbList\",\"@id\":\"https:\/\/abelfigueiredo.pa.gov.br\/site\/portal-da-transparencia\/despesas-com-pessoal\/#breadcrumb\",\"itemListElement\":[{\"@type\":\"ListItem\",\"position\":1,\"name\":\"Portal da Transpar\u00eancia\",\"item\":\"https:\/\/abelfigueiredo.pa.gov.br\/site\/portal-da-transparencia\/\"},{\"@type\":\"ListItem\",\"position\":2,\"name\":\"Despesas com Pessoal \/ Folhas de Pagamento\"}]},{\"@type\":\"WebSite\",\"@id\":\"https:\/\/abelfigueiredo.pa.gov.br\/site\/#website\",\"url\":\"https:\/\/abelfigueiredo.pa.gov.br\/site\/\",\"name\":\"Prefeitura Municipal de Abel Figueiredo | Gest\u00e3o 2025-2028\",\"description\":\"Site oficial da Prefeitura Municipal de Abel Figueiredo\",\"potentialAction\":[{\"@type\":\"SearchAction\",\"target\":{\"@type\":\"EntryPoint\",\"urlTemplate\":\"https:\/\/abelfigueiredo.pa.gov.br\/site\/?s={search_term_string}\"},\"query-input\":{\"@type\":\"PropertyValueSpecification\",\"valueRequired\":true,\"valueName\":\"search_term_string\"}}],\"inLanguage\":\"pt-BR\"}]}<\/script>\n<!-- \/ Yoast SEO plugin. -->","yoast_head_json":{"title":"Despesas com Pessoal \/ Folhas de Pagamento - Prefeitura Municipal de Abel Figueiredo | Gest\u00e3o 2025-2028","robots":{"index":"index","follow":"follow","max-snippet":"max-snippet:-1","max-image-preview":"max-image-preview:large","max-video-preview":"max-video-preview:-1"},"canonical":"https:\/\/abelfigueiredo.pa.gov.br\/site\/portal-da-transparencia\/despesas-com-pessoal\/","og_locale":"pt_BR","og_type":"article","og_title":"Despesas com Pessoal \/ Folhas de Pagamento - Prefeitura Municipal de Abel Figueiredo | Gest\u00e3o 2025-2028","og_description":"Tabela de Remunera\u00e7\u00e3o Tabela de Cargos e Sal\u00e1rios de 2023 Tabela de Cargos e Sal\u00e1rios de 2017-2024 Folha de Pagamento A partir de 2017 Clique aqui para acessar Estagi\u00e1rios Clique aqui para acessar Prestadores de Servi\u00e7os Terceirizados Clique aqui para acessar Concursos P\u00fablicos e Processos Seletivos Clique aqui para acessar","og_url":"https:\/\/abelfigueiredo.pa.gov.br\/site\/portal-da-transparencia\/despesas-com-pessoal\/","og_site_name":"Prefeitura Municipal de Abel Figueiredo | Gest\u00e3o 2025-2028","article_modified_time":"2024-07-22T15:28:37+00:00","schema":{"@context":"https:\/\/schema.org","@graph":[{"@type":"WebPage","@id":"https:\/\/abelfigueiredo.pa.gov.br\/site\/portal-da-transparencia\/despesas-com-pessoal\/","url":"https:\/\/abelfigueiredo.pa.gov.br\/site\/portal-da-transparencia\/despesas-com-pessoal\/","name":"Despesas com Pessoal \/ Folhas de Pagamento - Prefeitura Municipal de Abel Figueiredo | Gest\u00e3o 2025-2028","isPartOf":{"@id":"https:\/\/abelfigueiredo.pa.gov.br\/site\/#website"},"datePublished":"2016-06-17T20:48:30+00:00","dateModified":"2024-07-22T15:28:37+00:00","breadcrumb":{"@id":"https:\/\/abelfigueiredo.pa.gov.br\/site\/portal-da-transparencia\/despesas-com-pessoal\/#breadcrumb"},"inLanguage":"pt-BR","potentialAction":[{"@type":"ReadAction","target":["https:\/\/abelfigueiredo.pa.gov.br\/site\/portal-da-transparencia\/despesas-com-pessoal\/"]}]},{"@type":"BreadcrumbList","@id":"https:\/\/abelfigueiredo.pa.gov.br\/site\/portal-da-transparencia\/despesas-com-pessoal\/#breadcrumb","itemListElement":[{"@type":"ListItem","position":1,"name":"Portal da Transpar\u00eancia","item":"https:\/\/abelfigueiredo.pa.gov.br\/site\/portal-da-transparencia\/"},{"@type":"ListItem","position":2,"name":"Despesas com Pessoal \/ Folhas de Pagamento"}]},{"@type":"WebSite","@id":"https:\/\/abelfigueiredo.pa.gov.br\/site\/#website","url":"https:\/\/abelfigueiredo.pa.gov.br\/site\/","name":"Prefeitura Municipal de Abel Figueiredo | Gest\u00e3o 2025-2028","description":"Site oficial da Prefeitura Municipal de Abel Figueiredo","potentialAction":[{"@type":"SearchAction","target":{"@type":"EntryPoint","urlTemplate":"https:\/\/abelfigueiredo.pa.gov.br\/site\/?s={search_term_string}"},"query-input":{"@type":"PropertyValueSpecification","valueRequired":true,"valueName":"search_term_string"}}],"inLanguage":"pt-BR"}]}},"_links":{"self":[{"href":"https:\/\/abelfigueiredo.pa.gov.br\/site\/wp-json\/wp\/v2\/pages\/1855","targetHints":{"allow":["GET"]}}],"collection":[{"href":"https:\/\/abelfigueiredo.pa.gov.br\/site\/wp-json\/wp\/v2\/pages"}],"about":[{"href":"https:\/\/abelfigueiredo.pa.gov.br\/site\/wp-json\/wp\/v2\/types\/page"}],"author":[{"embeddable":true,"href":"https:\/\/abelfigueiredo.pa.gov.br\/site\/wp-json\/wp\/v2\/users\/1"}],"replies":[{"embeddable":true,"href":"https:\/\/abelfigueiredo.pa.gov.br\/site\/wp-json\/wp\/v2\/comments?post=1855"}],"version-history":[{"count":22,"href":"https:\/\/abelfigueiredo.pa.gov.br\/site\/wp-json\/wp\/v2\/pages\/1855\/revisions"}],"predecessor-version":[{"id":18698,"href":"https:\/\/abelfigueiredo.pa.gov.br\/site\/wp-json\/wp\/v2\/pages\/1855\/revisions\/18698"}],"up":[{"embeddable":true,"href":"https:\/\/abelfigueiredo.pa.gov.br\/site\/wp-json\/wp\/v2\/pages\/1862"}],"wp:attachment":[{"href":"https:\/\/abelfigueiredo.pa.gov.br\/site\/wp-json\/wp\/v2\/media?parent=1855"}],"curies":[{"name":"wp","href":"https:\/\/api.w.org\/{rel}","templated":true}]}}