{"id":18009,"date":"2024-06-05T16:41:21","date_gmt":"2024-06-05T19:41:21","guid":{"rendered":"https:\/\/abelfigueiredo.pa.gov.br\/site\/?page_id=18009"},"modified":"2025-01-03T13:31:46","modified_gmt":"2025-01-03T16:31:46","slug":"prestadores-de-servicos-terceirizados-2024","status":"publish","type":"page","link":"https:\/\/abelfigueiredo.pa.gov.br\/site\/portal-da-transparencia\/despesas-com-pessoal\/prestadores-de-servicos-terceirizados\/prestadores-de-servicos-terceirizados-2024\/","title":{"rendered":"Prestadores de Servi\u00e7os Terceirizados &#8211; 2024"},"content":{"rendered":"<ul>\n<li><a href=\"https:\/\/abelfigueiredo.pa.gov.br\/site\/wp-content\/uploads\/2025\/01\/Declaracoes-prestadores-de-servicos-terceirizados-DEZ-2024.pdf\" target=\"_blank\" rel=\"noopener\">Dezembro<\/a><\/li>\n<li><a href=\"https:\/\/abelfigueiredo.pa.gov.br\/site\/wp-content\/uploads\/2024\/12\/Declaracoes-prestadores-de-servicos-terceirizados-NOV-2024.pdf\" target=\"_blank\" rel=\"noopener\">Novembro<\/a><\/li>\n<li><a href=\"https:\/\/abelfigueiredo.pa.gov.br\/site\/wp-content\/uploads\/2024\/11\/Declaracoes-prestadores-de-servicos-terceirizados-OUT-2024.pdf\" target=\"_blank\" rel=\"noopener\">Outubro<\/a><\/li>\n<li><a href=\"https:\/\/abelfigueiredo.pa.gov.br\/site\/wp-content\/uploads\/2024\/10\/Declaracoes-prestadores-de-servicos-terceirizados-SET-2024.pdf\" target=\"_blank\" rel=\"noopener\">Setembro<\/a><\/li>\n<li><a href=\"https:\/\/abelfigueiredo.pa.gov.br\/site\/wp-content\/uploads\/2024\/09\/Declaracoes-prestadores-de-servicos-terceirizados-AGO-2024.pdf\" target=\"_blank\" rel=\"noopener\">Agosto<\/a><\/li>\n<li><a href=\"https:\/\/abelfigueiredo.pa.gov.br\/site\/wp-content\/uploads\/2024\/08\/Declaracoes-prestadores-de-servicos-terceirizados-Jul-2024.pdf\" target=\"_blank\" rel=\"noopener\">Julho<\/a><\/li>\n<li><a href=\"https:\/\/abelfigueiredo.pa.gov.br\/site\/wp-content\/uploads\/2024\/07\/Declaracoes-prestadores-de-servicos-terceirizados-JUNH-2024.pdf\" target=\"_blank\" rel=\"noopener\">Junho<\/a><\/li>\n<li><a href=\"https:\/\/abelfigueiredo.pa.gov.br\/site\/wp-content\/uploads\/2024\/06\/Declaracoes-prestadores-de-servicos-terceirizados-MAIO-2024.pdf\" target=\"_blank\" rel=\"noopener\">Maio<\/a><\/li>\n<li><a href=\"https:\/\/abelfigueiredo.pa.gov.br\/site\/wp-content\/uploads\/2024\/05\/Declaracoes-prestadores-de-servicos-terceirizados-ABRIL-2024.pdf\" target=\"_blank\" rel=\"noopener\">Abril<\/a><\/li>\n<li><a href=\"https:\/\/abelfigueiredo.pa.gov.br\/site\/wp-content\/uploads\/2024\/04\/Declaracoes-prestadores-de-servicos-terceirizados-MAR-2024-1.pdf\" target=\"_blank\" rel=\"noopener\">Mar\u00e7o<\/a><\/li>\n<li><a href=\"https:\/\/abelfigueiredo.pa.gov.br\/site\/wp-content\/uploads\/2024\/03\/Declaracoes-prestadores-de-servicos-terceirizados-FEV-2024.pdf\" target=\"_blank\" rel=\"noopener\">Fevereiro<\/a><\/li>\n<li><a href=\"https:\/\/abelfigueiredo.pa.gov.br\/site\/wp-content\/uploads\/2024\/03\/Declaracoes-prestadores-de-servicos-terceirizados-JAN-2024.pdf\" target=\"_blank\" rel=\"noopener\">Janeiro<\/a><\/li>\n<\/ul>\n","protected":false},"excerpt":{"rendered":"<p>Dezembro Novembro Outubro Setembro Agosto Julho Junho Maio Abril Mar\u00e7o Fevereiro Janeiro<\/p>\n","protected":false},"author":26,"featured_media":0,"parent":17440,"menu_order":0,"comment_status":"closed","ping_status":"closed","template":"","meta":{"footnotes":""},"class_list":["post-18009","page","type-page","status-publish"],"yoast_head":"<!-- This site is optimized with the Yoast SEO plugin v26.6 - https:\/\/yoast.com\/wordpress\/plugins\/seo\/ -->\n<title>Prestadores de Servi\u00e7os Terceirizados - 2024 - Prefeitura Municipal de Abel Figueiredo | Gest\u00e3o 2025-2028<\/title>\n<meta name=\"robots\" content=\"index, follow, max-snippet:-1, max-image-preview:large, max-video-preview:-1\" \/>\n<link rel=\"canonical\" href=\"https:\/\/abelfigueiredo.pa.gov.br\/site\/portal-da-transparencia\/despesas-com-pessoal\/prestadores-de-servicos-terceirizados\/prestadores-de-servicos-terceirizados-2024\/\" \/>\n<meta property=\"og:locale\" content=\"pt_BR\" \/>\n<meta property=\"og:type\" content=\"article\" \/>\n<meta property=\"og:title\" content=\"Prestadores de Servi\u00e7os Terceirizados - 2024 - Prefeitura Municipal de Abel Figueiredo | Gest\u00e3o 2025-2028\" \/>\n<meta property=\"og:description\" content=\"Dezembro Novembro Outubro Setembro Agosto Julho Junho Maio Abril Mar\u00e7o Fevereiro Janeiro\" \/>\n<meta property=\"og:url\" content=\"https:\/\/abelfigueiredo.pa.gov.br\/site\/portal-da-transparencia\/despesas-com-pessoal\/prestadores-de-servicos-terceirizados\/prestadores-de-servicos-terceirizados-2024\/\" \/>\n<meta property=\"og:site_name\" content=\"Prefeitura Municipal de Abel Figueiredo | Gest\u00e3o 2025-2028\" \/>\n<meta property=\"article:modified_time\" content=\"2025-01-03T16:31:46+00:00\" \/>\n<script type=\"application\/ld+json\" class=\"yoast-schema-graph\">{\"@context\":\"https:\/\/schema.org\",\"@graph\":[{\"@type\":\"WebPage\",\"@id\":\"https:\/\/abelfigueiredo.pa.gov.br\/site\/portal-da-transparencia\/despesas-com-pessoal\/prestadores-de-servicos-terceirizados\/prestadores-de-servicos-terceirizados-2024\/\",\"url\":\"https:\/\/abelfigueiredo.pa.gov.br\/site\/portal-da-transparencia\/despesas-com-pessoal\/prestadores-de-servicos-terceirizados\/prestadores-de-servicos-terceirizados-2024\/\",\"name\":\"Prestadores de Servi\u00e7os Terceirizados - 2024 - Prefeitura Municipal de Abel Figueiredo | Gest\u00e3o 2025-2028\",\"isPartOf\":{\"@id\":\"https:\/\/abelfigueiredo.pa.gov.br\/site\/#website\"},\"datePublished\":\"2024-06-05T19:41:21+00:00\",\"dateModified\":\"2025-01-03T16:31:46+00:00\",\"breadcrumb\":{\"@id\":\"https:\/\/abelfigueiredo.pa.gov.br\/site\/portal-da-transparencia\/despesas-com-pessoal\/prestadores-de-servicos-terceirizados\/prestadores-de-servicos-terceirizados-2024\/#breadcrumb\"},\"inLanguage\":\"pt-BR\",\"potentialAction\":[{\"@type\":\"ReadAction\",\"target\":[\"https:\/\/abelfigueiredo.pa.gov.br\/site\/portal-da-transparencia\/despesas-com-pessoal\/prestadores-de-servicos-terceirizados\/prestadores-de-servicos-terceirizados-2024\/\"]}]},{\"@type\":\"BreadcrumbList\",\"@id\":\"https:\/\/abelfigueiredo.pa.gov.br\/site\/portal-da-transparencia\/despesas-com-pessoal\/prestadores-de-servicos-terceirizados\/prestadores-de-servicos-terceirizados-2024\/#breadcrumb\",\"itemListElement\":[{\"@type\":\"ListItem\",\"position\":1,\"name\":\"Portal da Transpar\u00eancia\",\"item\":\"https:\/\/abelfigueiredo.pa.gov.br\/site\/portal-da-transparencia\/\"},{\"@type\":\"ListItem\",\"position\":2,\"name\":\"Despesas com Pessoal \/ Folhas de Pagamento\",\"item\":\"https:\/\/abelfigueiredo.pa.gov.br\/site\/portal-da-transparencia\/despesas-com-pessoal\/\"},{\"@type\":\"ListItem\",\"position\":3,\"name\":\"Prestadores de Servi\u00e7os Terceirizados\",\"item\":\"https:\/\/abelfigueiredo.pa.gov.br\/site\/portal-da-transparencia\/despesas-com-pessoal\/prestadores-de-servicos-terceirizados\/\"},{\"@type\":\"ListItem\",\"position\":4,\"name\":\"Prestadores de Servi\u00e7os Terceirizados &#8211; 2024\"}]},{\"@type\":\"WebSite\",\"@id\":\"https:\/\/abelfigueiredo.pa.gov.br\/site\/#website\",\"url\":\"https:\/\/abelfigueiredo.pa.gov.br\/site\/\",\"name\":\"Prefeitura Municipal de Abel Figueiredo | Gest\u00e3o 2025-2028\",\"description\":\"Site oficial da Prefeitura Municipal de Abel Figueiredo\",\"potentialAction\":[{\"@type\":\"SearchAction\",\"target\":{\"@type\":\"EntryPoint\",\"urlTemplate\":\"https:\/\/abelfigueiredo.pa.gov.br\/site\/?s={search_term_string}\"},\"query-input\":{\"@type\":\"PropertyValueSpecification\",\"valueRequired\":true,\"valueName\":\"search_term_string\"}}],\"inLanguage\":\"pt-BR\"}]}<\/script>\n<!-- \/ Yoast SEO plugin. -->","yoast_head_json":{"title":"Prestadores de Servi\u00e7os Terceirizados - 2024 - Prefeitura Municipal de Abel Figueiredo | Gest\u00e3o 2025-2028","robots":{"index":"index","follow":"follow","max-snippet":"max-snippet:-1","max-image-preview":"max-image-preview:large","max-video-preview":"max-video-preview:-1"},"canonical":"https:\/\/abelfigueiredo.pa.gov.br\/site\/portal-da-transparencia\/despesas-com-pessoal\/prestadores-de-servicos-terceirizados\/prestadores-de-servicos-terceirizados-2024\/","og_locale":"pt_BR","og_type":"article","og_title":"Prestadores de Servi\u00e7os Terceirizados - 2024 - Prefeitura Municipal de Abel Figueiredo | Gest\u00e3o 2025-2028","og_description":"Dezembro Novembro Outubro Setembro Agosto Julho Junho Maio Abril Mar\u00e7o Fevereiro Janeiro","og_url":"https:\/\/abelfigueiredo.pa.gov.br\/site\/portal-da-transparencia\/despesas-com-pessoal\/prestadores-de-servicos-terceirizados\/prestadores-de-servicos-terceirizados-2024\/","og_site_name":"Prefeitura Municipal de Abel Figueiredo | Gest\u00e3o 2025-2028","article_modified_time":"2025-01-03T16:31:46+00:00","schema":{"@context":"https:\/\/schema.org","@graph":[{"@type":"WebPage","@id":"https:\/\/abelfigueiredo.pa.gov.br\/site\/portal-da-transparencia\/despesas-com-pessoal\/prestadores-de-servicos-terceirizados\/prestadores-de-servicos-terceirizados-2024\/","url":"https:\/\/abelfigueiredo.pa.gov.br\/site\/portal-da-transparencia\/despesas-com-pessoal\/prestadores-de-servicos-terceirizados\/prestadores-de-servicos-terceirizados-2024\/","name":"Prestadores de Servi\u00e7os Terceirizados - 2024 - Prefeitura Municipal de Abel Figueiredo | Gest\u00e3o 2025-2028","isPartOf":{"@id":"https:\/\/abelfigueiredo.pa.gov.br\/site\/#website"},"datePublished":"2024-06-05T19:41:21+00:00","dateModified":"2025-01-03T16:31:46+00:00","breadcrumb":{"@id":"https:\/\/abelfigueiredo.pa.gov.br\/site\/portal-da-transparencia\/despesas-com-pessoal\/prestadores-de-servicos-terceirizados\/prestadores-de-servicos-terceirizados-2024\/#breadcrumb"},"inLanguage":"pt-BR","potentialAction":[{"@type":"ReadAction","target":["https:\/\/abelfigueiredo.pa.gov.br\/site\/portal-da-transparencia\/despesas-com-pessoal\/prestadores-de-servicos-terceirizados\/prestadores-de-servicos-terceirizados-2024\/"]}]},{"@type":"BreadcrumbList","@id":"https:\/\/abelfigueiredo.pa.gov.br\/site\/portal-da-transparencia\/despesas-com-pessoal\/prestadores-de-servicos-terceirizados\/prestadores-de-servicos-terceirizados-2024\/#breadcrumb","itemListElement":[{"@type":"ListItem","position":1,"name":"Portal da Transpar\u00eancia","item":"https:\/\/abelfigueiredo.pa.gov.br\/site\/portal-da-transparencia\/"},{"@type":"ListItem","position":2,"name":"Despesas com Pessoal \/ Folhas de Pagamento","item":"https:\/\/abelfigueiredo.pa.gov.br\/site\/portal-da-transparencia\/despesas-com-pessoal\/"},{"@type":"ListItem","position":3,"name":"Prestadores de Servi\u00e7os Terceirizados","item":"https:\/\/abelfigueiredo.pa.gov.br\/site\/portal-da-transparencia\/despesas-com-pessoal\/prestadores-de-servicos-terceirizados\/"},{"@type":"ListItem","position":4,"name":"Prestadores de Servi\u00e7os Terceirizados &#8211; 2024"}]},{"@type":"WebSite","@id":"https:\/\/abelfigueiredo.pa.gov.br\/site\/#website","url":"https:\/\/abelfigueiredo.pa.gov.br\/site\/","name":"Prefeitura Municipal de Abel Figueiredo | Gest\u00e3o 2025-2028","description":"Site oficial da Prefeitura Municipal de Abel Figueiredo","potentialAction":[{"@type":"SearchAction","target":{"@type":"EntryPoint","urlTemplate":"https:\/\/abelfigueiredo.pa.gov.br\/site\/?s={search_term_string}"},"query-input":{"@type":"PropertyValueSpecification","valueRequired":true,"valueName":"search_term_string"}}],"inLanguage":"pt-BR"}]}},"_links":{"self":[{"href":"https:\/\/abelfigueiredo.pa.gov.br\/site\/wp-json\/wp\/v2\/pages\/18009","targetHints":{"allow":["GET"]}}],"collection":[{"href":"https:\/\/abelfigueiredo.pa.gov.br\/site\/wp-json\/wp\/v2\/pages"}],"about":[{"href":"https:\/\/abelfigueiredo.pa.gov.br\/site\/wp-json\/wp\/v2\/types\/page"}],"author":[{"embeddable":true,"href":"https:\/\/abelfigueiredo.pa.gov.br\/site\/wp-json\/wp\/v2\/users\/26"}],"replies":[{"embeddable":true,"href":"https:\/\/abelfigueiredo.pa.gov.br\/site\/wp-json\/wp\/v2\/comments?post=18009"}],"version-history":[{"count":10,"href":"https:\/\/abelfigueiredo.pa.gov.br\/site\/wp-json\/wp\/v2\/pages\/18009\/revisions"}],"predecessor-version":[{"id":18961,"href":"https:\/\/abelfigueiredo.pa.gov.br\/site\/wp-json\/wp\/v2\/pages\/18009\/revisions\/18961"}],"up":[{"embeddable":true,"href":"https:\/\/abelfigueiredo.pa.gov.br\/site\/wp-json\/wp\/v2\/pages\/17440"}],"wp:attachment":[{"href":"https:\/\/abelfigueiredo.pa.gov.br\/site\/wp-json\/wp\/v2\/media?parent=18009"}],"curies":[{"name":"wp","href":"https:\/\/api.w.org\/{rel}","templated":true}]}}