{"id":17788,"date":"2024-05-07T16:27:47","date_gmt":"2024-05-07T19:27:47","guid":{"rendered":"https:\/\/abelfigueiredo.pa.gov.br\/site\/?page_id=17788"},"modified":"2024-12-11T17:06:01","modified_gmt":"2024-12-11T20:06:01","slug":"obras-paralisadas","status":"publish","type":"page","link":"https:\/\/abelfigueiredo.pa.gov.br\/site\/portal-da-transparencia\/projetos-e-execucao-de-obras-publicas\/obras-paralisadas\/","title":{"rendered":"Obras Paralisadas"},"content":{"rendered":"<h3>2024<\/h3>\n<ul>\n<li><a href=\"https:\/\/abelfigueiredo.pa.gov.br\/site\/wp-content\/uploads\/2024\/12\/DECLARACAO-DE-OBRAS-PARALISADAS-SETEMBRO-2024.pdf\" target=\"_blank\" rel=\"noopener\">Setembro<\/a><\/li>\n<li><a href=\"https:\/\/abelfigueiredo.pa.gov.br\/site\/wp-content\/uploads\/2024\/12\/DECLARACAO-DE-OBRAS-PARALISADAS-AGO-2024.pdf\" target=\"_blank\" rel=\"noopener\">Agosto<\/a><\/li>\n<li><a href=\"https:\/\/abelfigueiredo.pa.gov.br\/site\/wp-content\/uploads\/2024\/08\/DECLARACAO-DE-OBRAS-PARALISADAS-Jul-2024.pdf\" target=\"_blank\" rel=\"noopener\">Julho<\/a><\/li>\n<li><a href=\"https:\/\/abelfigueiredo.pa.gov.br\/site\/wp-content\/uploads\/2024\/07\/DECLARACAO-DE-OBRAS-PARALISADAS-JUNHO-2024.pdf\">Junho<\/a><\/li>\n<li><a href=\"https:\/\/abelfigueiredo.pa.gov.br\/site\/wp-content\/uploads\/2024\/12\/DECLARACAO-DE-OBRAS-PARALISADAS-MAIO-2024.pdf\" target=\"_blank\" rel=\"noopener\">Maio<\/a><\/li>\n<li><a href=\"https:\/\/abelfigueiredo.pa.gov.br\/site\/wp-content\/uploads\/2024\/05\/DECLARACAO-DE-OBRAS-PARALISADAS-ABRIL-2024.pdf\" target=\"_blank\" rel=\"noopener\">Abril<\/a><\/li>\n<li><a href=\"https:\/\/abelfigueiredo.pa.gov.br\/site\/wp-content\/uploads\/2024\/12\/DECLARACAO-DE-OBRAS-PARALISADAS-Marco-2024.pdf\" target=\"_blank\" rel=\"noopener\">Mar\u00e7o<\/a><\/li>\n<li><a href=\"https:\/\/abelfigueiredo.pa.gov.br\/site\/wp-content\/uploads\/2024\/12\/DECLARACAO-DE-OBRAS-PARALISADAS-Fev-2024.pdf\" target=\"_blank\" rel=\"noopener\">Fevereiro<\/a><\/li>\n<li><a href=\"https:\/\/abelfigueiredo.pa.gov.br\/site\/wp-content\/uploads\/2024\/12\/DECLARACAO-DE-OBRAS-PARALISADAS-JAN-2024.pdf\" target=\"_blank\" rel=\"noopener\">Janeiro<\/a><\/li>\n<\/ul>\n","protected":false},"excerpt":{"rendered":"<p>2024 Setembro Agosto Julho Junho Maio Abril Mar\u00e7o Fevereiro Janeiro<\/p>\n","protected":false},"author":26,"featured_media":0,"parent":2121,"menu_order":0,"comment_status":"closed","ping_status":"closed","template":"","meta":{"footnotes":""},"class_list":["post-17788","page","type-page","status-publish"],"yoast_head":"<!-- This site is optimized with the Yoast SEO plugin v26.6 - https:\/\/yoast.com\/wordpress\/plugins\/seo\/ -->\n<title>Obras Paralisadas - Prefeitura Municipal de Abel Figueiredo | Gest\u00e3o 2025-2028<\/title>\n<meta name=\"robots\" content=\"index, follow, max-snippet:-1, max-image-preview:large, max-video-preview:-1\" \/>\n<link rel=\"canonical\" href=\"https:\/\/abelfigueiredo.pa.gov.br\/site\/portal-da-transparencia\/projetos-e-execucao-de-obras-publicas\/obras-paralisadas\/\" \/>\n<meta property=\"og:locale\" content=\"pt_BR\" \/>\n<meta property=\"og:type\" content=\"article\" \/>\n<meta property=\"og:title\" content=\"Obras Paralisadas - Prefeitura Municipal de Abel Figueiredo | Gest\u00e3o 2025-2028\" \/>\n<meta property=\"og:description\" content=\"2024 Setembro Agosto Julho Junho Maio Abril Mar\u00e7o Fevereiro Janeiro\" \/>\n<meta property=\"og:url\" content=\"https:\/\/abelfigueiredo.pa.gov.br\/site\/portal-da-transparencia\/projetos-e-execucao-de-obras-publicas\/obras-paralisadas\/\" \/>\n<meta property=\"og:site_name\" content=\"Prefeitura Municipal de Abel Figueiredo | Gest\u00e3o 2025-2028\" \/>\n<meta property=\"article:modified_time\" content=\"2024-12-11T20:06:01+00:00\" \/>\n<script type=\"application\/ld+json\" class=\"yoast-schema-graph\">{\"@context\":\"https:\/\/schema.org\",\"@graph\":[{\"@type\":\"WebPage\",\"@id\":\"https:\/\/abelfigueiredo.pa.gov.br\/site\/portal-da-transparencia\/projetos-e-execucao-de-obras-publicas\/obras-paralisadas\/\",\"url\":\"https:\/\/abelfigueiredo.pa.gov.br\/site\/portal-da-transparencia\/projetos-e-execucao-de-obras-publicas\/obras-paralisadas\/\",\"name\":\"Obras Paralisadas - Prefeitura Municipal de Abel Figueiredo | Gest\u00e3o 2025-2028\",\"isPartOf\":{\"@id\":\"https:\/\/abelfigueiredo.pa.gov.br\/site\/#website\"},\"datePublished\":\"2024-05-07T19:27:47+00:00\",\"dateModified\":\"2024-12-11T20:06:01+00:00\",\"breadcrumb\":{\"@id\":\"https:\/\/abelfigueiredo.pa.gov.br\/site\/portal-da-transparencia\/projetos-e-execucao-de-obras-publicas\/obras-paralisadas\/#breadcrumb\"},\"inLanguage\":\"pt-BR\",\"potentialAction\":[{\"@type\":\"ReadAction\",\"target\":[\"https:\/\/abelfigueiredo.pa.gov.br\/site\/portal-da-transparencia\/projetos-e-execucao-de-obras-publicas\/obras-paralisadas\/\"]}]},{\"@type\":\"BreadcrumbList\",\"@id\":\"https:\/\/abelfigueiredo.pa.gov.br\/site\/portal-da-transparencia\/projetos-e-execucao-de-obras-publicas\/obras-paralisadas\/#breadcrumb\",\"itemListElement\":[{\"@type\":\"ListItem\",\"position\":1,\"name\":\"Portal da Transpar\u00eancia\",\"item\":\"https:\/\/abelfigueiredo.pa.gov.br\/site\/portal-da-transparencia\/\"},{\"@type\":\"ListItem\",\"position\":2,\"name\":\"Projetos e execu\u00e7\u00e3o de obras p\u00fablicas\",\"item\":\"https:\/\/abelfigueiredo.pa.gov.br\/site\/portal-da-transparencia\/projetos-e-execucao-de-obras-publicas\/\"},{\"@type\":\"ListItem\",\"position\":3,\"name\":\"Obras Paralisadas\"}]},{\"@type\":\"WebSite\",\"@id\":\"https:\/\/abelfigueiredo.pa.gov.br\/site\/#website\",\"url\":\"https:\/\/abelfigueiredo.pa.gov.br\/site\/\",\"name\":\"Prefeitura Municipal de Abel Figueiredo | Gest\u00e3o 2025-2028\",\"description\":\"Site oficial da Prefeitura Municipal de Abel Figueiredo\",\"potentialAction\":[{\"@type\":\"SearchAction\",\"target\":{\"@type\":\"EntryPoint\",\"urlTemplate\":\"https:\/\/abelfigueiredo.pa.gov.br\/site\/?s={search_term_string}\"},\"query-input\":{\"@type\":\"PropertyValueSpecification\",\"valueRequired\":true,\"valueName\":\"search_term_string\"}}],\"inLanguage\":\"pt-BR\"}]}<\/script>\n<!-- \/ Yoast SEO plugin. -->","yoast_head_json":{"title":"Obras Paralisadas - Prefeitura Municipal de Abel Figueiredo | Gest\u00e3o 2025-2028","robots":{"index":"index","follow":"follow","max-snippet":"max-snippet:-1","max-image-preview":"max-image-preview:large","max-video-preview":"max-video-preview:-1"},"canonical":"https:\/\/abelfigueiredo.pa.gov.br\/site\/portal-da-transparencia\/projetos-e-execucao-de-obras-publicas\/obras-paralisadas\/","og_locale":"pt_BR","og_type":"article","og_title":"Obras Paralisadas - Prefeitura Municipal de Abel Figueiredo | Gest\u00e3o 2025-2028","og_description":"2024 Setembro Agosto Julho Junho Maio Abril Mar\u00e7o Fevereiro Janeiro","og_url":"https:\/\/abelfigueiredo.pa.gov.br\/site\/portal-da-transparencia\/projetos-e-execucao-de-obras-publicas\/obras-paralisadas\/","og_site_name":"Prefeitura Municipal de Abel Figueiredo | Gest\u00e3o 2025-2028","article_modified_time":"2024-12-11T20:06:01+00:00","schema":{"@context":"https:\/\/schema.org","@graph":[{"@type":"WebPage","@id":"https:\/\/abelfigueiredo.pa.gov.br\/site\/portal-da-transparencia\/projetos-e-execucao-de-obras-publicas\/obras-paralisadas\/","url":"https:\/\/abelfigueiredo.pa.gov.br\/site\/portal-da-transparencia\/projetos-e-execucao-de-obras-publicas\/obras-paralisadas\/","name":"Obras Paralisadas - Prefeitura Municipal de Abel Figueiredo | Gest\u00e3o 2025-2028","isPartOf":{"@id":"https:\/\/abelfigueiredo.pa.gov.br\/site\/#website"},"datePublished":"2024-05-07T19:27:47+00:00","dateModified":"2024-12-11T20:06:01+00:00","breadcrumb":{"@id":"https:\/\/abelfigueiredo.pa.gov.br\/site\/portal-da-transparencia\/projetos-e-execucao-de-obras-publicas\/obras-paralisadas\/#breadcrumb"},"inLanguage":"pt-BR","potentialAction":[{"@type":"ReadAction","target":["https:\/\/abelfigueiredo.pa.gov.br\/site\/portal-da-transparencia\/projetos-e-execucao-de-obras-publicas\/obras-paralisadas\/"]}]},{"@type":"BreadcrumbList","@id":"https:\/\/abelfigueiredo.pa.gov.br\/site\/portal-da-transparencia\/projetos-e-execucao-de-obras-publicas\/obras-paralisadas\/#breadcrumb","itemListElement":[{"@type":"ListItem","position":1,"name":"Portal da Transpar\u00eancia","item":"https:\/\/abelfigueiredo.pa.gov.br\/site\/portal-da-transparencia\/"},{"@type":"ListItem","position":2,"name":"Projetos e execu\u00e7\u00e3o de obras p\u00fablicas","item":"https:\/\/abelfigueiredo.pa.gov.br\/site\/portal-da-transparencia\/projetos-e-execucao-de-obras-publicas\/"},{"@type":"ListItem","position":3,"name":"Obras Paralisadas"}]},{"@type":"WebSite","@id":"https:\/\/abelfigueiredo.pa.gov.br\/site\/#website","url":"https:\/\/abelfigueiredo.pa.gov.br\/site\/","name":"Prefeitura Municipal de Abel Figueiredo | Gest\u00e3o 2025-2028","description":"Site oficial da Prefeitura Municipal de Abel Figueiredo","potentialAction":[{"@type":"SearchAction","target":{"@type":"EntryPoint","urlTemplate":"https:\/\/abelfigueiredo.pa.gov.br\/site\/?s={search_term_string}"},"query-input":{"@type":"PropertyValueSpecification","valueRequired":true,"valueName":"search_term_string"}}],"inLanguage":"pt-BR"}]}},"_links":{"self":[{"href":"https:\/\/abelfigueiredo.pa.gov.br\/site\/wp-json\/wp\/v2\/pages\/17788","targetHints":{"allow":["GET"]}}],"collection":[{"href":"https:\/\/abelfigueiredo.pa.gov.br\/site\/wp-json\/wp\/v2\/pages"}],"about":[{"href":"https:\/\/abelfigueiredo.pa.gov.br\/site\/wp-json\/wp\/v2\/types\/page"}],"author":[{"embeddable":true,"href":"https:\/\/abelfigueiredo.pa.gov.br\/site\/wp-json\/wp\/v2\/users\/26"}],"replies":[{"embeddable":true,"href":"https:\/\/abelfigueiredo.pa.gov.br\/site\/wp-json\/wp\/v2\/comments?post=17788"}],"version-history":[{"count":6,"href":"https:\/\/abelfigueiredo.pa.gov.br\/site\/wp-json\/wp\/v2\/pages\/17788\/revisions"}],"predecessor-version":[{"id":18938,"href":"https:\/\/abelfigueiredo.pa.gov.br\/site\/wp-json\/wp\/v2\/pages\/17788\/revisions\/18938"}],"up":[{"embeddable":true,"href":"https:\/\/abelfigueiredo.pa.gov.br\/site\/wp-json\/wp\/v2\/pages\/2121"}],"wp:attachment":[{"href":"https:\/\/abelfigueiredo.pa.gov.br\/site\/wp-json\/wp\/v2\/media?parent=17788"}],"curies":[{"name":"wp","href":"https:\/\/api.w.org\/{rel}","templated":true}]}}