{"id":17466,"date":"2024-02-21T12:24:26","date_gmt":"2024-02-21T15:24:26","guid":{"rendered":"https:\/\/abelfigueiredo.pa.gov.br\/site\/?page_id=17466"},"modified":"2024-07-22T14:05:36","modified_gmt":"2024-07-22T17:05:36","slug":"ordem-cronologica-dos-pagamentos","status":"publish","type":"page","link":"https:\/\/abelfigueiredo.pa.gov.br\/site\/ordem-cronologica-dos-pagamentos\/","title":{"rendered":"Ordem Cronol\u00f3gica dos Pagamentos"},"content":{"rendered":"<h4>A partir de junho de 2023<\/h4>\n<ul>\n<li><a href=\"https:\/\/www.governotransparente.com.br\/acessoinfo\/43549486\/consultarpagordemcronologica?inicio=01%2F01%2F2024&amp;fim=22%2F07%2F2024&amp;hist=&amp;valormax=&amp;valormin=&amp;tipo=15&amp;covid=false&amp;orgao=-1&amp;elem=-1&amp;unid=1&amp;ano=7&amp;credor=-1&amp;clean=false&amp;datainfo=MTIwMjQwNzIyMTYzN1BQUA%3D%3D\" target=\"_blank\" rel=\"noopener\" data-saferedirecturl=\"https:\/\/www.google.com\/url?q=https:\/\/www.governotransparente.com.br\/acessoinfo\/43549486\/consultarpagordemcronologica?inicio%3D01%252F01%252F2024%26fim%3D22%252F07%252F2024%26hist%3D%26valormax%3D%26valormin%3D%26tipo%3D15%26covid%3Dfalse%26orgao%3D-1%26elem%3D-1%26unid%3D1%26ano%3D7%26credor%3D-1%26clean%3Dfalse%26datainfo%3DMTIwMjQwNzIyMTYzN1BQUA%253D%253D&amp;source=gmail&amp;ust=1721754041847000&amp;usg=AOvVaw2VTq8px84a2lCF2YH0sma8\">Clique aqui para acessar<\/a><\/li>\n<\/ul>\n<h4>2020 a maio de 2023<\/h4>\n<ul>\n<li><a href=\"https:\/\/abelfigueiredo.pa.gov.br\/site\/wp-content\/uploads\/2024\/02\/DECLARACAO-PAGAMENTOS.pdf\" target=\"_blank\" rel=\"noopener\" data-saferedirecturl=\"https:\/\/www.google.com\/url?q=https:\/\/abelfigueiredo.pa.gov.br\/site\/wp-content\/uploads\/2024\/02\/DECLARACAO-PAGAMENTOS.pdf&amp;source=gmail&amp;ust=1721754041847000&amp;usg=AOvVaw3w_194Pt3o73spHrQSVZ2p\">Declara\u00e7\u00e3o<\/a><\/li>\n<\/ul>\n","protected":false},"excerpt":{"rendered":"<p>A partir de junho de 2023 Clique aqui para acessar 2020 a maio de 2023 Declara\u00e7\u00e3o<\/p>\n","protected":false},"author":1,"featured_media":0,"parent":0,"menu_order":0,"comment_status":"closed","ping_status":"closed","template":"","meta":{"footnotes":""},"class_list":["post-17466","page","type-page","status-publish"],"yoast_head":"<!-- This site is optimized with the Yoast SEO plugin v26.6 - https:\/\/yoast.com\/wordpress\/plugins\/seo\/ -->\n<title>Ordem Cronol\u00f3gica dos Pagamentos - Prefeitura Municipal de Abel Figueiredo | Gest\u00e3o 2025-2028<\/title>\n<meta name=\"robots\" content=\"index, follow, max-snippet:-1, max-image-preview:large, max-video-preview:-1\" \/>\n<link rel=\"canonical\" href=\"https:\/\/abelfigueiredo.pa.gov.br\/site\/ordem-cronologica-dos-pagamentos\/\" \/>\n<meta property=\"og:locale\" content=\"pt_BR\" \/>\n<meta property=\"og:type\" content=\"article\" \/>\n<meta property=\"og:title\" content=\"Ordem Cronol\u00f3gica dos Pagamentos - Prefeitura Municipal de Abel Figueiredo | Gest\u00e3o 2025-2028\" \/>\n<meta property=\"og:description\" content=\"A partir de junho de 2023 Clique aqui para acessar 2020 a maio de 2023 Declara\u00e7\u00e3o\" \/>\n<meta property=\"og:url\" content=\"https:\/\/abelfigueiredo.pa.gov.br\/site\/ordem-cronologica-dos-pagamentos\/\" \/>\n<meta property=\"og:site_name\" content=\"Prefeitura Municipal de Abel Figueiredo | Gest\u00e3o 2025-2028\" \/>\n<meta property=\"article:modified_time\" content=\"2024-07-22T17:05:36+00:00\" \/>\n<script type=\"application\/ld+json\" class=\"yoast-schema-graph\">{\"@context\":\"https:\/\/schema.org\",\"@graph\":[{\"@type\":\"WebPage\",\"@id\":\"https:\/\/abelfigueiredo.pa.gov.br\/site\/ordem-cronologica-dos-pagamentos\/\",\"url\":\"https:\/\/abelfigueiredo.pa.gov.br\/site\/ordem-cronologica-dos-pagamentos\/\",\"name\":\"Ordem Cronol\u00f3gica dos Pagamentos - Prefeitura Municipal de Abel Figueiredo | Gest\u00e3o 2025-2028\",\"isPartOf\":{\"@id\":\"https:\/\/abelfigueiredo.pa.gov.br\/site\/#website\"},\"datePublished\":\"2024-02-21T15:24:26+00:00\",\"dateModified\":\"2024-07-22T17:05:36+00:00\",\"inLanguage\":\"pt-BR\",\"potentialAction\":[{\"@type\":\"ReadAction\",\"target\":[\"https:\/\/abelfigueiredo.pa.gov.br\/site\/ordem-cronologica-dos-pagamentos\/\"]}]},{\"@type\":\"WebSite\",\"@id\":\"https:\/\/abelfigueiredo.pa.gov.br\/site\/#website\",\"url\":\"https:\/\/abelfigueiredo.pa.gov.br\/site\/\",\"name\":\"Prefeitura Municipal de Abel Figueiredo | Gest\u00e3o 2025-2028\",\"description\":\"Site oficial da Prefeitura Municipal de Abel Figueiredo\",\"potentialAction\":[{\"@type\":\"SearchAction\",\"target\":{\"@type\":\"EntryPoint\",\"urlTemplate\":\"https:\/\/abelfigueiredo.pa.gov.br\/site\/?s={search_term_string}\"},\"query-input\":{\"@type\":\"PropertyValueSpecification\",\"valueRequired\":true,\"valueName\":\"search_term_string\"}}],\"inLanguage\":\"pt-BR\"}]}<\/script>\n<!-- \/ Yoast SEO plugin. -->","yoast_head_json":{"title":"Ordem Cronol\u00f3gica dos Pagamentos - Prefeitura Municipal de Abel Figueiredo | Gest\u00e3o 2025-2028","robots":{"index":"index","follow":"follow","max-snippet":"max-snippet:-1","max-image-preview":"max-image-preview:large","max-video-preview":"max-video-preview:-1"},"canonical":"https:\/\/abelfigueiredo.pa.gov.br\/site\/ordem-cronologica-dos-pagamentos\/","og_locale":"pt_BR","og_type":"article","og_title":"Ordem Cronol\u00f3gica dos Pagamentos - Prefeitura Municipal de Abel Figueiredo | Gest\u00e3o 2025-2028","og_description":"A partir de junho de 2023 Clique aqui para acessar 2020 a maio de 2023 Declara\u00e7\u00e3o","og_url":"https:\/\/abelfigueiredo.pa.gov.br\/site\/ordem-cronologica-dos-pagamentos\/","og_site_name":"Prefeitura Municipal de Abel Figueiredo | Gest\u00e3o 2025-2028","article_modified_time":"2024-07-22T17:05:36+00:00","schema":{"@context":"https:\/\/schema.org","@graph":[{"@type":"WebPage","@id":"https:\/\/abelfigueiredo.pa.gov.br\/site\/ordem-cronologica-dos-pagamentos\/","url":"https:\/\/abelfigueiredo.pa.gov.br\/site\/ordem-cronologica-dos-pagamentos\/","name":"Ordem Cronol\u00f3gica dos Pagamentos - Prefeitura Municipal de Abel Figueiredo | Gest\u00e3o 2025-2028","isPartOf":{"@id":"https:\/\/abelfigueiredo.pa.gov.br\/site\/#website"},"datePublished":"2024-02-21T15:24:26+00:00","dateModified":"2024-07-22T17:05:36+00:00","inLanguage":"pt-BR","potentialAction":[{"@type":"ReadAction","target":["https:\/\/abelfigueiredo.pa.gov.br\/site\/ordem-cronologica-dos-pagamentos\/"]}]},{"@type":"WebSite","@id":"https:\/\/abelfigueiredo.pa.gov.br\/site\/#website","url":"https:\/\/abelfigueiredo.pa.gov.br\/site\/","name":"Prefeitura Municipal de Abel Figueiredo | Gest\u00e3o 2025-2028","description":"Site oficial da Prefeitura Municipal de Abel Figueiredo","potentialAction":[{"@type":"SearchAction","target":{"@type":"EntryPoint","urlTemplate":"https:\/\/abelfigueiredo.pa.gov.br\/site\/?s={search_term_string}"},"query-input":{"@type":"PropertyValueSpecification","valueRequired":true,"valueName":"search_term_string"}}],"inLanguage":"pt-BR"}]}},"_links":{"self":[{"href":"https:\/\/abelfigueiredo.pa.gov.br\/site\/wp-json\/wp\/v2\/pages\/17466","targetHints":{"allow":["GET"]}}],"collection":[{"href":"https:\/\/abelfigueiredo.pa.gov.br\/site\/wp-json\/wp\/v2\/pages"}],"about":[{"href":"https:\/\/abelfigueiredo.pa.gov.br\/site\/wp-json\/wp\/v2\/types\/page"}],"author":[{"embeddable":true,"href":"https:\/\/abelfigueiredo.pa.gov.br\/site\/wp-json\/wp\/v2\/users\/1"}],"replies":[{"embeddable":true,"href":"https:\/\/abelfigueiredo.pa.gov.br\/site\/wp-json\/wp\/v2\/comments?post=17466"}],"version-history":[{"count":2,"href":"https:\/\/abelfigueiredo.pa.gov.br\/site\/wp-json\/wp\/v2\/pages\/17466\/revisions"}],"predecessor-version":[{"id":18699,"href":"https:\/\/abelfigueiredo.pa.gov.br\/site\/wp-json\/wp\/v2\/pages\/17466\/revisions\/18699"}],"wp:attachment":[{"href":"https:\/\/abelfigueiredo.pa.gov.br\/site\/wp-json\/wp\/v2\/media?parent=17466"}],"curies":[{"name":"wp","href":"https:\/\/api.w.org\/{rel}","templated":true}]}}