{"id":15795,"date":"2023-08-11T09:33:22","date_gmt":"2023-08-11T12:33:22","guid":{"rendered":"https:\/\/abelfigueiredo.pa.gov.br\/site\/?page_id=15795"},"modified":"2024-02-26T10:47:29","modified_gmt":"2024-02-26T13:47:29","slug":"secretaria-municipal-de-educacao","status":"publish","type":"page","link":"https:\/\/abelfigueiredo.pa.gov.br\/site\/o-governo\/estrutura-organizacional\/secretaria-municipal-de-educacao\/","title":{"rendered":"Secretaria Municipal de Educa\u00e7\u00e3o"},"content":{"rendered":"<p><strong>Respons\u00e1vel:<\/strong> CLAUDIA SOUZA SANTOS<\/p>\n<p><strong>Hor\u00e1rio de Atendimento:<\/strong>\u00a0De 08:00h \u00e0s 14:00h<\/p>\n<p><strong>Endere\u00e7o:<\/strong>\u00a0Rua Jarbas Passarinho, 35<\/p>\n<p><strong>Telefone:<\/strong> (94) 99155-1983<\/p>\n<p><strong>E-mail:<\/strong>\u00a0rafaelefnsc@gmail.com<\/p>\n<p>&nbsp;<\/p>\n<h2>Plano Municipal de Educa\u00e7\u00e3o<\/h2>\n<ul>\n<li><a href=\"https:\/\/abelfigueiredo.pa.gov.br\/site\/portal-da-transparencia\/educacao\/\" rel=\"noopener\">Clique aqui para visualizar<\/a><\/li>\n<\/ul>\n<h2>Compet\u00eancias<\/h2>\n<p>\u00c9 um \u00f3rg\u00e3o ligado diretamente ao Chefe do Poder Executivo Municipal, tendo como \u00e2mbito de a\u00e7\u00e3o o planejamento, a coordena\u00e7\u00e3o, a execu\u00e7\u00e3o e o controle das atividades educacionais referente \u00e0 orienta\u00e7\u00e3o, supervis\u00e3o e administra\u00e7\u00e3o do Sistema de Educa\u00e7\u00e3o.<\/p>\n","protected":false},"excerpt":{"rendered":"<p>Respons\u00e1vel: CLAUDIA SOUZA SANTOS Hor\u00e1rio de Atendimento:\u00a0De 08:00h \u00e0s 14:00h Endere\u00e7o:\u00a0Rua Jarbas Passarinho, 35 Telefone: (94) 99155-1983 E-mail:\u00a0rafaelefnsc@gmail.com &nbsp; Plano Municipal de Educa\u00e7\u00e3o Clique aqui para visualizar Compet\u00eancias \u00c9 um \u00f3rg\u00e3o ligado diretamente ao Chefe do Poder Executivo Municipal, tendo como \u00e2mbito de a\u00e7\u00e3o o planejamento, a coordena\u00e7\u00e3o, a execu\u00e7\u00e3o e o controle das atividades<\/p>\n<div class=\"read-more\"><a href=\"https:\/\/abelfigueiredo.pa.gov.br\/site\/o-governo\/estrutura-organizacional\/secretaria-municipal-de-educacao\/\" title=\"Veja mais\">Veja mais<\/a><\/div>\n","protected":false},"author":25,"featured_media":0,"parent":676,"menu_order":0,"comment_status":"closed","ping_status":"closed","template":"","meta":{"footnotes":""},"class_list":["post-15795","page","type-page","status-publish"],"yoast_head":"<!-- This site is optimized with the Yoast SEO plugin v26.6 - https:\/\/yoast.com\/wordpress\/plugins\/seo\/ -->\n<title>Secretaria Municipal de Educa\u00e7\u00e3o - Prefeitura Municipal de Abel Figueiredo | Gest\u00e3o 2025-2028<\/title>\n<meta name=\"robots\" content=\"index, follow, max-snippet:-1, max-image-preview:large, max-video-preview:-1\" \/>\n<link rel=\"canonical\" href=\"https:\/\/abelfigueiredo.pa.gov.br\/site\/o-governo\/estrutura-organizacional\/secretaria-municipal-de-educacao\/\" \/>\n<meta property=\"og:locale\" content=\"pt_BR\" \/>\n<meta property=\"og:type\" content=\"article\" \/>\n<meta property=\"og:title\" content=\"Secretaria Municipal de Educa\u00e7\u00e3o - Prefeitura Municipal de Abel Figueiredo | Gest\u00e3o 2025-2028\" \/>\n<meta property=\"og:description\" content=\"Respons\u00e1vel: CLAUDIA SOUZA SANTOS Hor\u00e1rio de Atendimento:\u00a0De 08:00h \u00e0s 14:00h Endere\u00e7o:\u00a0Rua Jarbas Passarinho, 35 Telefone: (94) 99155-1983 E-mail:\u00a0rafaelefnsc@gmail.com &nbsp; Plano Municipal de Educa\u00e7\u00e3o Clique aqui para visualizar Compet\u00eancias \u00c9 um \u00f3rg\u00e3o ligado diretamente ao Chefe do Poder Executivo Municipal, tendo como \u00e2mbito de a\u00e7\u00e3o o planejamento, a coordena\u00e7\u00e3o, a execu\u00e7\u00e3o e o controle das atividadesVeja mais\" \/>\n<meta property=\"og:url\" content=\"https:\/\/abelfigueiredo.pa.gov.br\/site\/o-governo\/estrutura-organizacional\/secretaria-municipal-de-educacao\/\" \/>\n<meta property=\"og:site_name\" content=\"Prefeitura Municipal de Abel Figueiredo | Gest\u00e3o 2025-2028\" \/>\n<meta property=\"article:modified_time\" content=\"2024-02-26T13:47:29+00:00\" \/>\n<script type=\"application\/ld+json\" class=\"yoast-schema-graph\">{\"@context\":\"https:\/\/schema.org\",\"@graph\":[{\"@type\":\"WebPage\",\"@id\":\"https:\/\/abelfigueiredo.pa.gov.br\/site\/o-governo\/estrutura-organizacional\/secretaria-municipal-de-educacao\/\",\"url\":\"https:\/\/abelfigueiredo.pa.gov.br\/site\/o-governo\/estrutura-organizacional\/secretaria-municipal-de-educacao\/\",\"name\":\"Secretaria Municipal de Educa\u00e7\u00e3o - Prefeitura Municipal de Abel Figueiredo | Gest\u00e3o 2025-2028\",\"isPartOf\":{\"@id\":\"https:\/\/abelfigueiredo.pa.gov.br\/site\/#website\"},\"datePublished\":\"2023-08-11T12:33:22+00:00\",\"dateModified\":\"2024-02-26T13:47:29+00:00\",\"breadcrumb\":{\"@id\":\"https:\/\/abelfigueiredo.pa.gov.br\/site\/o-governo\/estrutura-organizacional\/secretaria-municipal-de-educacao\/#breadcrumb\"},\"inLanguage\":\"pt-BR\",\"potentialAction\":[{\"@type\":\"ReadAction\",\"target\":[\"https:\/\/abelfigueiredo.pa.gov.br\/site\/o-governo\/estrutura-organizacional\/secretaria-municipal-de-educacao\/\"]}]},{\"@type\":\"BreadcrumbList\",\"@id\":\"https:\/\/abelfigueiredo.pa.gov.br\/site\/o-governo\/estrutura-organizacional\/secretaria-municipal-de-educacao\/#breadcrumb\",\"itemListElement\":[{\"@type\":\"ListItem\",\"position\":1,\"name\":\"O Governo\",\"item\":\"https:\/\/abelfigueiredo.pa.gov.br\/site\/o-governo\/\"},{\"@type\":\"ListItem\",\"position\":2,\"name\":\"Estrutura Organizacional\",\"item\":\"https:\/\/abelfigueiredo.pa.gov.br\/site\/o-governo\/estrutura-organizacional\/\"},{\"@type\":\"ListItem\",\"position\":3,\"name\":\"Secretaria Municipal de Educa\u00e7\u00e3o\"}]},{\"@type\":\"WebSite\",\"@id\":\"https:\/\/abelfigueiredo.pa.gov.br\/site\/#website\",\"url\":\"https:\/\/abelfigueiredo.pa.gov.br\/site\/\",\"name\":\"Prefeitura Municipal de Abel Figueiredo | Gest\u00e3o 2025-2028\",\"description\":\"Site oficial da Prefeitura Municipal de Abel Figueiredo\",\"potentialAction\":[{\"@type\":\"SearchAction\",\"target\":{\"@type\":\"EntryPoint\",\"urlTemplate\":\"https:\/\/abelfigueiredo.pa.gov.br\/site\/?s={search_term_string}\"},\"query-input\":{\"@type\":\"PropertyValueSpecification\",\"valueRequired\":true,\"valueName\":\"search_term_string\"}}],\"inLanguage\":\"pt-BR\"}]}<\/script>\n<!-- \/ Yoast SEO plugin. -->","yoast_head_json":{"title":"Secretaria Municipal de Educa\u00e7\u00e3o - Prefeitura Municipal de Abel Figueiredo | Gest\u00e3o 2025-2028","robots":{"index":"index","follow":"follow","max-snippet":"max-snippet:-1","max-image-preview":"max-image-preview:large","max-video-preview":"max-video-preview:-1"},"canonical":"https:\/\/abelfigueiredo.pa.gov.br\/site\/o-governo\/estrutura-organizacional\/secretaria-municipal-de-educacao\/","og_locale":"pt_BR","og_type":"article","og_title":"Secretaria Municipal de Educa\u00e7\u00e3o - Prefeitura Municipal de Abel Figueiredo | Gest\u00e3o 2025-2028","og_description":"Respons\u00e1vel: CLAUDIA SOUZA SANTOS Hor\u00e1rio de Atendimento:\u00a0De 08:00h \u00e0s 14:00h Endere\u00e7o:\u00a0Rua Jarbas Passarinho, 35 Telefone: (94) 99155-1983 E-mail:\u00a0rafaelefnsc@gmail.com &nbsp; Plano Municipal de Educa\u00e7\u00e3o Clique aqui para visualizar Compet\u00eancias \u00c9 um \u00f3rg\u00e3o ligado diretamente ao Chefe do Poder Executivo Municipal, tendo como \u00e2mbito de a\u00e7\u00e3o o planejamento, a coordena\u00e7\u00e3o, a execu\u00e7\u00e3o e o controle das atividadesVeja mais","og_url":"https:\/\/abelfigueiredo.pa.gov.br\/site\/o-governo\/estrutura-organizacional\/secretaria-municipal-de-educacao\/","og_site_name":"Prefeitura Municipal de Abel Figueiredo | Gest\u00e3o 2025-2028","article_modified_time":"2024-02-26T13:47:29+00:00","schema":{"@context":"https:\/\/schema.org","@graph":[{"@type":"WebPage","@id":"https:\/\/abelfigueiredo.pa.gov.br\/site\/o-governo\/estrutura-organizacional\/secretaria-municipal-de-educacao\/","url":"https:\/\/abelfigueiredo.pa.gov.br\/site\/o-governo\/estrutura-organizacional\/secretaria-municipal-de-educacao\/","name":"Secretaria Municipal de Educa\u00e7\u00e3o - Prefeitura Municipal de Abel Figueiredo | Gest\u00e3o 2025-2028","isPartOf":{"@id":"https:\/\/abelfigueiredo.pa.gov.br\/site\/#website"},"datePublished":"2023-08-11T12:33:22+00:00","dateModified":"2024-02-26T13:47:29+00:00","breadcrumb":{"@id":"https:\/\/abelfigueiredo.pa.gov.br\/site\/o-governo\/estrutura-organizacional\/secretaria-municipal-de-educacao\/#breadcrumb"},"inLanguage":"pt-BR","potentialAction":[{"@type":"ReadAction","target":["https:\/\/abelfigueiredo.pa.gov.br\/site\/o-governo\/estrutura-organizacional\/secretaria-municipal-de-educacao\/"]}]},{"@type":"BreadcrumbList","@id":"https:\/\/abelfigueiredo.pa.gov.br\/site\/o-governo\/estrutura-organizacional\/secretaria-municipal-de-educacao\/#breadcrumb","itemListElement":[{"@type":"ListItem","position":1,"name":"O Governo","item":"https:\/\/abelfigueiredo.pa.gov.br\/site\/o-governo\/"},{"@type":"ListItem","position":2,"name":"Estrutura Organizacional","item":"https:\/\/abelfigueiredo.pa.gov.br\/site\/o-governo\/estrutura-organizacional\/"},{"@type":"ListItem","position":3,"name":"Secretaria Municipal de Educa\u00e7\u00e3o"}]},{"@type":"WebSite","@id":"https:\/\/abelfigueiredo.pa.gov.br\/site\/#website","url":"https:\/\/abelfigueiredo.pa.gov.br\/site\/","name":"Prefeitura Municipal de Abel Figueiredo | Gest\u00e3o 2025-2028","description":"Site oficial da Prefeitura Municipal de Abel Figueiredo","potentialAction":[{"@type":"SearchAction","target":{"@type":"EntryPoint","urlTemplate":"https:\/\/abelfigueiredo.pa.gov.br\/site\/?s={search_term_string}"},"query-input":{"@type":"PropertyValueSpecification","valueRequired":true,"valueName":"search_term_string"}}],"inLanguage":"pt-BR"}]}},"_links":{"self":[{"href":"https:\/\/abelfigueiredo.pa.gov.br\/site\/wp-json\/wp\/v2\/pages\/15795","targetHints":{"allow":["GET"]}}],"collection":[{"href":"https:\/\/abelfigueiredo.pa.gov.br\/site\/wp-json\/wp\/v2\/pages"}],"about":[{"href":"https:\/\/abelfigueiredo.pa.gov.br\/site\/wp-json\/wp\/v2\/types\/page"}],"author":[{"embeddable":true,"href":"https:\/\/abelfigueiredo.pa.gov.br\/site\/wp-json\/wp\/v2\/users\/25"}],"replies":[{"embeddable":true,"href":"https:\/\/abelfigueiredo.pa.gov.br\/site\/wp-json\/wp\/v2\/comments?post=15795"}],"version-history":[{"count":3,"href":"https:\/\/abelfigueiredo.pa.gov.br\/site\/wp-json\/wp\/v2\/pages\/15795\/revisions"}],"predecessor-version":[{"id":17483,"href":"https:\/\/abelfigueiredo.pa.gov.br\/site\/wp-json\/wp\/v2\/pages\/15795\/revisions\/17483"}],"up":[{"embeddable":true,"href":"https:\/\/abelfigueiredo.pa.gov.br\/site\/wp-json\/wp\/v2\/pages\/676"}],"wp:attachment":[{"href":"https:\/\/abelfigueiredo.pa.gov.br\/site\/wp-json\/wp\/v2\/media?parent=15795"}],"curies":[{"name":"wp","href":"https:\/\/api.w.org\/{rel}","templated":true}]}}