{"id":1238,"date":"2022-07-26T00:44:14","date_gmt":"2022-07-26T03:44:14","guid":{"rendered":"http:\/\/www.prefeiturademo.tk\/?page_id=1238"},"modified":"2024-04-29T16:24:21","modified_gmt":"2024-04-29T19:24:21","slug":"sic","status":"publish","type":"page","link":"https:\/\/abelfigueiredo.pa.gov.br\/site\/atendimento\/sic\/","title":{"rendered":"Servi\u00e7o de Informa\u00e7\u00e3o ao Cidad\u00e3o"},"content":{"rendered":"<p>Pedido de Informa\u00e7\u00f5es sobre assuntos referentes a LAI.<\/p>\n<ul>\n<li><b>Setor respons\u00e1vel:\u00a0<\/b>Ouvidoria<\/li>\n<li><strong>Respons\u00e1vel:<\/strong>\u00a0Samire Vieira de Oliveira<\/li>\n<li><strong>Endere\u00e7o:<\/strong>\u00a0Av. Alacid Nunes, 79 \u2013 Centro \u2013 Abel Figueiredo \/ Par\u00e1<\/li>\n<li><strong>Fone:<\/strong>\u00a0(94) 3342-1333<\/li>\n<li><strong>E-mail:<\/strong>\u00a0<a href=\"mailto:sicabelfigueiredo@gmail.com\" target=\"_blank\" rel=\"noopener\">sicabelfigueiredo@<wbr \/>gmail.com<\/a><\/li>\n<li><strong>Hor\u00e1rio de Atendimento:<\/strong>\u00a007:30 \u00e0s 11:30<\/li>\n<li><b>Prazo de resposta:<\/b>\u00a0O prazo m\u00e1ximo de resposta \u00e9 de 20 dias a partir da solicita\u00e7\u00e3o, recursal 10 dias.<\/li>\n<li><a href=\"https:\/\/portal.cr2.co\/ouvidoria\/ouvidoria--servi\u00e7o-de-informa\u00e7\u00e3o-ao-cidad\u00e3o-9?entidade=abel-figueiredo&amp;modulo=Consultar%20Manifesta\u00e7\u00f5es\" target=\"_blank\" rel=\"noopener noreferrer\" data-saferedirecturl=\"https:\/\/www.google.com\/url?q=https:\/\/abelfigueiredo.pa.gov.br\/site\/solicitacoes\/index.php?a%3Dadd%26category%3D1&amp;source=gmail&amp;ust=1695470328137000&amp;usg=AOvVaw3bB2G76hO_7izOZGq4Aevp\">Solicitar informa\u00e7\u00e3o (abre em nova janela)<\/a><\/li>\n<li><a href=\"https:\/\/portal.cr2.co\/ouvidoria\/ouvidoria--servi\u00e7o-de-informa\u00e7\u00e3o-ao-cidad\u00e3o-9?entidade=abel-figueiredo&amp;modulo=Consultar%20Manifesta\u00e7\u00f5es\" target=\"_blank\" rel=\"noopener\">Acompanhar pedido j\u00e1 realizado (a partir de 2024)<\/a><\/li>\n<li><a href=\"https:\/\/abelfigueiredo.pa.gov.br\/site\/solicitacoes\/ticket.php\" target=\"_blank\" rel=\"noopener noreferrer\" data-saferedirecturl=\"https:\/\/www.google.com\/url?q=https:\/\/abelfigueiredo.pa.gov.br\/site\/solicitacoes\/ticket.php&amp;source=gmail&amp;ust=1695470328137000&amp;usg=AOvVaw09cjh-J05_xM5aeuW0ro1b\">Acompanhar pedido j\u00e1 realizado (at\u00e9 2023)<\/a><\/li>\n<li><a href=\"https:\/\/portal.cr2.co\/ouvidoria\/ouvidoria--servi%C3%A7o-de-informa%C3%A7%C3%A3o-ao-cidad%C3%A3o-13?entidade=abel-figueiredo&amp;modulo=Documentos%20e%20Informa%C3%A7%C3%B5es%20sigilosas\" target=\"_blank\" rel=\"noopener\">Documentos e Informa\u00e7\u00f5es sigilosas<\/a><\/li>\n<li><a href=\"https:\/\/abelfigueiredo.pa.gov.br\/site\/portal-da-transparencia\/relatorio-estatistico\/\">Relat\u00f3rio estat\u00edstico do e-SIC<\/a><\/li>\n<li><a href=\"https:\/\/abelfigueiredo.pa.gov.br\/site\/portal-da-transparencia\/regulamentacao-da-lai\/\" target=\"_blank\" rel=\"noopener\" data-saferedirecturl=\"https:\/\/www.google.com\/url?q=https:\/\/abelfigueiredo.pa.gov.br\/site\/portal-da-transparencia\/regulamentacao-da-lai\/&amp;source=gmail&amp;ust=1695470328137000&amp;usg=AOvVaw2ZMFws-G0Vd0QRszzEsp7m\">Regulamenta\u00e7\u00e3o da Lei de Acesso \u00e0 Informa\u00e7\u00e3o<\/a><\/li>\n<\/ul>\n<p><strong>Obs.:<\/strong>\u00a0Para solicitar a informa\u00e7\u00e3o presencialmente,\u00a0<a href=\"\/wp-content\/uploads\/2014\/04\/REQUERIMENTO_LAI.pdf\" target=\"_blank\" rel=\"noopener noreferrer\">imprima aqui o requerimento<\/a>, preencha\u00a0e leve ao local indicado.<\/p>\n","protected":false},"excerpt":{"rendered":"<p>Pedido de Informa\u00e7\u00f5es sobre assuntos referentes a LAI. Setor respons\u00e1vel:\u00a0Ouvidoria Respons\u00e1vel:\u00a0Samire Vieira de Oliveira Endere\u00e7o:\u00a0Av. Alacid Nunes, 79 \u2013 Centro \u2013 Abel Figueiredo \/ Par\u00e1 Fone:\u00a0(94) 3342-1333 E-mail:\u00a0sicabelfigueiredo@gmail.com Hor\u00e1rio de Atendimento:\u00a007:30 \u00e0s 11:30 Prazo de resposta:\u00a0O prazo m\u00e1ximo de resposta \u00e9 de 20 dias a partir da solicita\u00e7\u00e3o, recursal 10 dias. Solicitar informa\u00e7\u00e3o (abre em<\/p>\n<div class=\"read-more\"><a href=\"https:\/\/abelfigueiredo.pa.gov.br\/site\/atendimento\/sic\/\" title=\"Veja mais\">Veja mais<\/a><\/div>\n","protected":false},"author":1,"featured_media":0,"parent":5994,"menu_order":0,"comment_status":"closed","ping_status":"closed","template":"","meta":{"footnotes":""},"class_list":["post-1238","page","type-page","status-publish"],"yoast_head":"<!-- This site is optimized with the Yoast SEO plugin v26.6 - https:\/\/yoast.com\/wordpress\/plugins\/seo\/ -->\n<title>Servi\u00e7o de Informa\u00e7\u00e3o ao Cidad\u00e3o - Prefeitura Municipal de Abel Figueiredo | Gest\u00e3o 2025-2028<\/title>\n<meta name=\"robots\" content=\"index, follow, max-snippet:-1, max-image-preview:large, max-video-preview:-1\" \/>\n<link rel=\"canonical\" href=\"https:\/\/abelfigueiredo.pa.gov.br\/site\/atendimento\/sic\/\" \/>\n<meta property=\"og:locale\" content=\"pt_BR\" \/>\n<meta property=\"og:type\" content=\"article\" \/>\n<meta property=\"og:title\" content=\"Servi\u00e7o de Informa\u00e7\u00e3o ao Cidad\u00e3o - Prefeitura Municipal de Abel Figueiredo | Gest\u00e3o 2025-2028\" \/>\n<meta property=\"og:description\" content=\"Pedido de Informa\u00e7\u00f5es sobre assuntos referentes a LAI. Setor respons\u00e1vel:\u00a0Ouvidoria Respons\u00e1vel:\u00a0Samire Vieira de Oliveira Endere\u00e7o:\u00a0Av. Alacid Nunes, 79 \u2013 Centro \u2013 Abel Figueiredo \/ Par\u00e1 Fone:\u00a0(94) 3342-1333 E-mail:\u00a0sicabelfigueiredo@gmail.com Hor\u00e1rio de Atendimento:\u00a007:30 \u00e0s 11:30 Prazo de resposta:\u00a0O prazo m\u00e1ximo de resposta \u00e9 de 20 dias a partir da solicita\u00e7\u00e3o, recursal 10 dias. Solicitar informa\u00e7\u00e3o (abre emVeja mais\" \/>\n<meta property=\"og:url\" content=\"https:\/\/abelfigueiredo.pa.gov.br\/site\/atendimento\/sic\/\" \/>\n<meta property=\"og:site_name\" content=\"Prefeitura Municipal de Abel Figueiredo | Gest\u00e3o 2025-2028\" \/>\n<meta property=\"article:modified_time\" content=\"2024-04-29T19:24:21+00:00\" \/>\n<meta name=\"twitter:label1\" content=\"Est. tempo de leitura\" \/>\n\t<meta name=\"twitter:data1\" content=\"1 minuto\" \/>\n<script type=\"application\/ld+json\" class=\"yoast-schema-graph\">{\"@context\":\"https:\/\/schema.org\",\"@graph\":[{\"@type\":\"WebPage\",\"@id\":\"https:\/\/abelfigueiredo.pa.gov.br\/site\/atendimento\/sic\/\",\"url\":\"https:\/\/abelfigueiredo.pa.gov.br\/site\/atendimento\/sic\/\",\"name\":\"Servi\u00e7o de Informa\u00e7\u00e3o ao Cidad\u00e3o - Prefeitura Municipal de Abel Figueiredo | Gest\u00e3o 2025-2028\",\"isPartOf\":{\"@id\":\"https:\/\/abelfigueiredo.pa.gov.br\/site\/#website\"},\"datePublished\":\"2022-07-26T03:44:14+00:00\",\"dateModified\":\"2024-04-29T19:24:21+00:00\",\"breadcrumb\":{\"@id\":\"https:\/\/abelfigueiredo.pa.gov.br\/site\/atendimento\/sic\/#breadcrumb\"},\"inLanguage\":\"pt-BR\",\"potentialAction\":[{\"@type\":\"ReadAction\",\"target\":[\"https:\/\/abelfigueiredo.pa.gov.br\/site\/atendimento\/sic\/\"]}]},{\"@type\":\"BreadcrumbList\",\"@id\":\"https:\/\/abelfigueiredo.pa.gov.br\/site\/atendimento\/sic\/#breadcrumb\",\"itemListElement\":[{\"@type\":\"ListItem\",\"position\":1,\"name\":\"Atendimento\",\"item\":\"https:\/\/abelfigueiredo.pa.gov.br\/site\/atendimento\/\"},{\"@type\":\"ListItem\",\"position\":2,\"name\":\"Servi\u00e7o de Informa\u00e7\u00e3o ao Cidad\u00e3o\"}]},{\"@type\":\"WebSite\",\"@id\":\"https:\/\/abelfigueiredo.pa.gov.br\/site\/#website\",\"url\":\"https:\/\/abelfigueiredo.pa.gov.br\/site\/\",\"name\":\"Prefeitura Municipal de Abel Figueiredo | Gest\u00e3o 2025-2028\",\"description\":\"Site oficial da Prefeitura Municipal de Abel Figueiredo\",\"potentialAction\":[{\"@type\":\"SearchAction\",\"target\":{\"@type\":\"EntryPoint\",\"urlTemplate\":\"https:\/\/abelfigueiredo.pa.gov.br\/site\/?s={search_term_string}\"},\"query-input\":{\"@type\":\"PropertyValueSpecification\",\"valueRequired\":true,\"valueName\":\"search_term_string\"}}],\"inLanguage\":\"pt-BR\"}]}<\/script>\n<!-- \/ Yoast SEO plugin. -->","yoast_head_json":{"title":"Servi\u00e7o de Informa\u00e7\u00e3o ao Cidad\u00e3o - Prefeitura Municipal de Abel Figueiredo | Gest\u00e3o 2025-2028","robots":{"index":"index","follow":"follow","max-snippet":"max-snippet:-1","max-image-preview":"max-image-preview:large","max-video-preview":"max-video-preview:-1"},"canonical":"https:\/\/abelfigueiredo.pa.gov.br\/site\/atendimento\/sic\/","og_locale":"pt_BR","og_type":"article","og_title":"Servi\u00e7o de Informa\u00e7\u00e3o ao Cidad\u00e3o - Prefeitura Municipal de Abel Figueiredo | Gest\u00e3o 2025-2028","og_description":"Pedido de Informa\u00e7\u00f5es sobre assuntos referentes a LAI. Setor respons\u00e1vel:\u00a0Ouvidoria Respons\u00e1vel:\u00a0Samire Vieira de Oliveira Endere\u00e7o:\u00a0Av. Alacid Nunes, 79 \u2013 Centro \u2013 Abel Figueiredo \/ Par\u00e1 Fone:\u00a0(94) 3342-1333 E-mail:\u00a0sicabelfigueiredo@gmail.com Hor\u00e1rio de Atendimento:\u00a007:30 \u00e0s 11:30 Prazo de resposta:\u00a0O prazo m\u00e1ximo de resposta \u00e9 de 20 dias a partir da solicita\u00e7\u00e3o, recursal 10 dias. Solicitar informa\u00e7\u00e3o (abre emVeja mais","og_url":"https:\/\/abelfigueiredo.pa.gov.br\/site\/atendimento\/sic\/","og_site_name":"Prefeitura Municipal de Abel Figueiredo | Gest\u00e3o 2025-2028","article_modified_time":"2024-04-29T19:24:21+00:00","twitter_misc":{"Est. tempo de leitura":"1 minuto"},"schema":{"@context":"https:\/\/schema.org","@graph":[{"@type":"WebPage","@id":"https:\/\/abelfigueiredo.pa.gov.br\/site\/atendimento\/sic\/","url":"https:\/\/abelfigueiredo.pa.gov.br\/site\/atendimento\/sic\/","name":"Servi\u00e7o de Informa\u00e7\u00e3o ao Cidad\u00e3o - Prefeitura Municipal de Abel Figueiredo | Gest\u00e3o 2025-2028","isPartOf":{"@id":"https:\/\/abelfigueiredo.pa.gov.br\/site\/#website"},"datePublished":"2022-07-26T03:44:14+00:00","dateModified":"2024-04-29T19:24:21+00:00","breadcrumb":{"@id":"https:\/\/abelfigueiredo.pa.gov.br\/site\/atendimento\/sic\/#breadcrumb"},"inLanguage":"pt-BR","potentialAction":[{"@type":"ReadAction","target":["https:\/\/abelfigueiredo.pa.gov.br\/site\/atendimento\/sic\/"]}]},{"@type":"BreadcrumbList","@id":"https:\/\/abelfigueiredo.pa.gov.br\/site\/atendimento\/sic\/#breadcrumb","itemListElement":[{"@type":"ListItem","position":1,"name":"Atendimento","item":"https:\/\/abelfigueiredo.pa.gov.br\/site\/atendimento\/"},{"@type":"ListItem","position":2,"name":"Servi\u00e7o de Informa\u00e7\u00e3o ao Cidad\u00e3o"}]},{"@type":"WebSite","@id":"https:\/\/abelfigueiredo.pa.gov.br\/site\/#website","url":"https:\/\/abelfigueiredo.pa.gov.br\/site\/","name":"Prefeitura Municipal de Abel Figueiredo | Gest\u00e3o 2025-2028","description":"Site oficial da Prefeitura Municipal de Abel Figueiredo","potentialAction":[{"@type":"SearchAction","target":{"@type":"EntryPoint","urlTemplate":"https:\/\/abelfigueiredo.pa.gov.br\/site\/?s={search_term_string}"},"query-input":{"@type":"PropertyValueSpecification","valueRequired":true,"valueName":"search_term_string"}}],"inLanguage":"pt-BR"}]}},"_links":{"self":[{"href":"https:\/\/abelfigueiredo.pa.gov.br\/site\/wp-json\/wp\/v2\/pages\/1238","targetHints":{"allow":["GET"]}}],"collection":[{"href":"https:\/\/abelfigueiredo.pa.gov.br\/site\/wp-json\/wp\/v2\/pages"}],"about":[{"href":"https:\/\/abelfigueiredo.pa.gov.br\/site\/wp-json\/wp\/v2\/types\/page"}],"author":[{"embeddable":true,"href":"https:\/\/abelfigueiredo.pa.gov.br\/site\/wp-json\/wp\/v2\/users\/1"}],"replies":[{"embeddable":true,"href":"https:\/\/abelfigueiredo.pa.gov.br\/site\/wp-json\/wp\/v2\/comments?post=1238"}],"version-history":[{"count":42,"href":"https:\/\/abelfigueiredo.pa.gov.br\/site\/wp-json\/wp\/v2\/pages\/1238\/revisions"}],"predecessor-version":[{"id":17771,"href":"https:\/\/abelfigueiredo.pa.gov.br\/site\/wp-json\/wp\/v2\/pages\/1238\/revisions\/17771"}],"up":[{"embeddable":true,"href":"https:\/\/abelfigueiredo.pa.gov.br\/site\/wp-json\/wp\/v2\/pages\/5994"}],"wp:attachment":[{"href":"https:\/\/abelfigueiredo.pa.gov.br\/site\/wp-json\/wp\/v2\/media?parent=1238"}],"curies":[{"name":"wp","href":"https:\/\/api.w.org\/{rel}","templated":true}]}}