{"id":1214,"date":"2014-04-11T23:23:24","date_gmt":"2014-04-11T23:23:24","guid":{"rendered":"http:\/\/www.prefeiturademo.tk\/?page_id=1214"},"modified":"2016-06-22T11:15:34","modified_gmt":"2016-06-22T14:15:34","slug":"perguntas-frequentes","status":"publish","type":"page","link":"https:\/\/abelfigueiredo.pa.gov.br\/site\/portal-da-transparencia\/perguntas-frequentes\/","title":{"rendered":"Perguntas Frequentes"},"content":{"rendered":"<p><strong>1 &#8211; Por que o Portal de Transpar\u00eancia foi criado?<\/strong><\/p>\n<p>O Portal foi criado para promover o acesso amplo e objetivo aos dados da aplica\u00e7\u00e3o dos recursos p\u00fablicos municipais. Atrav\u00e9s dele, os cidad\u00e3os podem acompanhar a gest\u00e3o das finan\u00e7as da administra\u00e7\u00e3o. Assim, \u00e9 poss\u00edvel acompanhar a destina\u00e7\u00e3o dos recursos arrecadados, provenientes em grande parte dos impostos pagos pelos contribuintes.<\/p>\n<p><strong>2 &#8211; Quais as informa\u00e7\u00f5es que posso obter no Portal de Transpar\u00eancia?<\/strong><\/p>\n<p>Est\u00e3o dispon\u00edveis para navega\u00e7\u00e3o as se\u00e7\u00f5es de receita, despesa, execu\u00e7\u00e3o or\u00e7ament\u00e1ria e financeira, quadro funcional, folha de pagamento, di\u00e1rias e passagens. As informa\u00e7\u00f5es presentes no portal tratam-se dos n\u00fameros oficiais da Prefeitura, dispostos a fim de ampliar o conte\u00fado j\u00e1 informado de forma agregada nos relat\u00f3rios de cumprimento da Lei de Responsabilidade Fiscal. S\u00e3o fontes de informa\u00e7\u00f5es os sistemas de controle interno, os relat\u00f3rios de gest\u00e3o fiscal e as demonstra\u00e7\u00f5es cont\u00e1beis do munic\u00edpio.<\/p>\n<p><strong>3\u00a0&#8211; Com qual freq\u00fc\u00eancia o Portal de Transpar\u00eancia \u00e9 atualizado?<\/strong><\/p>\n<p>As informa\u00e7\u00f5es referentes a receita e a despesa s\u00e3o atualizadas em tempo real. As informa\u00e7\u00f5es sobre o quadro funcional ser\u00e3o atualizadas semestralmente. As demais informa\u00e7\u00f5es ser\u00e3o divulgadas e atualizadas mensalmente ou bimestralmente, at\u00e9 o \u00faltimo dia \u00fatil do m\u00eas subseq\u00fcente ao de sua compet\u00eancia.<\/p>\n<p><strong>4\u00a0&#8211; Quem pode acessar os dados do Portal da Transpar\u00eancia?<\/strong><\/p>\n<p>Todo cidad\u00e3o pode consultar os dados do Portal da Transpar\u00eancia, acessando o Portal da Transpar\u00eancia da Prefeitura, atrav\u00e9s do endere\u00e7o informado.<\/p>\n<p>N\u00e3o h\u00e1 necessidade de senha ou autoriza\u00e7\u00e3o para acessar utilizar o sistema. O sistema tem acesso amplo e liberado, sem qualquer restri\u00e7\u00e3o para consulta.<\/p>\n<p><strong>5\u00a0&#8211; As informa\u00e7\u00f5es disponibilizadas recebem alguma forma de filtragem ou tratamento?<\/strong><\/p>\n<p>N\u00e3o. As informa\u00e7\u00f5es s\u00e3o disponibilizadas sem qualquer tratamento de dados. N\u00e3o \u00e9 feito qualquer controle de limita\u00e7\u00e3o ou restri\u00e7\u00e3o.<\/p>\n<p><strong>6\u00a0\u2013 O Que \u00e9 a Lei 12.527<\/strong><\/p>\n<p>A lei regulamenta o direito \u00e0 informa\u00e7\u00e3o garantido pela Constitui\u00e7\u00e3o Federal, obrigando \u00f3rg\u00e3os p\u00fablicos a considerar a publicidade com o regra e o sigilo como exce\u00e7\u00e3o. A divulga\u00e7\u00e3o de informa\u00e7\u00f5es de interesse p\u00fablico ganha procedimentos para facilitar e agilizar o acesso por qualquer pessoa, inclusive com o uso da tecnologia da informa\u00e7\u00e3o, e para fomentar o desenvolvimento de uma cultura de transpar\u00eancia e controle social na administra\u00e7\u00e3o p\u00fablica.<\/p>\n<p><strong>7\u00a0&#8211; Quem est\u00e1 sujeito \u00e0 Lei?<\/strong><\/p>\n<p>Na Uni\u00e3o, Estados, Distrito Federal e Munic\u00edpios, devem observar a lei:<\/p>\n<ul>\n<li>Poderes Executivo, Legislativo, incluindo Cortes de Contas , e Judici\u00e1rio e o Minist\u00e9rio P\u00fablico.<\/li>\n<li>Autarquias, funda\u00e7\u00f5es p\u00fablicas, empresas p\u00fablicas, sociedades de economia mista e entidades controladas direta ou indiretamente pelos entes da federa\u00e7\u00e3o.<\/li>\n<li>Entidades privadas sem fins lucrativos que recebam recursos p\u00fablicos.<\/li>\n<\/ul>\n<p><strong>8\u00a0&#8211; O que \u00e9 informa\u00e7\u00e3o p\u00fablica?<\/strong><\/p>\n<p>De modo geral, toda informa\u00e7\u00e3o p\u00fablica est\u00e1 sujeita a publicidade. Isso inclui:<\/p>\n<ul>\n<li>Informa\u00e7\u00e3o produzida ou acumulada por \u00f3rg\u00e3os e entidades p\u00fablicas;<\/li>\n<li>Informa\u00e7\u00e3o produzida ou mantida por pessoa f\u00edsica ou privada decorrente de um v\u00ednculo com \u00f3rg\u00e3os e entidades p\u00fablicas;<\/li>\n<li>Informa\u00e7\u00e3o sobre atividades de \u00f3rg\u00e3os entidades, inclusive relativa \u00e0 sua pol\u00edtica, organiza\u00e7\u00e3o e servi\u00e7os;<\/li>\n<li>Informa\u00e7\u00f5es pertinentes ao patrim\u00f4nio p\u00fablico, utiliza\u00e7\u00e3o de recursos p\u00fablicos, licita\u00e7\u00e3o e contratos administrativos;<\/li>\n<li>Informa\u00e7\u00f5es sobre pol\u00edticas p\u00fablicas, inspe\u00e7\u00f5es, auditorias, presta\u00e7\u00f5es e tomadas de contas.<\/li>\n<\/ul>\n<p><strong>9\u00a0&#8211; Como as informa\u00e7\u00f5es devem ser publicadas?<\/strong><\/p>\n<p>Existem duas formas de publica\u00e7\u00e3o: uma rotineira independente de requerimentos e outra por meio de pedidos de informa\u00e7\u00e3o. Informa\u00e7\u00f5es de relevante interesse p\u00fablico e coletivo produzidas ou mantidas por entidades p\u00fablicas devem ser publicadas independentemente de requerimentos. Nos casos em que n\u00e3o houve publica\u00e7\u00e3o pr\u00e9via, qualquer interessado poder\u00e1 apresentar pedidos de acesso a informa\u00e7\u00f5es aos \u00f3rg\u00e3os p\u00fablicos.<\/p>\n<p>Os \u00f3rg\u00e3os p\u00fablicos devem contar com uma orienta\u00e7\u00e3o ao usu\u00e1rio sobre como acessar a informa\u00e7\u00e3o e disponibilizar dados prim\u00e1rios, integrais, aut\u00eanticos e atualizados. Quando alguma informa\u00e7\u00e3o for sigilosa, est\u00e1 assegurado o acesso com a oculta\u00e7\u00e3o da parte sigilosa.<\/p>\n<p><strong>10 &#8211; Qual a import\u00e2ncia da Lei de Acesso \u00e0 Informa\u00e7\u00e3o?<\/strong><\/p>\n<p>O objetivo da lei \u00e9 a mudan\u00e7a da cultura do sigilo, que existe em algumas institui\u00e7\u00f5es p\u00fablicas. A lei pode ser compreendida como um ato de amadurecimento da democracia brasileira. A informa\u00e7\u00e3o sob a guarda do Estado \u00e9 sempre p\u00fablica, devendo o acesso a ela ser restringido apenas em casos espec\u00edficos. Isto significa que a informa\u00e7\u00e3o produzida, guardada, organizada e gerenciada pelo Estado em nome da sociedade \u00e9 um bem p\u00fablico. O acesso a estes dados, constitui-se em um dos fundamentos para a consolida\u00e7\u00e3o da democracia, fortalecendo o controle social.<\/p>\n<p><strong>11 &#8211; \u00c9 preciso pagar pelas Informa\u00e7\u00f5es??<\/strong><\/p>\n<p>As informa\u00e7\u00f5es de car\u00e1ter geral e disponibilizadas atrav\u00e9s do PORTAL DA TRANSPAR\u00caNCIA, ou via e-mail, s\u00e3o gratuitas. Quando para responder ao questionamento o \u00f3rg\u00e3o tiver necessidade de disponibilizar c\u00f3pias ou outro tipo de material, tal despesa dever\u00e1 ser ressarcida, mediante recolhimento do valor correspondente aos cofres p\u00fablicos. Nesse caso, o respons\u00e1vel pelo Servi\u00e7o de Informa\u00e7\u00f5es ao Cidad\u00e3o &#8211; SIC prestar\u00e1 as informa\u00e7\u00f5es sobre o valor e forma de recolhimento.<\/p>\n","protected":false},"excerpt":{"rendered":"<p>1 &#8211; Por que o Portal de Transpar\u00eancia foi criado? O Portal foi criado para promover o acesso amplo e objetivo aos dados da aplica\u00e7\u00e3o dos recursos p\u00fablicos municipais. Atrav\u00e9s dele, os cidad\u00e3os podem acompanhar a gest\u00e3o das finan\u00e7as da administra\u00e7\u00e3o. Assim, \u00e9 poss\u00edvel acompanhar a destina\u00e7\u00e3o dos recursos arrecadados, provenientes em grande parte dos<\/p>\n<div class=\"read-more\"><a href=\"https:\/\/abelfigueiredo.pa.gov.br\/site\/portal-da-transparencia\/perguntas-frequentes\/\" title=\"Veja mais\">Veja mais<\/a><\/div>\n","protected":false},"author":1,"featured_media":0,"parent":1862,"menu_order":0,"comment_status":"closed","ping_status":"closed","template":"","meta":{"footnotes":""},"class_list":["post-1214","page","type-page","status-publish"],"yoast_head":"<!-- This site is optimized with the Yoast SEO plugin v26.6 - https:\/\/yoast.com\/wordpress\/plugins\/seo\/ -->\n<title>Perguntas Frequentes - Prefeitura Municipal de Abel Figueiredo | Gest\u00e3o 2025-2028<\/title>\n<meta name=\"robots\" content=\"index, follow, max-snippet:-1, max-image-preview:large, max-video-preview:-1\" \/>\n<link rel=\"canonical\" href=\"https:\/\/abelfigueiredo.pa.gov.br\/site\/portal-da-transparencia\/perguntas-frequentes\/\" \/>\n<meta property=\"og:locale\" content=\"pt_BR\" \/>\n<meta property=\"og:type\" content=\"article\" \/>\n<meta property=\"og:title\" content=\"Perguntas Frequentes - Prefeitura Municipal de Abel Figueiredo | Gest\u00e3o 2025-2028\" \/>\n<meta property=\"og:description\" content=\"1 &#8211; Por que o Portal de Transpar\u00eancia foi criado? O Portal foi criado para promover o acesso amplo e objetivo aos dados da aplica\u00e7\u00e3o dos recursos p\u00fablicos municipais. Atrav\u00e9s dele, os cidad\u00e3os podem acompanhar a gest\u00e3o das finan\u00e7as da administra\u00e7\u00e3o. Assim, \u00e9 poss\u00edvel acompanhar a destina\u00e7\u00e3o dos recursos arrecadados, provenientes em grande parte dosVeja mais\" \/>\n<meta property=\"og:url\" content=\"https:\/\/abelfigueiredo.pa.gov.br\/site\/portal-da-transparencia\/perguntas-frequentes\/\" \/>\n<meta property=\"og:site_name\" content=\"Prefeitura Municipal de Abel Figueiredo | Gest\u00e3o 2025-2028\" \/>\n<meta property=\"article:modified_time\" content=\"2016-06-22T14:15:34+00:00\" \/>\n<meta name=\"twitter:label1\" content=\"Est. tempo de leitura\" \/>\n\t<meta name=\"twitter:data1\" content=\"5 minutos\" \/>\n<script type=\"application\/ld+json\" class=\"yoast-schema-graph\">{\"@context\":\"https:\/\/schema.org\",\"@graph\":[{\"@type\":\"WebPage\",\"@id\":\"https:\/\/abelfigueiredo.pa.gov.br\/site\/portal-da-transparencia\/perguntas-frequentes\/\",\"url\":\"https:\/\/abelfigueiredo.pa.gov.br\/site\/portal-da-transparencia\/perguntas-frequentes\/\",\"name\":\"Perguntas Frequentes - Prefeitura Municipal de Abel Figueiredo | Gest\u00e3o 2025-2028\",\"isPartOf\":{\"@id\":\"https:\/\/abelfigueiredo.pa.gov.br\/site\/#website\"},\"datePublished\":\"2014-04-11T23:23:24+00:00\",\"dateModified\":\"2016-06-22T14:15:34+00:00\",\"breadcrumb\":{\"@id\":\"https:\/\/abelfigueiredo.pa.gov.br\/site\/portal-da-transparencia\/perguntas-frequentes\/#breadcrumb\"},\"inLanguage\":\"pt-BR\",\"potentialAction\":[{\"@type\":\"ReadAction\",\"target\":[\"https:\/\/abelfigueiredo.pa.gov.br\/site\/portal-da-transparencia\/perguntas-frequentes\/\"]}]},{\"@type\":\"BreadcrumbList\",\"@id\":\"https:\/\/abelfigueiredo.pa.gov.br\/site\/portal-da-transparencia\/perguntas-frequentes\/#breadcrumb\",\"itemListElement\":[{\"@type\":\"ListItem\",\"position\":1,\"name\":\"Portal da Transpar\u00eancia\",\"item\":\"https:\/\/abelfigueiredo.pa.gov.br\/site\/portal-da-transparencia\/\"},{\"@type\":\"ListItem\",\"position\":2,\"name\":\"Perguntas Frequentes\"}]},{\"@type\":\"WebSite\",\"@id\":\"https:\/\/abelfigueiredo.pa.gov.br\/site\/#website\",\"url\":\"https:\/\/abelfigueiredo.pa.gov.br\/site\/\",\"name\":\"Prefeitura Municipal de Abel Figueiredo | Gest\u00e3o 2025-2028\",\"description\":\"Site oficial da Prefeitura Municipal de Abel Figueiredo\",\"potentialAction\":[{\"@type\":\"SearchAction\",\"target\":{\"@type\":\"EntryPoint\",\"urlTemplate\":\"https:\/\/abelfigueiredo.pa.gov.br\/site\/?s={search_term_string}\"},\"query-input\":{\"@type\":\"PropertyValueSpecification\",\"valueRequired\":true,\"valueName\":\"search_term_string\"}}],\"inLanguage\":\"pt-BR\"}]}<\/script>\n<!-- \/ Yoast SEO plugin. -->","yoast_head_json":{"title":"Perguntas Frequentes - Prefeitura Municipal de Abel Figueiredo | Gest\u00e3o 2025-2028","robots":{"index":"index","follow":"follow","max-snippet":"max-snippet:-1","max-image-preview":"max-image-preview:large","max-video-preview":"max-video-preview:-1"},"canonical":"https:\/\/abelfigueiredo.pa.gov.br\/site\/portal-da-transparencia\/perguntas-frequentes\/","og_locale":"pt_BR","og_type":"article","og_title":"Perguntas Frequentes - Prefeitura Municipal de Abel Figueiredo | Gest\u00e3o 2025-2028","og_description":"1 &#8211; Por que o Portal de Transpar\u00eancia foi criado? O Portal foi criado para promover o acesso amplo e objetivo aos dados da aplica\u00e7\u00e3o dos recursos p\u00fablicos municipais. Atrav\u00e9s dele, os cidad\u00e3os podem acompanhar a gest\u00e3o das finan\u00e7as da administra\u00e7\u00e3o. Assim, \u00e9 poss\u00edvel acompanhar a destina\u00e7\u00e3o dos recursos arrecadados, provenientes em grande parte dosVeja mais","og_url":"https:\/\/abelfigueiredo.pa.gov.br\/site\/portal-da-transparencia\/perguntas-frequentes\/","og_site_name":"Prefeitura Municipal de Abel Figueiredo | Gest\u00e3o 2025-2028","article_modified_time":"2016-06-22T14:15:34+00:00","twitter_misc":{"Est. tempo de leitura":"5 minutos"},"schema":{"@context":"https:\/\/schema.org","@graph":[{"@type":"WebPage","@id":"https:\/\/abelfigueiredo.pa.gov.br\/site\/portal-da-transparencia\/perguntas-frequentes\/","url":"https:\/\/abelfigueiredo.pa.gov.br\/site\/portal-da-transparencia\/perguntas-frequentes\/","name":"Perguntas Frequentes - Prefeitura Municipal de Abel Figueiredo | Gest\u00e3o 2025-2028","isPartOf":{"@id":"https:\/\/abelfigueiredo.pa.gov.br\/site\/#website"},"datePublished":"2014-04-11T23:23:24+00:00","dateModified":"2016-06-22T14:15:34+00:00","breadcrumb":{"@id":"https:\/\/abelfigueiredo.pa.gov.br\/site\/portal-da-transparencia\/perguntas-frequentes\/#breadcrumb"},"inLanguage":"pt-BR","potentialAction":[{"@type":"ReadAction","target":["https:\/\/abelfigueiredo.pa.gov.br\/site\/portal-da-transparencia\/perguntas-frequentes\/"]}]},{"@type":"BreadcrumbList","@id":"https:\/\/abelfigueiredo.pa.gov.br\/site\/portal-da-transparencia\/perguntas-frequentes\/#breadcrumb","itemListElement":[{"@type":"ListItem","position":1,"name":"Portal da Transpar\u00eancia","item":"https:\/\/abelfigueiredo.pa.gov.br\/site\/portal-da-transparencia\/"},{"@type":"ListItem","position":2,"name":"Perguntas Frequentes"}]},{"@type":"WebSite","@id":"https:\/\/abelfigueiredo.pa.gov.br\/site\/#website","url":"https:\/\/abelfigueiredo.pa.gov.br\/site\/","name":"Prefeitura Municipal de Abel Figueiredo | Gest\u00e3o 2025-2028","description":"Site oficial da Prefeitura Municipal de Abel Figueiredo","potentialAction":[{"@type":"SearchAction","target":{"@type":"EntryPoint","urlTemplate":"https:\/\/abelfigueiredo.pa.gov.br\/site\/?s={search_term_string}"},"query-input":{"@type":"PropertyValueSpecification","valueRequired":true,"valueName":"search_term_string"}}],"inLanguage":"pt-BR"}]}},"_links":{"self":[{"href":"https:\/\/abelfigueiredo.pa.gov.br\/site\/wp-json\/wp\/v2\/pages\/1214","targetHints":{"allow":["GET"]}}],"collection":[{"href":"https:\/\/abelfigueiredo.pa.gov.br\/site\/wp-json\/wp\/v2\/pages"}],"about":[{"href":"https:\/\/abelfigueiredo.pa.gov.br\/site\/wp-json\/wp\/v2\/types\/page"}],"author":[{"embeddable":true,"href":"https:\/\/abelfigueiredo.pa.gov.br\/site\/wp-json\/wp\/v2\/users\/1"}],"replies":[{"embeddable":true,"href":"https:\/\/abelfigueiredo.pa.gov.br\/site\/wp-json\/wp\/v2\/comments?post=1214"}],"version-history":[{"count":13,"href":"https:\/\/abelfigueiredo.pa.gov.br\/site\/wp-json\/wp\/v2\/pages\/1214\/revisions"}],"predecessor-version":[{"id":1908,"href":"https:\/\/abelfigueiredo.pa.gov.br\/site\/wp-json\/wp\/v2\/pages\/1214\/revisions\/1908"}],"up":[{"embeddable":true,"href":"https:\/\/abelfigueiredo.pa.gov.br\/site\/wp-json\/wp\/v2\/pages\/1862"}],"wp:attachment":[{"href":"https:\/\/abelfigueiredo.pa.gov.br\/site\/wp-json\/wp\/v2\/media?parent=1214"}],"curies":[{"name":"wp","href":"https:\/\/api.w.org\/{rel}","templated":true}]}}